{"id":6328,"date":"2021-11-14T09:38:51","date_gmt":"2021-11-14T07:38:51","guid":{"rendered":"http:\/\/www.gdansk.baptysci.pl\/?page_id=6328"},"modified":"2023-11-30T18:10:30","modified_gmt":"2023-11-30T16:10:30","slug":"transmisja","status":"publish","type":"page","link":"http:\/\/www.gdansk.baptysci.pl\/index.php\/transmisja\/","title":{"rendered":"Nabo\u017ce\u0144stwo niedzielne | Transmisja na \u017cywo"},"content":{"rendered":"\n<figure class=\"wp-block-image size-large\"><a href=\"http:\/\/www.gdansk.baptysci.pl\/wp-content\/uploads\/2022\/12\/NabozenstwoLIVE_01kopia-scaled.jpg\"><img data-attachment-id=\"19049\" data-permalink=\"http:\/\/www.gdansk.baptysci.pl\/index.php\/transmisja\/nabozenstwolive_01kopia\/\" data-orig-file=\"http:\/\/www.gdansk.baptysci.pl\/wp-content\/uploads\/2022\/12\/NabozenstwoLIVE_01kopia-scaled.jpg\" data-orig-size=\"2560,669\" data-comments-opened=\"1\" data-image-meta=\"{&quot;aperture&quot;:&quot;0&quot;,&quot;credit&quot;:&quot;&quot;,&quot;camera&quot;:&quot;&quot;,&quot;caption&quot;:&quot;&quot;,&quot;created_timestamp&quot;:&quot;1671049189&quot;,&quot;copyright&quot;:&quot;&quot;,&quot;focal_length&quot;:&quot;0&quot;,&quot;iso&quot;:&quot;0&quot;,&quot;shutter_speed&quot;:&quot;0&quot;,&quot;title&quot;:&quot;&quot;,&quot;orientation&quot;:&quot;1&quot;}\" data-image-title=\"NabozenstwoLIVE_01kopia\" data-image-description=\"\" data-image-caption=\"\" data-medium-file=\"http:\/\/www.gdansk.baptysci.pl\/wp-content\/uploads\/2022\/12\/NabozenstwoLIVE_01kopia-300x78.jpg\" data-large-file=\"http:\/\/www.gdansk.baptysci.pl\/wp-content\/uploads\/2022\/12\/NabozenstwoLIVE_01kopia-1024x268.jpg\" decoding=\"async\" loading=\"lazy\" width=\"1024\" height=\"268\" src=\"http:\/\/www.gdansk.baptysci.pl\/wp-content\/uploads\/2022\/12\/NabozenstwoLIVE_01kopia-1024x268.jpg\" alt=\"\" class=\"wp-image-19049\" srcset=\"http:\/\/www.gdansk.baptysci.pl\/wp-content\/uploads\/2022\/12\/NabozenstwoLIVE_01kopia-1024x268.jpg 1024w, http:\/\/www.gdansk.baptysci.pl\/wp-content\/uploads\/2022\/12\/NabozenstwoLIVE_01kopia-300x78.jpg 300w, http:\/\/www.gdansk.baptysci.pl\/wp-content\/uploads\/2022\/12\/NabozenstwoLIVE_01kopia-768x201.jpg 768w, http:\/\/www.gdansk.baptysci.pl\/wp-content\/uploads\/2022\/12\/NabozenstwoLIVE_01kopia-1536x402.jpg 1536w, http:\/\/www.gdansk.baptysci.pl\/wp-content\/uploads\/2022\/12\/NabozenstwoLIVE_01kopia-2048x535.jpg 2048w, http:\/\/www.gdansk.baptysci.pl\/wp-content\/uploads\/2022\/12\/NabozenstwoLIVE_01kopia-1200x314.jpg 1200w\" sizes=\"(max-width: 709px) 85vw, (max-width: 909px) 67vw, (max-width: 1362px) 62vw, 840px\" \/><\/a><\/figure>\n\n\n\n<p class=\"has-text-align-center\">Zapraszamy do spo\u0142eczno\u015bci w Duchu \u015awi\u0119tym i przed Bo\u017cym tronem!<\/p>\n\n\n\n<p class=\"has-text-align-center\">Transmisja dzisiejszego nabo\u017ce\u0144stwa:<\/p>\n\n\n","protected":false},"excerpt":{"rendered":"<p>Zapraszamy do spo\u0142eczno\u015bci w Duchu \u015awi\u0119tym i przed Bo\u017cym tronem! Transmisja dzisiejszego nabo\u017ce\u0144stwa:<\/p>\n","protected":false},"author":4,"featured_media":0,"parent":0,"menu_order":0,"comment_status":"closed","ping_status":"closed","template":"","meta":[],"jetpack_sharing_enabled":true,"_links":{"self":[{"href":"http:\/\/www.gdansk.baptysci.pl\/index.php\/wp-json\/wp\/v2\/pages\/6328"}],"collection":[{"href":"http:\/\/www.gdansk.baptysci.pl\/index.php\/wp-json\/wp\/v2\/pages"}],"about":[{"href":"http:\/\/www.gdansk.baptysci.pl\/index.php\/wp-json\/wp\/v2\/types\/page"}],"author":[{"embeddable":true,"href":"http:\/\/www.gdansk.baptysci.pl\/index.php\/wp-json\/wp\/v2\/users\/4"}],"replies":[{"embeddable":true,"href":"http:\/\/www.gdansk.baptysci.pl\/index.php\/wp-json\/wp\/v2\/comments?post=6328"}],"version-history":[{"count":204,"href":"http:\/\/www.gdansk.baptysci.pl\/index.php\/wp-json\/wp\/v2\/pages\/6328\/revisions"}],"predecessor-version":[{"id":22407,"href":"http:\/\/www.gdansk.baptysci.pl\/index.php\/wp-json\/wp\/v2\/pages\/6328\/revisions\/22407"}],"wp:attachment":[{"href":"http:\/\/www.gdansk.baptysci.pl\/index.php\/wp-json\/wp\/v2\/media?parent=6328"}],"curies":[{"name":"wp","href":"https:\/\/api.w.org\/{rel}","templated":true}]}}