{"id":22289,"date":"2023-05-15T11:26:59","date_gmt":"2023-05-15T09:26:59","guid":{"rendered":"http:\/\/www.gdansk.baptysci.pl\/?page_id=22289"},"modified":"2023-05-15T11:26:59","modified_gmt":"2023-05-15T09:26:59","slug":"rodo","status":"publish","type":"page","link":"http:\/\/www.gdansk.baptysci.pl\/index.php\/rodo\/","title":{"rendered":"RODO"},"content":{"rendered":"\n<p>Informujemy, \u017ce Kancelaria Ko\u015bcio\u0142a Chrze\u015bcijan Baptyst\u00f3w Pierwszy Zb\u00f3r w Gda\u0144sku z siedzib\u0105 w Gda\u0144sku przy ul. D\u0105browskiego 11 jest administratorem danych osobowych na stronie gdansk.baptysci.pl. <br>Dane te s\u0105 przetwarzane w celach kontaktowych i rejestracyjnych. Podawanie danych osobowych jest dobrowolne. Osobie, kt\u00f3rej dane dotycz\u0105, przys\u0142uguje prawo dost\u0119pu do tre\u015bci przetwarzanych danych oraz ich poprawiania, usuwania, prawo ograniczenia przetwarzania danych oraz prawo zg\u0142oszenia sprzeciwu wobec przetwarzania danych w celach marketingowych. W celu realizacji tych praw nale\u017cy skontaktowa\u0107 si\u0119 z Kancelari\u0105 Ko\u015bcio\u0142a pod adresem: kancelaria@gdansk.bapty\u015bci.pl.<br>Osobie, kt\u00f3rej dane dotycz\u0105 przys\u0142uguje prawo wniesienia skargi do organu nadzorczego czyli do Inspektora Ochrony Danych Osobowych Ko\u015bcio\u0142a Chrze\u015bcijan Baptyst\u00f3w w RP. <br>Inspektorem Ochrony Danych jest Gra\u017cyna Sudzi\u0144ska-Amroziewicz, a kontakt mo\u017cliwy jest za po\u015brednictwem poczty elektronicznej na adres:\u00a0ido@baptysci.pl<\/p>\n","protected":false},"excerpt":{"rendered":"<p>Informujemy, \u017ce Kancelaria Ko\u015bcio\u0142a Chrze\u015bcijan Baptyst\u00f3w Pierwszy Zb\u00f3r w Gda\u0144sku z siedzib\u0105 w Gda\u0144sku przy ul. D\u0105browskiego 11 jest administratorem danych osobowych na stronie gdansk.baptysci.pl. Dane te s\u0105 przetwarzane w celach kontaktowych i rejestracyjnych. Podawanie danych osobowych jest dobrowolne. Osobie, kt\u00f3rej dane dotycz\u0105, przys\u0142uguje prawo dost\u0119pu do tre\u015bci przetwarzanych danych oraz ich poprawiania, usuwania, prawo &hellip; <a href=\"http:\/\/www.gdansk.baptysci.pl\/index.php\/rodo\/\" class=\"more-link\">Czytaj dalej<span class=\"screen-reader-text\"> \u201eRODO\u201d<\/span><\/a><\/p>\n","protected":false},"author":33,"featured_media":0,"parent":0,"menu_order":0,"comment_status":"closed","ping_status":"closed","template":"","meta":[],"jetpack_sharing_enabled":true,"_links":{"self":[{"href":"http:\/\/www.gdansk.baptysci.pl\/index.php\/wp-json\/wp\/v2\/pages\/22289"}],"collection":[{"href":"http:\/\/www.gdansk.baptysci.pl\/index.php\/wp-json\/wp\/v2\/pages"}],"about":[{"href":"http:\/\/www.gdansk.baptysci.pl\/index.php\/wp-json\/wp\/v2\/types\/page"}],"author":[{"embeddable":true,"href":"http:\/\/www.gdansk.baptysci.pl\/index.php\/wp-json\/wp\/v2\/users\/33"}],"replies":[{"embeddable":true,"href":"http:\/\/www.gdansk.baptysci.pl\/index.php\/wp-json\/wp\/v2\/comments?post=22289"}],"version-history":[{"count":1,"href":"http:\/\/www.gdansk.baptysci.pl\/index.php\/wp-json\/wp\/v2\/pages\/22289\/revisions"}],"predecessor-version":[{"id":22290,"href":"http:\/\/www.gdansk.baptysci.pl\/index.php\/wp-json\/wp\/v2\/pages\/22289\/revisions\/22290"}],"wp:attachment":[{"href":"http:\/\/www.gdansk.baptysci.pl\/index.php\/wp-json\/wp\/v2\/media?parent=22289"}],"curies":[{"name":"wp","href":"https:\/\/api.w.org\/{rel}","templated":true}]}}