{"id":21678,"date":"2009-06-14T15:54:00","date_gmt":"2009-06-14T13:54:00","guid":{"rendered":"http:\/\/www.gdansk.baptysci.pl\/?page_id=21678"},"modified":"2023-02-18T17:52:08","modified_gmt":"2023-02-18T15:52:08","slug":"weekend-zborowy-zdzislaw-miara","status":"publish","type":"page","link":"http:\/\/www.gdansk.baptysci.pl\/index.php\/weekend-zborowy-zdzislaw-miara\/","title":{"rendered":"Weekend Zborowy &#8211; Zdzis\u0142aw Miara"},"content":{"rendered":"\n<p><a href=\"http:\/\/www.gdansk.baptysci.pl\/index.php\/konferencje\/\" data-type=\"URL\" data-id=\"http:\/\/www.gdansk.baptysci.pl\/index.php\/konferencje\/\">&lt;&lt;Konferencje i wyk\u0142ady<\/a><\/p>\n\n\n\n<p class=\"has-text-align-center\">2009.06.13-14<\/p>\n\n\n\n<hr class=\"wp-block-separator has-alpha-channel-opacity is-style-dots\"\/>\n\n\n\n<div class=\"is-layout-flex wp-container-3 wp-block-columns\">\n<div class=\"is-layout-flow wp-block-column\" style=\"flex-basis:33.33%\">\n<figure class=\"wp-block-image size-medium\"><a href=\"http:\/\/www.gdansk.baptysci.pl\/wp-content\/uploads\/2016\/01\/zdzis\u0142aw-miara.jpg\"><img data-attachment-id=\"21687\" data-permalink=\"http:\/\/www.gdansk.baptysci.pl\/zdzislaw-miara-2\/\" data-orig-file=\"http:\/\/www.gdansk.baptysci.pl\/wp-content\/uploads\/2023\/02\/zdzislaw-miara-edited.jpg\" data-orig-size=\"209,314\" data-comments-opened=\"1\" data-image-meta=\"{&quot;aperture&quot;:&quot;0&quot;,&quot;credit&quot;:&quot;&quot;,&quot;camera&quot;:&quot;&quot;,&quot;caption&quot;:&quot;&quot;,&quot;created_timestamp&quot;:&quot;0&quot;,&quot;copyright&quot;:&quot;&quot;,&quot;focal_length&quot;:&quot;0&quot;,&quot;iso&quot;:&quot;0&quot;,&quot;shutter_speed&quot;:&quot;0&quot;,&quot;title&quot;:&quot;&quot;,&quot;orientation&quot;:&quot;0&quot;}\" data-image-title=\"zdzis\u0142aw miara\" data-image-description=\"\" data-image-caption=\"\" data-medium-file=\"http:\/\/www.gdansk.baptysci.pl\/wp-content\/uploads\/2023\/02\/zdzislaw-miara-edited-200x300.jpg\" data-large-file=\"http:\/\/www.gdansk.baptysci.pl\/wp-content\/uploads\/2023\/02\/zdzislaw-miara-edited.jpg\" decoding=\"async\" loading=\"lazy\" width=\"200\" height=\"300\" src=\"http:\/\/www.gdansk.baptysci.pl\/wp-content\/uploads\/2023\/02\/zdzislaw-miara-edited-200x300.jpg\" alt=\"\" class=\"wp-image-21687\" srcset=\"http:\/\/www.gdansk.baptysci.pl\/wp-content\/uploads\/2023\/02\/zdzislaw-miara-edited-200x300.jpg 200w, http:\/\/www.gdansk.baptysci.pl\/wp-content\/uploads\/2023\/02\/zdzislaw-miara-edited.jpg 209w\" sizes=\"(max-width: 200px) 85vw, 200px\" \/><\/a><\/figure>\n<\/div>\n\n\n\n<div class=\"is-layout-flow wp-block-column\" style=\"flex-basis:100%\">\n<p>Wyk\u0142ad 1 &#8211; D\u0142ug: niepo\u017c\u0105dane brzemi\u0119<\/p>\n\n\n\n<figure class=\"wp-block-audio\"><audio controls src=\"https:\/\/onedrive.live.com\/download?cid=DEE334F5CF11DD5D&amp;resid=DEE334F5CF11DD5D%21636&amp;authkey=AP-2Jq4aMtcwxlA\"><\/audio><\/figure>\n\n\n\n<hr class=\"wp-block-separator has-alpha-channel-opacity\"\/>\n\n\n\n<p>Wyk\u0142ad 2 &#8211; Droga do wolno\u015bci finansowej<\/p>\n\n\n\n<figure class=\"wp-block-audio\"><audio controls src=\"https:\/\/onedrive.live.com\/download?cid=DEE334F5CF11DD5D&amp;resid=DEE334F5CF11DD5D%21637&amp;authkey=AMf3SXpDHoreR94\"><\/audio><\/figure>\n\n\n\n<hr class=\"wp-block-separator has-alpha-channel-opacity\"\/>\n\n\n\n<p>Wyk\u0142ad 3 &#8211; Dawanie: praktyczna mi\u0142o\u015b\u0107 bli\u017aniego<\/p>\n\n\n\n<figure class=\"wp-block-audio\"><audio controls src=\"https:\/\/onedrive.live.com\/download?cid=DEE334F5CF11DD5D&amp;resid=DEE334F5CF11DD5D%21638&amp;authkey=AIkSsDIcqmeKdV0\"><\/audio><\/figure>\n\n\n\n<hr class=\"wp-block-separator has-alpha-channel-opacity\"\/>\n\n\n\n<p>Wyk\u0142ad 4 &#8211; S\u0142u\u017cenie: praktyczna mi\u0142o\u015b\u0107 bli\u017aniego<\/p>\n\n\n\n<figure class=\"wp-block-audio\"><audio controls src=\"https:\/\/onedrive.live.com\/download?cid=DEE334F5CF11DD5D&amp;resid=DEE334F5CF11DD5D%21635&amp;authkey=AHUZQKk7r7ffRh4\"><\/audio><\/figure>\n<\/div>\n<\/div>\n","protected":false},"excerpt":{"rendered":"<p>&lt;&lt;Konferencje i wyk\u0142ady 2009.06.13-14 Wyk\u0142ad 1 &#8211; D\u0142ug: niepo\u017c\u0105dane brzemi\u0119 Wyk\u0142ad 2 &#8211; Droga do wolno\u015bci finansowej Wyk\u0142ad 3 &#8211; Dawanie: praktyczna mi\u0142o\u015b\u0107 bli\u017aniego Wyk\u0142ad 4 &#8211; S\u0142u\u017cenie: praktyczna mi\u0142o\u015b\u0107 bli\u017aniego<\/p>\n","protected":false},"author":33,"featured_media":0,"parent":0,"menu_order":0,"comment_status":"closed","ping_status":"closed","template":"","meta":[],"jetpack_sharing_enabled":true,"_links":{"self":[{"href":"http:\/\/www.gdansk.baptysci.pl\/index.php\/wp-json\/wp\/v2\/pages\/21678"}],"collection":[{"href":"http:\/\/www.gdansk.baptysci.pl\/index.php\/wp-json\/wp\/v2\/pages"}],"about":[{"href":"http:\/\/www.gdansk.baptysci.pl\/index.php\/wp-json\/wp\/v2\/types\/page"}],"author":[{"embeddable":true,"href":"http:\/\/www.gdansk.baptysci.pl\/index.php\/wp-json\/wp\/v2\/users\/33"}],"replies":[{"embeddable":true,"href":"http:\/\/www.gdansk.baptysci.pl\/index.php\/wp-json\/wp\/v2\/comments?post=21678"}],"version-history":[{"count":1,"href":"http:\/\/www.gdansk.baptysci.pl\/index.php\/wp-json\/wp\/v2\/pages\/21678\/revisions"}],"predecessor-version":[{"id":21691,"href":"http:\/\/www.gdansk.baptysci.pl\/index.php\/wp-json\/wp\/v2\/pages\/21678\/revisions\/21691"}],"wp:attachment":[{"href":"http:\/\/www.gdansk.baptysci.pl\/index.php\/wp-json\/wp\/v2\/media?parent=21678"}],"curies":[{"name":"wp","href":"https:\/\/api.w.org\/{rel}","templated":true}]}}