{"id":21443,"date":"2014-01-24T14:12:00","date_gmt":"2014-01-24T12:12:00","guid":{"rendered":"http:\/\/www.gdansk.baptysci.pl\/?page_id=21443"},"modified":"2023-02-16T22:15:52","modified_gmt":"2023-02-16T20:15:52","slug":"oboz-zimowy","status":"publish","type":"page","link":"http:\/\/www.gdansk.baptysci.pl\/index.php\/oboz-zimowy\/","title":{"rendered":"Ob\u00f3z zimowy"},"content":{"rendered":"\n<p><a href=\"http:\/\/www.gdansk.baptysci.pl\/index.php\/konferencje\/\" data-type=\"URL\" data-id=\"http:\/\/www.gdansk.baptysci.pl\/index.php\/konferencje\/\">&lt;&lt;Konferencje i wyk\u0142ady<\/a><\/p>\n\n\n\n<p class=\"has-text-align-center\">2014.01.20-24<\/p>\n\n\n\n<hr class=\"wp-block-separator has-alpha-channel-opacity is-style-dots\"\/>\n\n\n\n<div class=\"is-layout-flex wp-container-3 wp-block-columns\">\n<div class=\"is-layout-flow wp-block-column\" style=\"flex-basis:33.33%\">\n<figure class=\"wp-block-image\"><img alt=\"\"\/><\/figure>\n<\/div>\n\n\n\n<div class=\"is-layout-flow wp-block-column\" style=\"flex-basis:100%\">\n<p>Wyk\u0142ad 1 &#8211; Jan Osiecki &#8211; Kim jest dobry Bo\u017cy \u017bo\u0142nierz?<\/p>\n\n\n\n<p>2Tymoteusza 1:1-5<\/p>\n\n\n\n<figure class=\"wp-block-audio\"><audio controls src=\"https:\/\/onedrive.live.com\/download?cid=DEE334F5CF11DD5D&amp;resid=DEE334F5CF11DD5D%211052&amp;authkey=AKVJv4jN8z0a3CE\"><\/audio><\/figure>\n<\/div>\n<\/div>\n\n\n\n<hr class=\"wp-block-separator has-alpha-channel-opacity\"\/>\n\n\n\n<div class=\"is-layout-flex wp-container-6 wp-block-columns\">\n<div class=\"is-layout-flow wp-block-column\" style=\"flex-basis:33.33%\"><\/div>\n\n\n\n<div class=\"is-layout-flow wp-block-column\" style=\"flex-basis:100%\">\n<p>Wyk\u0142ad 2 -Piotr Iwaniuk &#8211; Chrze\u015bcija\u0144ska zbroja, cz. 1<\/p>\n\n\n\n<p>Efezjan 6:10-17 <\/p>\n\n\n\n<figure class=\"wp-block-audio\"><audio controls src=\"https:\/\/onedrive.live.com\/download?cid=DEE334F5CF11DD5D&amp;resid=DEE334F5CF11DD5D%211053&amp;authkey=AB-JvhWLElW6aAU\"><\/audio><\/figure>\n<\/div>\n<\/div>\n\n\n\n<hr class=\"wp-block-separator has-alpha-channel-opacity\"\/>\n\n\n\n<div class=\"is-layout-flex wp-container-9 wp-block-columns\">\n<div class=\"is-layout-flow wp-block-column\" style=\"flex-basis:33.33%\">\n<figure class=\"wp-block-image\"><img alt=\"\"\/><\/figure>\n<\/div>\n\n\n\n<div class=\"is-layout-flow wp-block-column\" style=\"flex-basis:100%\">\n<p>Wyk\u0142ad 3 &#8211; Piotr Iwaniuk &#8211; Chrze\u015bcija\u0144ska zbroja, cz. 2<\/p>\n\n\n\n<p>Efezjan 6:10-17 <\/p>\n\n\n\n<figure class=\"wp-block-audio\"><audio controls src=\"https:\/\/onedrive.live.com\/download?cid=DEE334F5CF11DD5D&amp;resid=DEE334F5CF11DD5D%211054&amp;authkey=ACuHfPsCxpW6oKc\"><\/audio><\/figure>\n<\/div>\n<\/div>\n\n\n\n<hr class=\"wp-block-separator has-alpha-channel-opacity\"\/>\n\n\n\n<div class=\"is-layout-flex wp-container-12 wp-block-columns\">\n<div class=\"is-layout-flow wp-block-column\" style=\"flex-basis:33.33%\">\n<figure class=\"wp-block-image size-medium\"><a href=\"http:\/\/www.gdansk.baptysci.pl\/wp-content\/uploads\/2023\/02\/Robert-Miksa-wigilijka-edited.jpg\"><img data-attachment-id=\"20218\" data-permalink=\"http:\/\/www.gdansk.baptysci.pl\/robert-miksa-wigilijka-2\/\" data-orig-file=\"http:\/\/www.gdansk.baptysci.pl\/wp-content\/uploads\/2023\/02\/Robert-Miksa-wigilijka-edited.jpg\" data-orig-size=\"611,917\" data-comments-opened=\"1\" data-image-meta=\"{&quot;aperture&quot;:&quot;1.8&quot;,&quot;credit&quot;:&quot;Robert Miksa&quot;,&quot;camera&quot;:&quot;NIKON D7000&quot;,&quot;caption&quot;:&quot;&quot;,&quot;created_timestamp&quot;:&quot;1449944234&quot;,&quot;copyright&quot;:&quot;Robert Miksa&quot;,&quot;focal_length&quot;:&quot;50&quot;,&quot;iso&quot;:&quot;1600&quot;,&quot;shutter_speed&quot;:&quot;0.008&quot;,&quot;title&quot;:&quot;&quot;,&quot;orientation&quot;:&quot;1&quot;}\" data-image-title=\"Robert Miksa wigilijka\" data-image-description=\"\" data-image-caption=\"\" data-medium-file=\"http:\/\/www.gdansk.baptysci.pl\/wp-content\/uploads\/2023\/02\/Robert-Miksa-wigilijka-edited-200x300.jpg\" data-large-file=\"http:\/\/www.gdansk.baptysci.pl\/wp-content\/uploads\/2023\/02\/Robert-Miksa-wigilijka-edited.jpg\" decoding=\"async\" loading=\"lazy\" width=\"200\" height=\"300\" src=\"http:\/\/www.gdansk.baptysci.pl\/wp-content\/uploads\/2023\/02\/Robert-Miksa-wigilijka-edited-200x300.jpg\" alt=\"\" class=\"wp-image-20218\" srcset=\"http:\/\/www.gdansk.baptysci.pl\/wp-content\/uploads\/2023\/02\/Robert-Miksa-wigilijka-edited-200x300.jpg 200w, http:\/\/www.gdansk.baptysci.pl\/wp-content\/uploads\/2023\/02\/Robert-Miksa-wigilijka-edited.jpg 611w\" sizes=\"(max-width: 200px) 85vw, 200px\" \/><\/a><\/figure>\n<\/div>\n\n\n\n<div class=\"is-layout-flow wp-block-column\" style=\"flex-basis:100%\">\n<p>Wyk\u0142ad 4 &#8211; Robert Miksa &#8211; Walka duchowa<\/p>\n\n\n\n<p>2Tesaloniczan 2:1-15<\/p>\n\n\n\n<figure class=\"wp-block-audio\"><audio controls src=\"https:\/\/onedrive.live.com\/download?cid=DEE334F5CF11DD5D&amp;resid=DEE334F5CF11DD5D%211055&amp;authkey=AJHNXLLQZYQucYw\"><\/audio><\/figure>\n<\/div>\n<\/div>\n\n\n\n<hr class=\"wp-block-separator has-alpha-channel-opacity\"\/>\n\n\n\n<div class=\"is-layout-flex wp-container-15 wp-block-columns\">\n<div class=\"is-layout-flow wp-block-column\" style=\"flex-basis:33.33%\">\n<figure class=\"wp-block-image size-medium\"><a href=\"http:\/\/www.gdansk.baptysci.pl\/wp-content\/uploads\/2023\/02\/Staszek-Sylwestrowicz-edited.png\"><img data-attachment-id=\"21160\" data-permalink=\"http:\/\/www.gdansk.baptysci.pl\/staszek-sylwestrowicz-2\/\" data-orig-file=\"http:\/\/www.gdansk.baptysci.pl\/wp-content\/uploads\/2023\/02\/Staszek-Sylwestrowicz-edited.png\" data-orig-size=\"465,698\" data-comments-opened=\"1\" data-image-meta=\"{&quot;aperture&quot;:&quot;0&quot;,&quot;credit&quot;:&quot;&quot;,&quot;camera&quot;:&quot;&quot;,&quot;caption&quot;:&quot;&quot;,&quot;created_timestamp&quot;:&quot;0&quot;,&quot;copyright&quot;:&quot;&quot;,&quot;focal_length&quot;:&quot;0&quot;,&quot;iso&quot;:&quot;0&quot;,&quot;shutter_speed&quot;:&quot;0&quot;,&quot;title&quot;:&quot;&quot;,&quot;orientation&quot;:&quot;0&quot;}\" data-image-title=\"Staszek Sylwestrowicz\" data-image-description=\"\" data-image-caption=\"\" data-medium-file=\"http:\/\/www.gdansk.baptysci.pl\/wp-content\/uploads\/2023\/02\/Staszek-Sylwestrowicz-edited-200x300.png\" data-large-file=\"http:\/\/www.gdansk.baptysci.pl\/wp-content\/uploads\/2023\/02\/Staszek-Sylwestrowicz-edited.png\" decoding=\"async\" loading=\"lazy\" width=\"200\" height=\"300\" src=\"http:\/\/www.gdansk.baptysci.pl\/wp-content\/uploads\/2023\/02\/Staszek-Sylwestrowicz-edited-200x300.png\" alt=\"\" class=\"wp-image-21160\" srcset=\"http:\/\/www.gdansk.baptysci.pl\/wp-content\/uploads\/2023\/02\/Staszek-Sylwestrowicz-edited-200x300.png 200w, http:\/\/www.gdansk.baptysci.pl\/wp-content\/uploads\/2023\/02\/Staszek-Sylwestrowicz-edited.png 465w\" sizes=\"(max-width: 200px) 85vw, 200px\" \/><\/a><\/figure>\n<\/div>\n\n\n\n<div class=\"is-layout-flow wp-block-column\" style=\"flex-basis:100%\">\n<p>Wyk\u0142ad 5 &#8211; Stanis\u0142aw Sylwestrowicz &#8211; Biblia a ewolucja. Jak si\u0119 broni\u0107 przed k\u0142amstwem ewolucji?<\/p>\n\n\n\n<figure class=\"wp-block-audio\"><audio controls src=\"https:\/\/onedrive.live.com\/download?cid=DEE334F5CF11DD5D&amp;resid=DEE334F5CF11DD5D%211056&amp;authkey=AInvWrxD2AklCqU\"><\/audio><\/figure>\n<\/div>\n<\/div>\n\n\n\n<hr class=\"wp-block-separator has-alpha-channel-opacity\"\/>\n\n\n\n<div class=\"is-layout-flex wp-container-18 wp-block-columns\">\n<div class=\"is-layout-flow wp-block-column\" style=\"flex-basis:33.33%\">\n<figure class=\"wp-block-image size-medium\"><a href=\"http:\/\/www.gdansk.baptysci.pl\/wp-content\/uploads\/2023\/02\/Krzysztof-Osiecki-edited.jpg\"><img data-attachment-id=\"21284\" data-permalink=\"http:\/\/www.gdansk.baptysci.pl\/krzysztof-osiecki-3\/\" data-orig-file=\"http:\/\/www.gdansk.baptysci.pl\/wp-content\/uploads\/2023\/02\/Krzysztof-Osiecki-edited.jpg\" data-orig-size=\"585,877\" data-comments-opened=\"1\" data-image-meta=\"{&quot;aperture&quot;:&quot;0&quot;,&quot;credit&quot;:&quot;&quot;,&quot;camera&quot;:&quot;&quot;,&quot;caption&quot;:&quot;&quot;,&quot;created_timestamp&quot;:&quot;0&quot;,&quot;copyright&quot;:&quot;&quot;,&quot;focal_length&quot;:&quot;0&quot;,&quot;iso&quot;:&quot;0&quot;,&quot;shutter_speed&quot;:&quot;0&quot;,&quot;title&quot;:&quot;&quot;,&quot;orientation&quot;:&quot;0&quot;}\" data-image-title=\"Krzysztof Osiecki\" data-image-description=\"\" data-image-caption=\"\" data-medium-file=\"http:\/\/www.gdansk.baptysci.pl\/wp-content\/uploads\/2023\/02\/Krzysztof-Osiecki-edited-200x300.jpg\" data-large-file=\"http:\/\/www.gdansk.baptysci.pl\/wp-content\/uploads\/2023\/02\/Krzysztof-Osiecki-edited.jpg\" decoding=\"async\" loading=\"lazy\" width=\"200\" height=\"300\" src=\"http:\/\/www.gdansk.baptysci.pl\/wp-content\/uploads\/2023\/02\/Krzysztof-Osiecki-edited-200x300.jpg\" alt=\"\" class=\"wp-image-21284\" srcset=\"http:\/\/www.gdansk.baptysci.pl\/wp-content\/uploads\/2023\/02\/Krzysztof-Osiecki-edited-200x300.jpg 200w, http:\/\/www.gdansk.baptysci.pl\/wp-content\/uploads\/2023\/02\/Krzysztof-Osiecki-edited.jpg 585w\" sizes=\"(max-width: 200px) 85vw, 200px\" \/><\/a><\/figure>\n<\/div>\n\n\n\n<div class=\"is-layout-flow wp-block-column\" style=\"flex-basis:100%\">\n<p>Wyk\u0142ad 6 &#8211; Krzysztof Osiecki &#8211; Jak si\u0119 nie wpl\u0105ta\u0107  w sprawy tego \u015bwiata?<\/p>\n\n\n\n<p>2Tymoteusza 2:4<\/p>\n\n\n\n<figure class=\"wp-block-audio\"><audio controls src=\"https:\/\/onedrive.live.com\/download?cid=DEE334F5CF11DD5D&amp;resid=DEE334F5CF11DD5D%211057&amp;authkey=AMEvPIup3cjmwrE\"><\/audio><\/figure>\n<\/div>\n<\/div>\n\n\n\n<hr class=\"wp-block-separator has-alpha-channel-opacity\"\/>\n\n\n\n<div class=\"is-layout-flex wp-container-21 wp-block-columns\">\n<div class=\"is-layout-flow wp-block-column\" style=\"flex-basis:33.33%\">\n<figure class=\"wp-block-image size-full\"><a href=\"http:\/\/www.gdansk.baptysci.pl\/wp-content\/uploads\/2023\/02\/Jacek-Korzeniowski-edited-1.jpg\"><img data-attachment-id=\"21161\" data-permalink=\"http:\/\/www.gdansk.baptysci.pl\/jarek-korzeniowski-3\/\" data-orig-file=\"http:\/\/www.gdansk.baptysci.pl\/wp-content\/uploads\/2023\/02\/Jacek-Korzeniowski-edited-1.jpg\" data-orig-size=\"376,564\" data-comments-opened=\"1\" data-image-meta=\"{&quot;aperture&quot;:&quot;0&quot;,&quot;credit&quot;:&quot;&quot;,&quot;camera&quot;:&quot;&quot;,&quot;caption&quot;:&quot;&quot;,&quot;created_timestamp&quot;:&quot;0&quot;,&quot;copyright&quot;:&quot;&quot;,&quot;focal_length&quot;:&quot;0&quot;,&quot;iso&quot;:&quot;0&quot;,&quot;shutter_speed&quot;:&quot;0&quot;,&quot;title&quot;:&quot;&quot;,&quot;orientation&quot;:&quot;0&quot;}\" data-image-title=\"Jarek Korzeniowski\" data-image-description=\"\" data-image-caption=\"\" data-medium-file=\"http:\/\/www.gdansk.baptysci.pl\/wp-content\/uploads\/2023\/02\/Jacek-Korzeniowski-edited-1-200x300.jpg\" data-large-file=\"http:\/\/www.gdansk.baptysci.pl\/wp-content\/uploads\/2023\/02\/Jacek-Korzeniowski-edited-1.jpg\" decoding=\"async\" loading=\"lazy\" width=\"376\" height=\"564\" src=\"http:\/\/www.gdansk.baptysci.pl\/wp-content\/uploads\/2023\/02\/Jacek-Korzeniowski-edited-1.jpg\" alt=\"\" class=\"wp-image-21161\" srcset=\"http:\/\/www.gdansk.baptysci.pl\/wp-content\/uploads\/2023\/02\/Jacek-Korzeniowski-edited-1.jpg 376w, http:\/\/www.gdansk.baptysci.pl\/wp-content\/uploads\/2023\/02\/Jacek-Korzeniowski-edited-1-200x300.jpg 200w\" sizes=\"(max-width: 376px) 85vw, 376px\" \/><\/a><\/figure>\n<\/div>\n\n\n\n<div class=\"is-layout-flow wp-block-column\" style=\"flex-basis:100%\">\n<p>Wyk\u0142ad 7 &#8211; Jaros\u0142aw Korzeniowski &#8211; Jak szuka\u0107 \u017cony\/m\u0119\u017ca?<\/p>\n\n\n\n<figure class=\"wp-block-audio\"><audio controls src=\"https:\/\/onedrive.live.com\/download?cid=DEE334F5CF11DD5D&amp;resid=DEE334F5CF11DD5D%211059&amp;authkey=ADgR1kLNeUyDtGw\"><\/audio><\/figure>\n<\/div>\n<\/div>\n\n\n\n<hr class=\"wp-block-separator has-alpha-channel-opacity\"\/>\n\n\n\n<div class=\"is-layout-flex wp-container-24 wp-block-columns\">\n<div class=\"is-layout-flow wp-block-column\" style=\"flex-basis:33.33%\">\n<figure class=\"wp-block-image\"><img alt=\"\"\/><\/figure>\n<\/div>\n\n\n\n<div class=\"is-layout-flow wp-block-column\" style=\"flex-basis:100%\">\n<p>Wyk\u0142ad 8 &#8211; Jan Osiecki &#8211; \u017bycie osobiste \u017co\u0142nierza<\/p>\n\n\n\n<p>Jana 15:1-16<\/p>\n\n\n\n<figure class=\"wp-block-audio\"><audio controls src=\"https:\/\/onedrive.live.com\/download?cid=DEE334F5CF11DD5D&amp;resid=DEE334F5CF11DD5D%211058&amp;authkey=AFRBsphC0Bz5XPs\"><\/audio><\/figure>\n<\/div>\n<\/div>\n\n\n\n<hr class=\"wp-block-separator has-alpha-channel-opacity\"\/>\n","protected":false},"excerpt":{"rendered":"<p>&lt;&lt;Konferencje i wyk\u0142ady 2014.01.20-24 Wyk\u0142ad 1 &#8211; Jan Osiecki &#8211; Kim jest dobry Bo\u017cy \u017bo\u0142nierz? 2Tymoteusza 1:1-5 Wyk\u0142ad 2 -Piotr Iwaniuk &#8211; Chrze\u015bcija\u0144ska zbroja, cz. 1 Efezjan 6:10-17 Wyk\u0142ad 3 &#8211; Piotr Iwaniuk &#8211; Chrze\u015bcija\u0144ska zbroja, cz. 2 Efezjan 6:10-17 Wyk\u0142ad 4 &#8211; Robert Miksa &#8211; Walka duchowa 2Tesaloniczan 2:1-15 Wyk\u0142ad 5 &#8211; Stanis\u0142aw Sylwestrowicz &hellip; <a href=\"http:\/\/www.gdansk.baptysci.pl\/index.php\/oboz-zimowy\/\" class=\"more-link\">Czytaj dalej<span class=\"screen-reader-text\"> \u201eOb\u00f3z zimowy\u201d<\/span><\/a><\/p>\n","protected":false},"author":33,"featured_media":0,"parent":0,"menu_order":0,"comment_status":"closed","ping_status":"closed","template":"","meta":[],"jetpack_sharing_enabled":true,"_links":{"self":[{"href":"http:\/\/www.gdansk.baptysci.pl\/index.php\/wp-json\/wp\/v2\/pages\/21443"}],"collection":[{"href":"http:\/\/www.gdansk.baptysci.pl\/index.php\/wp-json\/wp\/v2\/pages"}],"about":[{"href":"http:\/\/www.gdansk.baptysci.pl\/index.php\/wp-json\/wp\/v2\/types\/page"}],"author":[{"embeddable":true,"href":"http:\/\/www.gdansk.baptysci.pl\/index.php\/wp-json\/wp\/v2\/users\/33"}],"replies":[{"embeddable":true,"href":"http:\/\/www.gdansk.baptysci.pl\/index.php\/wp-json\/wp\/v2\/comments?post=21443"}],"version-history":[{"count":2,"href":"http:\/\/www.gdansk.baptysci.pl\/index.php\/wp-json\/wp\/v2\/pages\/21443\/revisions"}],"predecessor-version":[{"id":21475,"href":"http:\/\/www.gdansk.baptysci.pl\/index.php\/wp-json\/wp\/v2\/pages\/21443\/revisions\/21475"}],"wp:attachment":[{"href":"http:\/\/www.gdansk.baptysci.pl\/index.php\/wp-json\/wp\/v2\/media?parent=21443"}],"curies":[{"name":"wp","href":"https:\/\/api.w.org\/{rel}","templated":true}]}}