{"id":20973,"date":"2023-02-10T20:58:06","date_gmt":"2023-02-10T18:58:06","guid":{"rendered":"http:\/\/www.gdansk.baptysci.pl\/?page_id=20973"},"modified":"2023-02-10T20:58:06","modified_gmt":"2023-02-10T18:58:06","slug":"zbigniew-miksa","status":"publish","type":"page","link":"http:\/\/www.gdansk.baptysci.pl\/index.php\/zbigniew-miksa\/","title":{"rendered":"Zbigniew Miksa"},"content":{"rendered":"\n<figure class=\"wp-block-image size-full is-resized\"><a href=\"http:\/\/www.gdansk.baptysci.pl\/wp-content\/uploads\/2014\/12\/bible_lightstock_169258_960x250.jpg\"><img data-attachment-id=\"590\" data-permalink=\"http:\/\/www.gdansk.baptysci.pl\/bible_lightstock_169258_960x250\/\" data-orig-file=\"http:\/\/www.gdansk.baptysci.pl\/wp-content\/uploads\/2014\/12\/bible_lightstock_169258_960x250.jpg\" data-orig-size=\"960,250\" data-comments-opened=\"1\" data-image-meta=\"{&quot;aperture&quot;:&quot;1.8&quot;,&quot;credit&quot;:&quot;&quot;,&quot;camera&quot;:&quot;Canon EOS 5D Mark II&quot;,&quot;caption&quot;:&quot;&quot;,&quot;created_timestamp&quot;:&quot;1412620382&quot;,&quot;copyright&quot;:&quot;&quot;,&quot;focal_length&quot;:&quot;50&quot;,&quot;iso&quot;:&quot;500&quot;,&quot;shutter_speed&quot;:&quot;0.008&quot;,&quot;title&quot;:&quot;&quot;,&quot;orientation&quot;:&quot;0&quot;}\" data-image-title=\"bible_lightstock_169258_960x250\" data-image-description=\"\" data-image-caption=\"\" data-medium-file=\"http:\/\/www.gdansk.baptysci.pl\/wp-content\/uploads\/2014\/12\/bible_lightstock_169258_960x250-300x78.jpg\" data-large-file=\"http:\/\/www.gdansk.baptysci.pl\/wp-content\/uploads\/2014\/12\/bible_lightstock_169258_960x250.jpg\" decoding=\"async\" loading=\"lazy\" src=\"http:\/\/www.gdansk.baptysci.pl\/wp-content\/uploads\/2014\/12\/bible_lightstock_169258_960x250.jpg\" alt=\"\" class=\"wp-image-590\" width=\"891\" height=\"232\" srcset=\"http:\/\/www.gdansk.baptysci.pl\/wp-content\/uploads\/2014\/12\/bible_lightstock_169258_960x250.jpg 960w, http:\/\/www.gdansk.baptysci.pl\/wp-content\/uploads\/2014\/12\/bible_lightstock_169258_960x250-300x78.jpg 300w\" sizes=\"(max-width: 709px) 85vw, (max-width: 909px) 67vw, (max-width: 1362px) 62vw, 840px\" \/><\/a><\/figure>\n\n\n\n<p><a href=\"http:\/\/www.gdansk.baptysci.pl\/index.php\/kazania\/\" data-type=\"URL\" data-id=\"http:\/\/www.gdansk.baptysci.pl\/index.php\/kazania\/\">&lt;&lt; Powr\u00f3t do kaza\u0144<\/a><\/p>\n\n\n\n<div class=\"is-layout-flex wp-container-25 wp-block-columns\">\n<div class=\"is-layout-flow wp-block-column\" style=\"flex-basis:90%\">\n<div class=\"is-layout-flow wp-block-query\">\n\n<ul class=\"is-layout-flow wp-block-post-template\"><li class=\"wp-block-post post-20586 post type-post status-publish format-video hentry category-miksa-zbigniew category-kazania category-kazania-2018 category-pierwszy-list-piotra post_format-post-format-video\">\n\n<div class=\"is-layout-constrained wp-block-group\"><div class=\"wp-block-group__inner-container\">\n<div class=\"is-vertical is-layout-flex wp-container-3 wp-block-group\">\n<div class=\"is-vertical is-content-justification-left is-layout-flex wp-container-2 wp-block-group\"><h2 class=\"wp-block-post-title has-medium-font-size\">2018.02.04 &#8211; Zbigniew Miksa &#8211; Bo\u017ca \u0142aska w \u017cyciu cz\u0142owieka<\/h2><\/div>\n<\/div>\n<\/div><\/div>\n\n\n<div class=\"is-layout-flow entry-content wp-block-post-content\">\n<p>1Piotra 1:1-2   |   1Piotra 1:22   |   1Piotra 1:8-13   |   1Piotra 2:19-21   |   1Piotra 3:6-7   |   1Piotra 5:12<\/p>\n\n\n\n<figure class=\"wp-block-embed is-type-video is-provider-youtube wp-block-embed-youtube wp-embed-aspect-16-9 wp-has-aspect-ratio\"><div class=\"wp-block-embed__wrapper\">\n<iframe loading=\"lazy\" title=\"Zbigniew Miksa - 1 Piotra (Bo\u017ca \u0142aska w \u017cyciu cz\u0142owieka)\" width=\"840\" height=\"473\" src=\"https:\/\/www.youtube.com\/embed\/_kPMZjQ6Mtk?feature=oembed\" frameborder=\"0\" allow=\"accelerometer; autoplay; clipboard-write; encrypted-media; gyroscope; picture-in-picture; web-share\" allowfullscreen><\/iframe>\n<\/div><\/figure>\n\n\n\n<figure class=\"wp-block-audio\"><audio controls src=\"https:\/\/onedrive.live.com\/download?cid=DEE334F5CF11DD5D&amp;resid=DEE334F5CF11DD5D%211889&amp;authkey=ADe09VMzv8lTnjM\"><\/audio><\/figure>\n<\/div>\n\n\n<hr class=\"wp-block-separator has-text-color has-dark-gray-color has-alpha-channel-opacity has-dark-gray-background-color has-background is-style-wide\"\/>\n\n<\/li><li class=\"wp-block-post post-21242 post type-post status-publish format-audio hentry category-miksa-zbigniew category-ew-lukasza category-kazania category-kazania-2015 post_format-post-format-audio\">\n\n<div class=\"is-layout-constrained wp-block-group\"><div class=\"wp-block-group__inner-container\">\n<div class=\"is-vertical is-layout-flex wp-container-7 wp-block-group\">\n<div class=\"is-vertical is-content-justification-left is-layout-flex wp-container-6 wp-block-group\"><h2 class=\"wp-block-post-title has-medium-font-size\">2015.01.04 &#8211; Zbigniew Miksa &#8211; Ewangelia szcz\u0119\u015bliwego Boga<\/h2><\/div>\n<\/div>\n<\/div><\/div>\n\n\n<div class=\"is-layout-flow entry-content wp-block-post-content\">\n<div class=\"is-layout-flex wp-container-11 wp-block-columns\">\n<div class=\"is-layout-flow wp-block-column\" style=\"flex-basis:33.33%\">\n<figure class=\"wp-block-image size-full\"><a href=\"http:\/\/www.gdansk.baptysci.pl\/wp-content\/uploads\/2023\/02\/Zbigniew-Miksa02-e1518899285789-edited.jpg\"><img data-attachment-id=\"21248\" data-permalink=\"http:\/\/www.gdansk.baptysci.pl\/zbigniew-miksa02-2\/\" data-orig-file=\"http:\/\/www.gdansk.baptysci.pl\/wp-content\/uploads\/2023\/02\/Zbigniew-Miksa02-e1518899285789-edited.jpg\" data-orig-size=\"138,207\" data-comments-opened=\"1\" data-image-meta=\"{&quot;aperture&quot;:&quot;0&quot;,&quot;credit&quot;:&quot;&quot;,&quot;camera&quot;:&quot;&quot;,&quot;caption&quot;:&quot;&quot;,&quot;created_timestamp&quot;:&quot;0&quot;,&quot;copyright&quot;:&quot;&quot;,&quot;focal_length&quot;:&quot;0&quot;,&quot;iso&quot;:&quot;0&quot;,&quot;shutter_speed&quot;:&quot;0&quot;,&quot;title&quot;:&quot;&quot;,&quot;orientation&quot;:&quot;1&quot;}\" data-image-title=\"Zbigniew Miksa02\" data-image-description=\"\" data-image-caption=\"\" data-medium-file=\"http:\/\/www.gdansk.baptysci.pl\/wp-content\/uploads\/2023\/02\/Zbigniew-Miksa02-e1518899285789-edited.jpg\" data-large-file=\"http:\/\/www.gdansk.baptysci.pl\/wp-content\/uploads\/2023\/02\/Zbigniew-Miksa02-e1518899285789-edited.jpg\" data-attachment-id=\"21248\" data-permalink=\"http:\/\/www.gdansk.baptysci.pl\/zbigniew-miksa02-2\/\" data-orig-file=\"http:\/\/www.gdansk.baptysci.pl\/wp-content\/uploads\/2023\/02\/Zbigniew-Miksa02-e1518899285789-edited.jpg\" data-orig-size=\"138,207\" data-comments-opened=\"1\" data-image-meta=\"{&quot;aperture&quot;:&quot;0&quot;,&quot;credit&quot;:&quot;&quot;,&quot;camera&quot;:&quot;&quot;,&quot;caption&quot;:&quot;&quot;,&quot;created_timestamp&quot;:&quot;0&quot;,&quot;copyright&quot;:&quot;&quot;,&quot;focal_length&quot;:&quot;0&quot;,&quot;iso&quot;:&quot;0&quot;,&quot;shutter_speed&quot;:&quot;0&quot;,&quot;title&quot;:&quot;&quot;,&quot;orientation&quot;:&quot;1&quot;}\" data-image-title=\"Zbigniew Miksa02\" data-image-description=\"\" data-image-caption=\"\" data-medium-file=\"http:\/\/www.gdansk.baptysci.pl\/wp-content\/uploads\/2023\/02\/Zbigniew-Miksa02-e1518899285789-edited.jpg\" data-large-file=\"http:\/\/www.gdansk.baptysci.pl\/wp-content\/uploads\/2023\/02\/Zbigniew-Miksa02-e1518899285789-edited.jpg\" decoding=\"async\" loading=\"lazy\" width=\"138\" height=\"207\" src=\"http:\/\/www.gdansk.baptysci.pl\/wp-content\/uploads\/2023\/02\/Zbigniew-Miksa02-e1518899285789-edited.jpg\" alt=\"\" class=\"wp-image-21248\"\/><\/a><\/figure>\n<\/div>\n\n\n\n<div class=\"is-layout-flow wp-block-column\" style=\"flex-basis:100%\">\n<p>\u0141ukasza 2:1-21<\/p>\n\n\n\n<figure class=\"wp-block-audio\"><audio controls src=\"https:\/\/onedrive.live.com\/download?cid=DEE334F5CF11DD5D&amp;resid=DEE334F5CF11DD5D%211121&amp;authkey=AOM10tbL_nOPjeE\"><\/audio><\/figure>\n<\/div>\n<\/div>\n<\/div>\n\n\n<hr class=\"wp-block-separator has-text-color has-dark-gray-color has-alpha-channel-opacity has-dark-gray-background-color has-background is-style-wide\"\/>\n\n<\/li><li class=\"wp-block-post post-21394 post type-post status-publish format-audio hentry category-miksa-zbigniew category-kazania category-kazania-2014 category-list-do-hebrajczykow post_format-post-format-audio\">\n\n<div class=\"is-layout-constrained wp-block-group\"><div class=\"wp-block-group__inner-container\">\n<div class=\"is-vertical is-layout-flex wp-container-14 wp-block-group\">\n<div class=\"is-vertical is-content-justification-left is-layout-flex wp-container-13 wp-block-group\"><h2 class=\"wp-block-post-title has-medium-font-size\">2014.03.30 &#8211; Zbigniew Miksa &#8211; Role &#8222;kamieni&#8221; w naszym \u017cyciu<\/h2><\/div>\n<\/div>\n<\/div><\/div>\n\n\n<div class=\"is-layout-flow entry-content wp-block-post-content\">\n<div class=\"is-layout-flex wp-container-18 wp-block-columns\">\n<div class=\"is-layout-flow wp-block-column\" style=\"flex-basis:33.33%\">\n<figure class=\"wp-block-image size-full\"><a href=\"http:\/\/www.gdansk.baptysci.pl\/wp-content\/uploads\/2023\/02\/Zbigniew-Miksa02-e1518899285789-edited.jpg\"><img data-attachment-id=\"21248\" data-permalink=\"http:\/\/www.gdansk.baptysci.pl\/zbigniew-miksa02-2\/\" data-orig-file=\"http:\/\/www.gdansk.baptysci.pl\/wp-content\/uploads\/2023\/02\/Zbigniew-Miksa02-e1518899285789-edited.jpg\" data-orig-size=\"138,207\" data-comments-opened=\"1\" data-image-meta=\"{&quot;aperture&quot;:&quot;0&quot;,&quot;credit&quot;:&quot;&quot;,&quot;camera&quot;:&quot;&quot;,&quot;caption&quot;:&quot;&quot;,&quot;created_timestamp&quot;:&quot;0&quot;,&quot;copyright&quot;:&quot;&quot;,&quot;focal_length&quot;:&quot;0&quot;,&quot;iso&quot;:&quot;0&quot;,&quot;shutter_speed&quot;:&quot;0&quot;,&quot;title&quot;:&quot;&quot;,&quot;orientation&quot;:&quot;1&quot;}\" data-image-title=\"Zbigniew Miksa02\" data-image-description=\"\" data-image-caption=\"\" data-medium-file=\"http:\/\/www.gdansk.baptysci.pl\/wp-content\/uploads\/2023\/02\/Zbigniew-Miksa02-e1518899285789-edited.jpg\" data-large-file=\"http:\/\/www.gdansk.baptysci.pl\/wp-content\/uploads\/2023\/02\/Zbigniew-Miksa02-e1518899285789-edited.jpg\" data-attachment-id=\"21248\" data-permalink=\"http:\/\/www.gdansk.baptysci.pl\/zbigniew-miksa02-2\/\" data-orig-file=\"http:\/\/www.gdansk.baptysci.pl\/wp-content\/uploads\/2023\/02\/Zbigniew-Miksa02-e1518899285789-edited.jpg\" data-orig-size=\"138,207\" data-comments-opened=\"1\" data-image-meta=\"{&quot;aperture&quot;:&quot;0&quot;,&quot;credit&quot;:&quot;&quot;,&quot;camera&quot;:&quot;&quot;,&quot;caption&quot;:&quot;&quot;,&quot;created_timestamp&quot;:&quot;0&quot;,&quot;copyright&quot;:&quot;&quot;,&quot;focal_length&quot;:&quot;0&quot;,&quot;iso&quot;:&quot;0&quot;,&quot;shutter_speed&quot;:&quot;0&quot;,&quot;title&quot;:&quot;&quot;,&quot;orientation&quot;:&quot;1&quot;}\" data-image-title=\"Zbigniew Miksa02\" data-image-description=\"\" data-image-caption=\"\" data-medium-file=\"http:\/\/www.gdansk.baptysci.pl\/wp-content\/uploads\/2023\/02\/Zbigniew-Miksa02-e1518899285789-edited.jpg\" data-large-file=\"http:\/\/www.gdansk.baptysci.pl\/wp-content\/uploads\/2023\/02\/Zbigniew-Miksa02-e1518899285789-edited.jpg\" decoding=\"async\" loading=\"lazy\" width=\"138\" height=\"207\" src=\"http:\/\/www.gdansk.baptysci.pl\/wp-content\/uploads\/2023\/02\/Zbigniew-Miksa02-e1518899285789-edited.jpg\" alt=\"\" class=\"wp-image-21248\"\/><\/a><\/figure>\n<\/div>\n\n\n\n<div class=\"is-layout-flow wp-block-column\" style=\"flex-basis:100%\">\n<p>Hebrajczyk\u00f3w 12:15<\/p>\n\n\n\n<figure class=\"wp-block-audio\"><audio controls src=\"https:\/\/onedrive.live.com\/download?cid=DEE334F5CF11DD5D&amp;resid=DEE334F5CF11DD5D%211069&amp;authkey=AHEiZsw-W-s6T6Y\"><\/audio><\/figure>\n<\/div>\n<\/div>\n<\/div>\n\n\n<hr class=\"wp-block-separator has-text-color has-dark-gray-color has-alpha-channel-opacity has-dark-gray-background-color has-background is-style-wide\"\/>\n\n<\/li><\/ul>\n\n\n\n<\/div>\n<\/div>\n\n\n\n<div class=\"is-layout-flow wp-block-column\" style=\"flex-basis:25%\"><\/div>\n<\/div>\n","protected":false},"excerpt":{"rendered":"<p>&lt;&lt; Powr\u00f3t do kaza\u0144<\/p>\n","protected":false},"author":33,"featured_media":0,"parent":0,"menu_order":0,"comment_status":"closed","ping_status":"closed","template":"","meta":[],"jetpack_sharing_enabled":true,"_links":{"self":[{"href":"http:\/\/www.gdansk.baptysci.pl\/index.php\/wp-json\/wp\/v2\/pages\/20973"}],"collection":[{"href":"http:\/\/www.gdansk.baptysci.pl\/index.php\/wp-json\/wp\/v2\/pages"}],"about":[{"href":"http:\/\/www.gdansk.baptysci.pl\/index.php\/wp-json\/wp\/v2\/types\/page"}],"author":[{"embeddable":true,"href":"http:\/\/www.gdansk.baptysci.pl\/index.php\/wp-json\/wp\/v2\/users\/33"}],"replies":[{"embeddable":true,"href":"http:\/\/www.gdansk.baptysci.pl\/index.php\/wp-json\/wp\/v2\/comments?post=20973"}],"version-history":[{"count":1,"href":"http:\/\/www.gdansk.baptysci.pl\/index.php\/wp-json\/wp\/v2\/pages\/20973\/revisions"}],"predecessor-version":[{"id":20990,"href":"http:\/\/www.gdansk.baptysci.pl\/index.php\/wp-json\/wp\/v2\/pages\/20973\/revisions\/20990"}],"wp:attachment":[{"href":"http:\/\/www.gdansk.baptysci.pl\/index.php\/wp-json\/wp\/v2\/media?parent=20973"}],"curies":[{"name":"wp","href":"https:\/\/api.w.org\/{rel}","templated":true}]}}