{"id":20862,"date":"2017-01-01T00:18:00","date_gmt":"2016-12-31T22:18:00","guid":{"rendered":"http:\/\/www.gdansk.baptysci.pl\/?page_id=20862"},"modified":"2023-02-16T22:32:18","modified_gmt":"2023-02-16T20:32:18","slug":"2016-2017-konferencja-sylwestrowa","status":"publish","type":"page","link":"http:\/\/www.gdansk.baptysci.pl\/index.php\/2016-2017-konferencja-sylwestrowa\/","title":{"rendered":"Konferencja sylwestrowa"},"content":{"rendered":"\n<p><a href=\"http:\/\/www.gdansk.baptysci.pl\/index.php\/konferencje\/\" data-type=\"URL\" data-id=\"http:\/\/www.gdansk.baptysci.pl\/index.php\/konferencje\/\">&lt;&lt;Konferencje i wyk\u0142ady<\/a><\/p>\n\n\n\n<p class=\"has-text-align-center\">2016\/2017<\/p>\n\n\n\n<hr class=\"wp-block-separator has-alpha-channel-opacity is-style-dots\"\/>\n\n\n\n<div class=\"is-layout-flex wp-container-3 wp-block-columns\">\n<div class=\"is-layout-flow wp-block-column\" style=\"flex-basis:33.33%\">\n<figure class=\"wp-block-image size-medium is-resized\"><a href=\"http:\/\/www.gdansk.baptysci.pl\/wp-content\/uploads\/2023\/01\/MaciejBialecki-e1579734510725-edited.jpg\"><img data-attachment-id=\"19693\" data-permalink=\"http:\/\/www.gdansk.baptysci.pl\/maciejbialecki-2\/\" data-orig-file=\"http:\/\/www.gdansk.baptysci.pl\/wp-content\/uploads\/2023\/01\/MaciejBialecki-e1579734510725-edited.jpg\" data-orig-size=\"341,512\" data-comments-opened=\"1\" data-image-meta=\"{&quot;aperture&quot;:&quot;0&quot;,&quot;credit&quot;:&quot;&quot;,&quot;camera&quot;:&quot;&quot;,&quot;caption&quot;:&quot;&quot;,&quot;created_timestamp&quot;:&quot;0&quot;,&quot;copyright&quot;:&quot;www.tomasziwanski.pl&quot;,&quot;focal_length&quot;:&quot;0&quot;,&quot;iso&quot;:&quot;0&quot;,&quot;shutter_speed&quot;:&quot;0&quot;,&quot;title&quot;:&quot;&quot;,&quot;orientation&quot;:&quot;0&quot;}\" data-image-title=\"MaciejBialecki\" data-image-description=\"\" data-image-caption=\"\" data-medium-file=\"http:\/\/www.gdansk.baptysci.pl\/wp-content\/uploads\/2023\/01\/MaciejBialecki-e1579734510725-edited-200x300.jpg\" data-large-file=\"http:\/\/www.gdansk.baptysci.pl\/wp-content\/uploads\/2023\/01\/MaciejBialecki-e1579734510725-edited.jpg\" decoding=\"async\" loading=\"lazy\" src=\"http:\/\/www.gdansk.baptysci.pl\/wp-content\/uploads\/2023\/01\/MaciejBialecki-e1579734510725-edited-200x300.jpg\" alt=\"\" class=\"wp-image-19693\" width=\"134\" height=\"201\" srcset=\"http:\/\/www.gdansk.baptysci.pl\/wp-content\/uploads\/2023\/01\/MaciejBialecki-e1579734510725-edited-200x300.jpg 200w, http:\/\/www.gdansk.baptysci.pl\/wp-content\/uploads\/2023\/01\/MaciejBialecki-e1579734510725-edited.jpg 341w\" sizes=\"(max-width: 134px) 85vw, 134px\" \/><\/a><\/figure>\n<\/div>\n\n\n\n<div class=\"is-layout-flow wp-block-column\" style=\"flex-basis:100%\">\n<p>Wyk\u0142ad 1 &#8211; Maciej Bia\u0142ecki<\/p>\n\n\n\n<figure class=\"wp-block-audio\"><audio controls src=\"https:\/\/onedrive.live.com\/download?cid=DEE334F5CF11DD5D&amp;resid=DEE334F5CF11DD5D%211312&amp;authkey=AEOo8OfVX1N9fUE\"><\/audio><\/figure>\n<\/div>\n<\/div>\n\n\n\n<hr class=\"wp-block-separator has-alpha-channel-opacity is-style-default\"\/>\n\n\n\n<div class=\"is-layout-flex wp-container-6 wp-block-columns\">\n<div class=\"is-layout-flow wp-block-column\" style=\"flex-basis:33.33%\">\n<figure class=\"wp-block-image size-medium is-resized\"><a href=\"http:\/\/www.gdansk.baptysci.pl\/wp-content\/uploads\/2023\/01\/MaciejBialecki-e1579734510725-edited.jpg\"><img data-attachment-id=\"19693\" data-permalink=\"http:\/\/www.gdansk.baptysci.pl\/maciejbialecki-2\/\" data-orig-file=\"http:\/\/www.gdansk.baptysci.pl\/wp-content\/uploads\/2023\/01\/MaciejBialecki-e1579734510725-edited.jpg\" data-orig-size=\"341,512\" data-comments-opened=\"1\" data-image-meta=\"{&quot;aperture&quot;:&quot;0&quot;,&quot;credit&quot;:&quot;&quot;,&quot;camera&quot;:&quot;&quot;,&quot;caption&quot;:&quot;&quot;,&quot;created_timestamp&quot;:&quot;0&quot;,&quot;copyright&quot;:&quot;www.tomasziwanski.pl&quot;,&quot;focal_length&quot;:&quot;0&quot;,&quot;iso&quot;:&quot;0&quot;,&quot;shutter_speed&quot;:&quot;0&quot;,&quot;title&quot;:&quot;&quot;,&quot;orientation&quot;:&quot;0&quot;}\" data-image-title=\"MaciejBialecki\" data-image-description=\"\" data-image-caption=\"\" data-medium-file=\"http:\/\/www.gdansk.baptysci.pl\/wp-content\/uploads\/2023\/01\/MaciejBialecki-e1579734510725-edited-200x300.jpg\" data-large-file=\"http:\/\/www.gdansk.baptysci.pl\/wp-content\/uploads\/2023\/01\/MaciejBialecki-e1579734510725-edited.jpg\" decoding=\"async\" loading=\"lazy\" src=\"http:\/\/www.gdansk.baptysci.pl\/wp-content\/uploads\/2023\/01\/MaciejBialecki-e1579734510725-edited-200x300.jpg\" alt=\"\" class=\"wp-image-19693\" width=\"134\" height=\"201\" srcset=\"http:\/\/www.gdansk.baptysci.pl\/wp-content\/uploads\/2023\/01\/MaciejBialecki-e1579734510725-edited-200x300.jpg 200w, http:\/\/www.gdansk.baptysci.pl\/wp-content\/uploads\/2023\/01\/MaciejBialecki-e1579734510725-edited.jpg 341w\" sizes=\"(max-width: 134px) 85vw, 134px\" \/><\/a><\/figure>\n<\/div>\n\n\n\n<div class=\"is-layout-flow wp-block-column\" style=\"flex-basis:100%\">\n<p>Wyk\u0142ad 2 &#8211; Maciej Bia\u0142ecki<\/p>\n\n\n\n<figure class=\"wp-block-audio\"><audio controls src=\"https:\/\/onedrive.live.com\/download?cid=DEE334F5CF11DD5D&amp;resid=DEE334F5CF11DD5D%211313&amp;authkey=AD2DpNLpu9QViDw\"><\/audio><\/figure>\n<\/div>\n<\/div>\n\n\n\n<hr class=\"wp-block-separator has-alpha-channel-opacity is-style-default\"\/>\n\n\n\n<div class=\"is-layout-flex wp-container-9 wp-block-columns\">\n<div class=\"is-layout-flow wp-block-column\" style=\"flex-basis:33.33%\">\n<figure class=\"wp-block-image size-medium\"><a href=\"http:\/\/www.gdansk.baptysci.pl\/wp-content\/uploads\/2016\/05\/Zrzut-ekranu-2016-05-05-o-11.20.24.png\"><img data-attachment-id=\"20864\" data-permalink=\"http:\/\/www.gdansk.baptysci.pl\/mateusz-nowacki-3\/\" data-orig-file=\"http:\/\/www.gdansk.baptysci.pl\/wp-content\/uploads\/2023\/02\/Zrzut-ekranu-2016-05-05-o-11.20.24-edited-1.png\" data-orig-size=\"868,1302\" data-comments-opened=\"1\" data-image-meta=\"{&quot;aperture&quot;:&quot;0&quot;,&quot;credit&quot;:&quot;&quot;,&quot;camera&quot;:&quot;&quot;,&quot;caption&quot;:&quot;&quot;,&quot;created_timestamp&quot;:&quot;0&quot;,&quot;copyright&quot;:&quot;&quot;,&quot;focal_length&quot;:&quot;0&quot;,&quot;iso&quot;:&quot;0&quot;,&quot;shutter_speed&quot;:&quot;0&quot;,&quot;title&quot;:&quot;&quot;,&quot;orientation&quot;:&quot;0&quot;}\" data-image-title=\"Mateusz Nowacki\" data-image-description=\"\" data-image-caption=\"\" data-medium-file=\"http:\/\/www.gdansk.baptysci.pl\/wp-content\/uploads\/2023\/02\/Zrzut-ekranu-2016-05-05-o-11.20.24-edited-1-200x300.png\" data-large-file=\"http:\/\/www.gdansk.baptysci.pl\/wp-content\/uploads\/2023\/02\/Zrzut-ekranu-2016-05-05-o-11.20.24-edited-1-683x1024.png\" decoding=\"async\" loading=\"lazy\" width=\"200\" height=\"300\" src=\"http:\/\/www.gdansk.baptysci.pl\/wp-content\/uploads\/2023\/02\/Zrzut-ekranu-2016-05-05-o-11.20.24-edited-1-200x300.png\" alt=\"\" class=\"wp-image-20864\" srcset=\"http:\/\/www.gdansk.baptysci.pl\/wp-content\/uploads\/2023\/02\/Zrzut-ekranu-2016-05-05-o-11.20.24-edited-1-200x300.png 200w, http:\/\/www.gdansk.baptysci.pl\/wp-content\/uploads\/2023\/02\/Zrzut-ekranu-2016-05-05-o-11.20.24-edited-1-683x1024.png 683w, http:\/\/www.gdansk.baptysci.pl\/wp-content\/uploads\/2023\/02\/Zrzut-ekranu-2016-05-05-o-11.20.24-edited-1-768x1152.png 768w, http:\/\/www.gdansk.baptysci.pl\/wp-content\/uploads\/2023\/02\/Zrzut-ekranu-2016-05-05-o-11.20.24-edited-1.png 868w\" sizes=\"(max-width: 200px) 85vw, 200px\" \/><\/a><\/figure>\n<\/div>\n\n\n\n<div class=\"is-layout-flow wp-block-column\" style=\"flex-basis:100%\">\n<p>Wyk\u0142ad 3 &#8211; Mateusz Nowacki<\/p>\n\n\n\n<figure class=\"wp-block-audio\"><audio controls src=\"https:\/\/onedrive.live.com\/download?cid=DEE334F5CF11DD5D&amp;resid=DEE334F5CF11DD5D%211315&amp;authkey=AFQTszY4qF8fceI\"><\/audio><\/figure>\n<\/div>\n<\/div>\n\n\n\n<hr class=\"wp-block-separator has-alpha-channel-opacity is-style-default\"\/>\n\n\n\n<div class=\"is-layout-flex wp-container-12 wp-block-columns\">\n<div class=\"is-layout-flow wp-block-column\" style=\"flex-basis:33.33%\">\n<figure class=\"wp-block-image size-medium is-resized\"><a href=\"http:\/\/www.gdansk.baptysci.pl\/wp-content\/uploads\/2023\/01\/MaciejBialecki-e1579734510725-edited.jpg\"><img data-attachment-id=\"19693\" data-permalink=\"http:\/\/www.gdansk.baptysci.pl\/maciejbialecki-2\/\" data-orig-file=\"http:\/\/www.gdansk.baptysci.pl\/wp-content\/uploads\/2023\/01\/MaciejBialecki-e1579734510725-edited.jpg\" data-orig-size=\"341,512\" data-comments-opened=\"1\" data-image-meta=\"{&quot;aperture&quot;:&quot;0&quot;,&quot;credit&quot;:&quot;&quot;,&quot;camera&quot;:&quot;&quot;,&quot;caption&quot;:&quot;&quot;,&quot;created_timestamp&quot;:&quot;0&quot;,&quot;copyright&quot;:&quot;www.tomasziwanski.pl&quot;,&quot;focal_length&quot;:&quot;0&quot;,&quot;iso&quot;:&quot;0&quot;,&quot;shutter_speed&quot;:&quot;0&quot;,&quot;title&quot;:&quot;&quot;,&quot;orientation&quot;:&quot;0&quot;}\" data-image-title=\"MaciejBialecki\" data-image-description=\"\" data-image-caption=\"\" data-medium-file=\"http:\/\/www.gdansk.baptysci.pl\/wp-content\/uploads\/2023\/01\/MaciejBialecki-e1579734510725-edited-200x300.jpg\" data-large-file=\"http:\/\/www.gdansk.baptysci.pl\/wp-content\/uploads\/2023\/01\/MaciejBialecki-e1579734510725-edited.jpg\" decoding=\"async\" loading=\"lazy\" src=\"http:\/\/www.gdansk.baptysci.pl\/wp-content\/uploads\/2023\/01\/MaciejBialecki-e1579734510725-edited-200x300.jpg\" alt=\"\" class=\"wp-image-19693\" width=\"134\" height=\"201\" srcset=\"http:\/\/www.gdansk.baptysci.pl\/wp-content\/uploads\/2023\/01\/MaciejBialecki-e1579734510725-edited-200x300.jpg 200w, http:\/\/www.gdansk.baptysci.pl\/wp-content\/uploads\/2023\/01\/MaciejBialecki-e1579734510725-edited.jpg 341w\" sizes=\"(max-width: 134px) 85vw, 134px\" \/><\/a><\/figure>\n<\/div>\n\n\n\n<div class=\"is-layout-flow wp-block-column\" style=\"flex-basis:100%\">\n<p>Wyk\u0142ad 4 &#8211; Maciej Bia\u0142ecki<\/p>\n\n\n\n<figure class=\"wp-block-audio\"><audio controls src=\"https:\/\/onedrive.live.com\/download?cid=DEE334F5CF11DD5D&amp;resid=DEE334F5CF11DD5D%211314&amp;authkey=ADOKHD_Ecp37pOU\"><\/audio><\/figure>\n<\/div>\n<\/div>\n\n\n\n<hr class=\"wp-block-separator has-alpha-channel-opacity is-style-default\"\/>\n\n\n\n<div class=\"is-layout-flex wp-container-15 wp-block-columns\">\n<div class=\"is-layout-flow wp-block-column\" style=\"flex-basis:33.33%\">\n<figure class=\"wp-block-image size-medium\"><a href=\"http:\/\/www.gdansk.baptysci.pl\/wp-content\/uploads\/2016\/05\/Zrzut-ekranu-2016-05-05-o-11.20.24.png\"><img data-attachment-id=\"20864\" data-permalink=\"http:\/\/www.gdansk.baptysci.pl\/mateusz-nowacki-3\/\" data-orig-file=\"http:\/\/www.gdansk.baptysci.pl\/wp-content\/uploads\/2023\/02\/Zrzut-ekranu-2016-05-05-o-11.20.24-edited-1.png\" data-orig-size=\"868,1302\" data-comments-opened=\"1\" data-image-meta=\"{&quot;aperture&quot;:&quot;0&quot;,&quot;credit&quot;:&quot;&quot;,&quot;camera&quot;:&quot;&quot;,&quot;caption&quot;:&quot;&quot;,&quot;created_timestamp&quot;:&quot;0&quot;,&quot;copyright&quot;:&quot;&quot;,&quot;focal_length&quot;:&quot;0&quot;,&quot;iso&quot;:&quot;0&quot;,&quot;shutter_speed&quot;:&quot;0&quot;,&quot;title&quot;:&quot;&quot;,&quot;orientation&quot;:&quot;0&quot;}\" data-image-title=\"Mateusz Nowacki\" data-image-description=\"\" data-image-caption=\"\" data-medium-file=\"http:\/\/www.gdansk.baptysci.pl\/wp-content\/uploads\/2023\/02\/Zrzut-ekranu-2016-05-05-o-11.20.24-edited-1-200x300.png\" data-large-file=\"http:\/\/www.gdansk.baptysci.pl\/wp-content\/uploads\/2023\/02\/Zrzut-ekranu-2016-05-05-o-11.20.24-edited-1-683x1024.png\" decoding=\"async\" loading=\"lazy\" width=\"200\" height=\"300\" src=\"http:\/\/www.gdansk.baptysci.pl\/wp-content\/uploads\/2023\/02\/Zrzut-ekranu-2016-05-05-o-11.20.24-edited-1-200x300.png\" alt=\"\" class=\"wp-image-20864\" srcset=\"http:\/\/www.gdansk.baptysci.pl\/wp-content\/uploads\/2023\/02\/Zrzut-ekranu-2016-05-05-o-11.20.24-edited-1-200x300.png 200w, http:\/\/www.gdansk.baptysci.pl\/wp-content\/uploads\/2023\/02\/Zrzut-ekranu-2016-05-05-o-11.20.24-edited-1-683x1024.png 683w, http:\/\/www.gdansk.baptysci.pl\/wp-content\/uploads\/2023\/02\/Zrzut-ekranu-2016-05-05-o-11.20.24-edited-1-768x1152.png 768w, http:\/\/www.gdansk.baptysci.pl\/wp-content\/uploads\/2023\/02\/Zrzut-ekranu-2016-05-05-o-11.20.24-edited-1.png 868w\" sizes=\"(max-width: 200px) 85vw, 200px\" \/><\/a><\/figure>\n<\/div>\n\n\n\n<div class=\"is-layout-flow wp-block-column\" style=\"flex-basis:100%\">\n<p>Wyk\u0142ad 5 &#8211; Mateusz Nowacki<\/p>\n\n\n\n<figure class=\"wp-block-audio\"><audio controls src=\"https:\/\/onedrive.live.com\/download?cid=DEE334F5CF11DD5D&amp;resid=DEE334F5CF11DD5D%211316&amp;authkey=ANMmr5KjlT1p6po\"><\/audio><\/figure>\n<\/div>\n<\/div>\n\n\n\n<hr class=\"wp-block-separator has-alpha-channel-opacity is-style-default\"\/>\n\n\n\n<div class=\"is-layout-flex wp-container-18 wp-block-columns\">\n<div class=\"is-layout-flow wp-block-column\" style=\"flex-basis:33.33%\">\n<figure class=\"wp-block-image size-medium\"><a href=\"http:\/\/www.gdansk.baptysci.pl\/wp-content\/uploads\/2016\/05\/Zrzut-ekranu-2016-05-05-o-11.20.24.png\"><img data-attachment-id=\"20864\" data-permalink=\"http:\/\/www.gdansk.baptysci.pl\/mateusz-nowacki-3\/\" data-orig-file=\"http:\/\/www.gdansk.baptysci.pl\/wp-content\/uploads\/2023\/02\/Zrzut-ekranu-2016-05-05-o-11.20.24-edited-1.png\" data-orig-size=\"868,1302\" data-comments-opened=\"1\" data-image-meta=\"{&quot;aperture&quot;:&quot;0&quot;,&quot;credit&quot;:&quot;&quot;,&quot;camera&quot;:&quot;&quot;,&quot;caption&quot;:&quot;&quot;,&quot;created_timestamp&quot;:&quot;0&quot;,&quot;copyright&quot;:&quot;&quot;,&quot;focal_length&quot;:&quot;0&quot;,&quot;iso&quot;:&quot;0&quot;,&quot;shutter_speed&quot;:&quot;0&quot;,&quot;title&quot;:&quot;&quot;,&quot;orientation&quot;:&quot;0&quot;}\" data-image-title=\"Mateusz Nowacki\" data-image-description=\"\" data-image-caption=\"\" data-medium-file=\"http:\/\/www.gdansk.baptysci.pl\/wp-content\/uploads\/2023\/02\/Zrzut-ekranu-2016-05-05-o-11.20.24-edited-1-200x300.png\" data-large-file=\"http:\/\/www.gdansk.baptysci.pl\/wp-content\/uploads\/2023\/02\/Zrzut-ekranu-2016-05-05-o-11.20.24-edited-1-683x1024.png\" decoding=\"async\" loading=\"lazy\" width=\"200\" height=\"300\" src=\"http:\/\/www.gdansk.baptysci.pl\/wp-content\/uploads\/2023\/02\/Zrzut-ekranu-2016-05-05-o-11.20.24-edited-1-200x300.png\" alt=\"\" class=\"wp-image-20864\" srcset=\"http:\/\/www.gdansk.baptysci.pl\/wp-content\/uploads\/2023\/02\/Zrzut-ekranu-2016-05-05-o-11.20.24-edited-1-200x300.png 200w, http:\/\/www.gdansk.baptysci.pl\/wp-content\/uploads\/2023\/02\/Zrzut-ekranu-2016-05-05-o-11.20.24-edited-1-683x1024.png 683w, http:\/\/www.gdansk.baptysci.pl\/wp-content\/uploads\/2023\/02\/Zrzut-ekranu-2016-05-05-o-11.20.24-edited-1-768x1152.png 768w, http:\/\/www.gdansk.baptysci.pl\/wp-content\/uploads\/2023\/02\/Zrzut-ekranu-2016-05-05-o-11.20.24-edited-1.png 868w\" sizes=\"(max-width: 200px) 85vw, 200px\" \/><\/a><\/figure>\n<\/div>\n\n\n\n<div class=\"is-layout-flow wp-block-column\" style=\"flex-basis:100%\">\n<p>Wyk\u0142ad 6 &#8211; Mateusz Nowacki<\/p>\n\n\n\n<figure class=\"wp-block-audio\"><audio controls src=\"https:\/\/onedrive.live.com\/download?cid=DEE334F5CF11DD5D&amp;resid=DEE334F5CF11DD5D%211340&amp;authkey=AM6_dZgTfvo_2Ig\"><\/audio><\/figure>\n<\/div>\n<\/div>\n\n\n\n<hr class=\"wp-block-separator has-alpha-channel-opacity\"\/>\n","protected":false},"excerpt":{"rendered":"<p>&lt;&lt;Konferencje i wyk\u0142ady 2016\/2017 Wyk\u0142ad 1 &#8211; Maciej Bia\u0142ecki Wyk\u0142ad 2 &#8211; Maciej Bia\u0142ecki Wyk\u0142ad 3 &#8211; Mateusz Nowacki Wyk\u0142ad 4 &#8211; Maciej Bia\u0142ecki Wyk\u0142ad 5 &#8211; Mateusz Nowacki Wyk\u0142ad 6 &#8211; Mateusz Nowacki<\/p>\n","protected":false},"author":33,"featured_media":0,"parent":0,"menu_order":0,"comment_status":"closed","ping_status":"closed","template":"","meta":[],"jetpack_sharing_enabled":true,"_links":{"self":[{"href":"http:\/\/www.gdansk.baptysci.pl\/index.php\/wp-json\/wp\/v2\/pages\/20862"}],"collection":[{"href":"http:\/\/www.gdansk.baptysci.pl\/index.php\/wp-json\/wp\/v2\/pages"}],"about":[{"href":"http:\/\/www.gdansk.baptysci.pl\/index.php\/wp-json\/wp\/v2\/types\/page"}],"author":[{"embeddable":true,"href":"http:\/\/www.gdansk.baptysci.pl\/index.php\/wp-json\/wp\/v2\/users\/33"}],"replies":[{"embeddable":true,"href":"http:\/\/www.gdansk.baptysci.pl\/index.php\/wp-json\/wp\/v2\/comments?post=20862"}],"version-history":[{"count":7,"href":"http:\/\/www.gdansk.baptysci.pl\/index.php\/wp-json\/wp\/v2\/pages\/20862\/revisions"}],"predecessor-version":[{"id":21483,"href":"http:\/\/www.gdansk.baptysci.pl\/index.php\/wp-json\/wp\/v2\/pages\/20862\/revisions\/21483"}],"wp:attachment":[{"href":"http:\/\/www.gdansk.baptysci.pl\/index.php\/wp-json\/wp\/v2\/media?parent=20862"}],"curies":[{"name":"wp","href":"https:\/\/api.w.org\/{rel}","templated":true}]}}