{"id":19915,"date":"2023-01-24T21:13:11","date_gmt":"2023-01-24T19:13:11","guid":{"rendered":"http:\/\/www.gdansk.baptysci.pl\/?page_id=19915"},"modified":"2023-01-24T21:13:11","modified_gmt":"2023-01-24T19:13:11","slug":"sen-lalkarza-jonatana-christopher-shennan","status":"publish","type":"page","link":"http:\/\/www.gdansk.baptysci.pl\/index.php\/sen-lalkarza-jonatana-christopher-shennan\/","title":{"rendered":"Sen lalkarza Jonatana &#8211; Christopher Shennan"},"content":{"rendered":"\n<div class=\"is-layout-flex wp-container-26 wp-block-columns\">\n<div class=\"is-layout-flow wp-block-column\" style=\"flex-basis:90%\">\n<div class=\"is-layout-flow wp-block-query\"><ul class=\"is-layout-flow wp-block-post-template\"><li class=\"wp-block-post post-19816 post type-post status-publish format-video hentry category-sen-lalkarza-jonatana post_format-post-format-video\">\n\n<div class=\"is-vertical is-layout-flex wp-container-3 wp-block-group\">\n<div class=\"is-vertical is-layout-flex wp-container-2 wp-block-group\">\n<div class=\"is-vertical is-layout-flex wp-container-1 wp-block-group\"><h2 class=\"wp-block-post-title\">#1 -Dziwna przesy\u0142ka<\/h2><\/div>\n<\/div>\n<\/div>\n\n\n<div class=\"is-layout-flow entry-content wp-block-post-content\">\n<figure class=\"wp-block-embed is-type-video is-provider-youtube wp-block-embed-youtube wp-embed-aspect-16-9 wp-has-aspect-ratio\"><div class=\"wp-block-embed__wrapper\">\n<iframe loading=\"lazy\" title=\"Sen lalkarza Jonatana czyli Szkolka Niedzielna #01 | 20201101 | Pierwszy Zb\u00f3r KChB Gda\u0144sk\" width=\"840\" height=\"473\" src=\"https:\/\/www.youtube.com\/embed\/wrEZKSDrQp4?feature=oembed\" frameborder=\"0\" allow=\"accelerometer; autoplay; clipboard-write; encrypted-media; gyroscope; picture-in-picture; web-share\" allowfullscreen><\/iframe>\n<\/div><\/figure>\n<\/div>\n\n\n<hr class=\"wp-block-separator has-text-color has-dark-gray-color has-alpha-channel-opacity has-dark-gray-background-color has-background is-style-wide\"\/>\n\n<\/li><li class=\"wp-block-post post-19861 post type-post status-publish format-video hentry category-sen-lalkarza-jonatana post_format-post-format-video\">\n\n<div class=\"is-vertical is-layout-flex wp-container-7 wp-block-group\">\n<div class=\"is-vertical is-layout-flex wp-container-6 wp-block-group\">\n<div class=\"is-vertical is-layout-flex wp-container-5 wp-block-group\"><h2 class=\"wp-block-post-title\">#2 &#8211; Pocz\u0105tek dziwnych wydarze\u0144<\/h2><\/div>\n<\/div>\n<\/div>\n\n\n<div class=\"is-layout-flow entry-content wp-block-post-content\">\n<figure class=\"wp-block-embed is-type-video is-provider-youtube wp-block-embed-youtube wp-embed-aspect-16-9 wp-has-aspect-ratio\"><div class=\"wp-block-embed__wrapper\">\n<iframe loading=\"lazy\" title=\"Sen lalkarza Jonatana czyli Szk\u00f3\u0142ka Niedzielna #02 | 20201108 | Pierwszy Zb\u00f3r KChB Gda\u0144sk\" width=\"840\" height=\"473\" src=\"https:\/\/www.youtube.com\/embed\/qAXVm9YlqyE?feature=oembed\" frameborder=\"0\" allow=\"accelerometer; autoplay; clipboard-write; encrypted-media; gyroscope; picture-in-picture; web-share\" allowfullscreen><\/iframe>\n<\/div><\/figure>\n<\/div>\n\n\n<hr class=\"wp-block-separator has-text-color has-dark-gray-color has-alpha-channel-opacity has-dark-gray-background-color has-background is-style-wide\"\/>\n\n<\/li><li class=\"wp-block-post post-19860 post type-post status-publish format-video hentry category-sen-lalkarza-jonatana post_format-post-format-video\">\n\n<div class=\"is-vertical is-layout-flex wp-container-11 wp-block-group\">\n<div class=\"is-vertical is-layout-flex wp-container-10 wp-block-group\">\n<div class=\"is-vertical is-layout-flex wp-container-9 wp-block-group\"><h2 class=\"wp-block-post-title\">#3 &#8211; Tajny plan<\/h2><\/div>\n<\/div>\n<\/div>\n\n\n<div class=\"is-layout-flow entry-content wp-block-post-content\">\n<figure class=\"wp-block-embed is-type-video is-provider-youtube wp-block-embed-youtube wp-embed-aspect-16-9 wp-has-aspect-ratio\"><div class=\"wp-block-embed__wrapper\">\n<iframe loading=\"lazy\" title=\"Sen lalkarza Jonatana czyli Szk\u00f3\u0142ka Niedzielna #03 | 20201115 | Pierwszy Zb\u00f3r KChB Gda\u0144sk\" width=\"840\" height=\"473\" src=\"https:\/\/www.youtube.com\/embed\/2nNJeXeFXKk?feature=oembed\" frameborder=\"0\" allow=\"accelerometer; autoplay; clipboard-write; encrypted-media; gyroscope; picture-in-picture; web-share\" allowfullscreen><\/iframe>\n<\/div><\/figure>\n<\/div>\n\n\n<hr class=\"wp-block-separator has-text-color has-dark-gray-color has-alpha-channel-opacity has-dark-gray-background-color has-background is-style-wide\"\/>\n\n<\/li><li class=\"wp-block-post post-19859 post type-post status-publish format-video hentry category-sen-lalkarza-jonatana post_format-post-format-video\">\n\n<div class=\"is-vertical is-layout-flex wp-container-15 wp-block-group\">\n<div class=\"is-vertical is-layout-flex wp-container-14 wp-block-group\">\n<div class=\"is-vertical is-layout-flex wp-container-13 wp-block-group\"><h2 class=\"wp-block-post-title\">#4 &#8211; Ujawnienie tajnego planu<\/h2><\/div>\n<\/div>\n<\/div>\n\n\n<div class=\"is-layout-flow entry-content wp-block-post-content\">\n<figure class=\"wp-block-embed is-type-video is-provider-youtube wp-block-embed-youtube wp-embed-aspect-16-9 wp-has-aspect-ratio\"><div class=\"wp-block-embed__wrapper\">\n<iframe loading=\"lazy\" title=\"Sen lalkarza Jonatana czyli Szk\u00f3\u0142ka Niedzielna #04 | 20201122 | Pierwszy Zb\u00f3r KChB Gda\u0144sk\" width=\"840\" height=\"473\" src=\"https:\/\/www.youtube.com\/embed\/PgCder2OzQM?feature=oembed\" frameborder=\"0\" allow=\"accelerometer; autoplay; clipboard-write; encrypted-media; gyroscope; picture-in-picture; web-share\" allowfullscreen><\/iframe>\n<\/div><\/figure>\n<\/div>\n\n\n<hr class=\"wp-block-separator has-text-color has-dark-gray-color has-alpha-channel-opacity has-dark-gray-background-color has-background is-style-wide\"\/>\n\n<\/li><li class=\"wp-block-post post-19858 post type-post status-publish format-video hentry category-sen-lalkarza-jonatana post_format-post-format-video\">\n\n<div class=\"is-vertical is-layout-flex wp-container-19 wp-block-group\">\n<div class=\"is-vertical is-layout-flex wp-container-18 wp-block-group\">\n<div class=\"is-vertical is-layout-flex wp-container-17 wp-block-group\"><h2 class=\"wp-block-post-title\">#5 &#8211; Mardus przejmuje w\u0142adz\u0119<\/h2><\/div>\n<\/div>\n<\/div>\n\n\n<div class=\"is-layout-flow entry-content wp-block-post-content\">\n<figure class=\"wp-block-embed is-type-video is-provider-youtube wp-block-embed-youtube wp-embed-aspect-16-9 wp-has-aspect-ratio\"><div class=\"wp-block-embed__wrapper\">\n<iframe loading=\"lazy\" title=\"Sen lalkarza Jonatana czyli Szk\u00f3\u0142ka Niedzielna #06 | 20201206 | Pierwszy Zb\u00f3r KChB Gda\u0144sk\" width=\"840\" height=\"473\" src=\"https:\/\/www.youtube.com\/embed\/GUhnIDdcxD4?feature=oembed\" frameborder=\"0\" allow=\"accelerometer; autoplay; clipboard-write; encrypted-media; gyroscope; picture-in-picture; web-share\" allowfullscreen><\/iframe>\n<\/div><\/figure>\n<\/div>\n\n\n<hr class=\"wp-block-separator has-text-color has-dark-gray-color has-alpha-channel-opacity has-dark-gray-background-color has-background is-style-wide\"\/>\n\n<\/li><\/ul>\n\n<nav class=\"is-layout-flex wp-block-query-pagination\" aria-label=\"Stronicowanie\">\n\n\n<div class=\"wp-block-query-pagination-numbers\"><span aria-current=\"page\" class=\"page-numbers current\">1<\/span>\n<a class=\"page-numbers\" href=\"?query-0-page=2\">2<\/a>\n<a class=\"page-numbers\" href=\"?query-0-page=3\">3<\/a>\n<span class=\"page-numbers dots\">&hellip;<\/span>\n<a class=\"page-numbers\" href=\"?query-0-page=6\">6<\/a><\/div>\n\n<a href=\"\/index.php\/wp-json\/wp\/v2\/pages\/19915?query-0-page=2\" class=\"wp-block-query-pagination-next\">Nast\u0119pna strona<\/a>\n<\/nav>\n\n<\/div>\n<\/div>\n\n\n\n<div class=\"is-layout-flow wp-block-column\" style=\"flex-basis:25%\"><\/div>\n<\/div>\n","protected":false},"excerpt":{"rendered":"","protected":false},"author":33,"featured_media":0,"parent":0,"menu_order":0,"comment_status":"closed","ping_status":"closed","template":"","meta":[],"jetpack_sharing_enabled":true,"_links":{"self":[{"href":"http:\/\/www.gdansk.baptysci.pl\/index.php\/wp-json\/wp\/v2\/pages\/19915"}],"collection":[{"href":"http:\/\/www.gdansk.baptysci.pl\/index.php\/wp-json\/wp\/v2\/pages"}],"about":[{"href":"http:\/\/www.gdansk.baptysci.pl\/index.php\/wp-json\/wp\/v2\/types\/page"}],"author":[{"embeddable":true,"href":"http:\/\/www.gdansk.baptysci.pl\/index.php\/wp-json\/wp\/v2\/users\/33"}],"replies":[{"embeddable":true,"href":"http:\/\/www.gdansk.baptysci.pl\/index.php\/wp-json\/wp\/v2\/comments?post=19915"}],"version-history":[{"count":1,"href":"http:\/\/www.gdansk.baptysci.pl\/index.php\/wp-json\/wp\/v2\/pages\/19915\/revisions"}],"predecessor-version":[{"id":19916,"href":"http:\/\/www.gdansk.baptysci.pl\/index.php\/wp-json\/wp\/v2\/pages\/19915\/revisions\/19916"}],"wp:attachment":[{"href":"http:\/\/www.gdansk.baptysci.pl\/index.php\/wp-json\/wp\/v2\/media?parent=19915"}],"curies":[{"name":"wp","href":"https:\/\/api.w.org\/{rel}","templated":true}]}}