{"id":19798,"date":"2018-03-04T02:41:00","date_gmt":"2018-03-04T00:41:00","guid":{"rendered":"http:\/\/www.gdansk.baptysci.pl\/?page_id=19798"},"modified":"2023-02-18T14:08:52","modified_gmt":"2023-02-18T12:08:52","slug":"2018-konferencja-mlodziezowa-nie-zmarnuj-zycia","status":"publish","type":"page","link":"http:\/\/www.gdansk.baptysci.pl\/index.php\/2018-konferencja-mlodziezowa-nie-zmarnuj-zycia\/","title":{"rendered":"Konferencja m\u0142odzie\u017cowa &#8222;Nie zmarnuj \u017cycia&#8221;"},"content":{"rendered":"\n<p><a href=\"http:\/\/www.gdansk.baptysci.pl\/index.php\/konferencje\/\" data-type=\"URL\" data-id=\"http:\/\/www.gdansk.baptysci.pl\/index.php\/konferencje\/\">&lt;&lt;Konferencje i wyk\u0142ady<\/a><\/p>\n\n\n\n<p class=\"has-text-align-center\">2018.03<\/p>\n\n\n\n<hr class=\"wp-block-separator has-alpha-channel-opacity is-style-dots\"\/>\n\n\n<div class=\"wp-block-image\">\n<figure class=\"aligncenter size-medium\"><a href=\"http:\/\/www.gdansk.baptysci.pl\/wp-content\/uploads\/2018\/03\/nzz.png\"><img data-attachment-id=\"3651\" data-permalink=\"http:\/\/www.gdansk.baptysci.pl\/nzz-2\/\" data-orig-file=\"http:\/\/www.gdansk.baptysci.pl\/wp-content\/uploads\/2018\/03\/nzz.png\" data-orig-size=\"1286,714\" data-comments-opened=\"1\" data-image-meta=\"{&quot;aperture&quot;:&quot;0&quot;,&quot;credit&quot;:&quot;&quot;,&quot;camera&quot;:&quot;&quot;,&quot;caption&quot;:&quot;&quot;,&quot;created_timestamp&quot;:&quot;0&quot;,&quot;copyright&quot;:&quot;&quot;,&quot;focal_length&quot;:&quot;0&quot;,&quot;iso&quot;:&quot;0&quot;,&quot;shutter_speed&quot;:&quot;0&quot;,&quot;title&quot;:&quot;&quot;,&quot;orientation&quot;:&quot;0&quot;}\" data-image-title=\"nzz\" data-image-description=\"\" data-image-caption=\"\" data-medium-file=\"http:\/\/www.gdansk.baptysci.pl\/wp-content\/uploads\/2018\/03\/nzz-300x167.png\" data-large-file=\"http:\/\/www.gdansk.baptysci.pl\/wp-content\/uploads\/2018\/03\/nzz-1024x569.png\" decoding=\"async\" loading=\"lazy\" width=\"300\" height=\"167\" src=\"http:\/\/www.gdansk.baptysci.pl\/wp-content\/uploads\/2018\/03\/nzz-300x167.png\" alt=\"\" class=\"wp-image-3651\" srcset=\"http:\/\/www.gdansk.baptysci.pl\/wp-content\/uploads\/2018\/03\/nzz-300x167.png 300w, http:\/\/www.gdansk.baptysci.pl\/wp-content\/uploads\/2018\/03\/nzz-768x426.png 768w, http:\/\/www.gdansk.baptysci.pl\/wp-content\/uploads\/2018\/03\/nzz-1024x569.png 1024w, http:\/\/www.gdansk.baptysci.pl\/wp-content\/uploads\/2018\/03\/nzz.png 1286w\" sizes=\"(max-width: 300px) 85vw, 300px\" \/><\/a><\/figure><\/div>\n\n\n<div class=\"is-layout-flow wp-block-query\"><div class=\"wp-block-query-no-results\">\n\n<p>Na pocz\u0105tku marca wsparli\u015bmy naszych braci w Elbl\u0105gu obs\u0142udze akustycznej konferencji m\u0142odzie\u017cowej pt. &#8222;Nie zmarnuj \u017cycia 6&#8221;.&nbsp;Udzia\u0142 w konferencji wzi\u0119\u0142o ponad 170 os\u00f3b w wieku m\u0142odzie\u017cowym i studenckim.<\/p>\n\n\n\n<p><strong>NIE ZMARNUJ \u017bYCIA<\/strong><br>To cykl konferencji dla m\u0142odego pokolenia, kt\u00f3re od 2012 roku maj\u0105 miejsce w KChB w Elbl\u0105gu. Corocznie gromadz\u0105 one ok. 200 os\u00f3b. NZ\u017b to przestrze\u0144, w kt\u00f3rej znajdziecie inspiruj\u0105ce tre\u015bci, dobr\u0105 muzyk\u0119, nawi\u0105\u017cecie nowe znajomo\u015bci i rozwiniecie swoje relacje. &#8222;Nie zmarnuj \u017cycia&#8221; to wi\u0119cej ni\u017c wydarzenie. To wyzwanie, kt\u00f3re stawiamy przed m\u0142odym pokoleniem. Podejmij je razem z nami.<\/p>\n\n\n\n<p><span style=\"text-decoration: underline;\"><em>Poni\u017cej zamieszczamy kazania z tej konferencji:<\/em><\/span><\/p>\n\n\n\n<p><strong>Dan Hash- &#8222;Twoja przesz\u0142o\u015b\u0107 i Twoja przysz\u0142o\u015b\u0107&#8221;:<\/strong><\/p>\n\n\n\n<figure class=\"wp-block-audio\"><audio controls src=\"https:\/\/onedrive.live.com\/download?cid=DEE334F5CF11DD5D&amp;resid=DEE334F5CF11DD5D%211897&amp;authkey=ADii6bLNnjvYAeg\"><\/audio><\/figure>\n\n\n\n<hr class=\"wp-block-separator has-alpha-channel-opacity\"\/>\n\n\n\n<p><strong>Dan Hash- &#8222;Lepiej jest dawa\u0107, ni\u017c bra\u0107. Ale sk\u0105d bra\u0107?:<\/strong><\/p>\n\n\n\n<figure class=\"wp-block-audio\"><audio controls src=\"https:\/\/onedrive.live.com\/download?cid=DEE334F5CF11DD5D&amp;resid=DEE334F5CF11DD5D%211898&amp;authkey=AH4fTLAvfOej5fs\"><\/audio><\/figure>\n\n\n\n<hr class=\"wp-block-separator has-alpha-channel-opacity\"\/>\n\n\n\n<p><strong>Micha\u0142 Szlachetka- &#8222;Wojna Bog\u00f3w&#8221;:<\/strong><\/p>\n\n\n\n<figure class=\"wp-block-audio\"><audio controls src=\"https:\/\/onedrive.live.com\/download?cid=DEE334F5CF11DD5D&amp;resid=DEE334F5CF11DD5D%211901&amp;authkey=ALHfuNZGleRxJ-Y\"><\/audio><\/figure>\n\n\n\n<hr class=\"wp-block-separator has-alpha-channel-opacity\"\/>\n\n\n\n<p><strong>Radek \u015awierk- &#8222;Bo\u017ca historia\/Twoja historia&#8221;:<\/strong><\/p>\n\n\n\n<figure class=\"wp-block-audio\"><audio controls src=\"https:\/\/onedrive.live.com\/download?cid=DEE334F5CF11DD5D&amp;resid=DEE334F5CF11DD5D%211900&amp;authkey=AMlZjqahqPVhn48\"><\/audio><\/figure>\n\n\n\n<hr class=\"wp-block-separator has-alpha-channel-opacity\"\/>\n\n\n\n<p><strong>Micha\u0142 Szlachetka- &#8222;Kto dla kogo jest gigantem?&#8221;<\/strong><\/p>\n\n\n\n<figure class=\"wp-block-audio\"><audio controls src=\"https:\/\/onedrive.live.com\/download?cid=DEE334F5CF11DD5D&amp;resid=DEE334F5CF11DD5D%211902&amp;authkey=AGXdaHirryKzBWM\"><\/audio><\/figure>\n\n\n\n<hr class=\"wp-block-separator has-alpha-channel-opacity\"\/>\n\n\n\n<p><strong>Church Talk<\/strong><\/p>\n\n\n\n<p>Prelegenci: Laura i Dan Hash oraz Agnieszka i Zbyszek Niemasik<\/p>\n\n\n\n<figure class=\"wp-block-audio\"><audio controls src=\"https:\/\/onedrive.live.com\/download?cid=DEE334F5CF11DD5D&amp;resid=DEE334F5CF11DD5D%211899&amp;authkey=AAM6m9mKuEGkAu0\"><\/audio><\/figure>\n\n\n\n<hr class=\"wp-block-separator has-alpha-channel-opacity\"\/>\n\n\n\n<p>Dzi\u0119kujemy,&nbsp; \u017ce ponownie mogli\u015bmy wsp\u00f3\u0142dzia\u0142a\u0107 w tworzeniu tego niezwyk\u0142ego wydarzeniu i&nbsp; dzi\u0119ki Bogu mogli\u015bmy wesprze\u0107 sprz\u0119towo braci w Elbl\u0105gu.<\/p>\n\n<\/div><\/div>\n","protected":false},"excerpt":{"rendered":"<p>&lt;&lt;Konferencje i wyk\u0142ady 2018.03<\/p>\n","protected":false},"author":33,"featured_media":0,"parent":0,"menu_order":0,"comment_status":"closed","ping_status":"closed","template":"","meta":[],"jetpack_sharing_enabled":true,"_links":{"self":[{"href":"http:\/\/www.gdansk.baptysci.pl\/index.php\/wp-json\/wp\/v2\/pages\/19798"}],"collection":[{"href":"http:\/\/www.gdansk.baptysci.pl\/index.php\/wp-json\/wp\/v2\/pages"}],"about":[{"href":"http:\/\/www.gdansk.baptysci.pl\/index.php\/wp-json\/wp\/v2\/types\/page"}],"author":[{"embeddable":true,"href":"http:\/\/www.gdansk.baptysci.pl\/index.php\/wp-json\/wp\/v2\/users\/33"}],"replies":[{"embeddable":true,"href":"http:\/\/www.gdansk.baptysci.pl\/index.php\/wp-json\/wp\/v2\/comments?post=19798"}],"version-history":[{"count":6,"href":"http:\/\/www.gdansk.baptysci.pl\/index.php\/wp-json\/wp\/v2\/pages\/19798\/revisions"}],"predecessor-version":[{"id":21667,"href":"http:\/\/www.gdansk.baptysci.pl\/index.php\/wp-json\/wp\/v2\/pages\/19798\/revisions\/21667"}],"wp:attachment":[{"href":"http:\/\/www.gdansk.baptysci.pl\/index.php\/wp-json\/wp\/v2\/media?parent=19798"}],"curies":[{"name":"wp","href":"https:\/\/api.w.org\/{rel}","templated":true}]}}