{"id":19679,"date":"2023-01-07T15:07:51","date_gmt":"2023-01-07T13:07:51","guid":{"rendered":"http:\/\/www.gdansk.baptysci.pl\/?page_id=19679"},"modified":"2023-01-07T15:07:51","modified_gmt":"2023-01-07T13:07:51","slug":"list-jakuba","status":"publish","type":"page","link":"http:\/\/www.gdansk.baptysci.pl\/index.php\/list-jakuba\/","title":{"rendered":"List Jakuba"},"content":{"rendered":"\n<figure class=\"wp-block-image size-full is-resized\"><a href=\"http:\/\/www.gdansk.baptysci.pl\/wp-content\/uploads\/2014\/12\/bible_lightstock_169258_960x250.jpg\"><img data-attachment-id=\"590\" data-permalink=\"http:\/\/www.gdansk.baptysci.pl\/bible_lightstock_169258_960x250\/\" data-orig-file=\"http:\/\/www.gdansk.baptysci.pl\/wp-content\/uploads\/2014\/12\/bible_lightstock_169258_960x250.jpg\" data-orig-size=\"960,250\" data-comments-opened=\"1\" data-image-meta=\"{&quot;aperture&quot;:&quot;1.8&quot;,&quot;credit&quot;:&quot;&quot;,&quot;camera&quot;:&quot;Canon EOS 5D Mark II&quot;,&quot;caption&quot;:&quot;&quot;,&quot;created_timestamp&quot;:&quot;1412620382&quot;,&quot;copyright&quot;:&quot;&quot;,&quot;focal_length&quot;:&quot;50&quot;,&quot;iso&quot;:&quot;500&quot;,&quot;shutter_speed&quot;:&quot;0.008&quot;,&quot;title&quot;:&quot;&quot;,&quot;orientation&quot;:&quot;0&quot;}\" data-image-title=\"bible_lightstock_169258_960x250\" data-image-description=\"\" data-image-caption=\"\" data-medium-file=\"http:\/\/www.gdansk.baptysci.pl\/wp-content\/uploads\/2014\/12\/bible_lightstock_169258_960x250-300x78.jpg\" data-large-file=\"http:\/\/www.gdansk.baptysci.pl\/wp-content\/uploads\/2014\/12\/bible_lightstock_169258_960x250.jpg\" decoding=\"async\" loading=\"lazy\" src=\"http:\/\/www.gdansk.baptysci.pl\/wp-content\/uploads\/2014\/12\/bible_lightstock_169258_960x250.jpg\" alt=\"\" class=\"wp-image-590\" width=\"891\" height=\"232\" srcset=\"http:\/\/www.gdansk.baptysci.pl\/wp-content\/uploads\/2014\/12\/bible_lightstock_169258_960x250.jpg 960w, http:\/\/www.gdansk.baptysci.pl\/wp-content\/uploads\/2014\/12\/bible_lightstock_169258_960x250-300x78.jpg 300w\" sizes=\"(max-width: 709px) 85vw, (max-width: 909px) 67vw, (max-width: 1362px) 62vw, 840px\" \/><\/a><\/figure>\n\n\n\n<p><a href=\"http:\/\/www.gdansk.baptysci.pl\/index.php\/kazania\/\" data-type=\"URL\" data-id=\"http:\/\/www.gdansk.baptysci.pl\/index.php\/kazania\/\">&lt;&lt; Powr\u00f3t do kaza\u0144<\/a><\/p>\n\n\n\n<div class=\"is-layout-flex wp-container-27 wp-block-columns\">\n<div class=\"is-layout-flow wp-block-column\" style=\"flex-basis:90%\">\n<div class=\"is-layout-flow wp-block-query\"><nav class=\"is-layout-flex wp-block-query-pagination\" aria-label=\"Stronicowanie\">\n\n\n<div class=\"wp-block-query-pagination-numbers\"><span aria-current=\"page\" class=\"page-numbers current\">1<\/span>\n<a class=\"page-numbers\" href=\"?query-13-page=2\">2<\/a>\n<a class=\"page-numbers\" href=\"?query-13-page=3\">3<\/a>\n<span class=\"page-numbers dots\">&hellip;<\/span>\n<a class=\"page-numbers\" href=\"?query-13-page=5\">5<\/a><\/div>\n\n<a href=\"\/index.php\/wp-json\/wp\/v2\/pages\/19679?query-13-page=2\" class=\"wp-block-query-pagination-next\">Nast\u0119pna strona<\/a>\n<\/nav>\n\n<ul class=\"is-layout-flow wp-block-post-template\"><li class=\"wp-block-post post-19726 post type-post status-publish format-video hentry category-kazania category-kazania-2023 category-list-do-efezjan category-list-do-hebrajczykow category-list-do-kolosan category-list-jakuba category-pierwszy-list-do-koryntian category-roy-stiff post_format-post-format-video\">\n\n<div class=\"is-layout-constrained wp-block-group\"><div class=\"wp-block-group__inner-container\">\n<div class=\"is-vertical is-layout-flex wp-container-3 wp-block-group\">\n<div class=\"is-vertical is-content-justification-left is-layout-flex wp-container-2 wp-block-group\"><h2 class=\"wp-block-post-title has-medium-font-size\">2023.01.15 &#8211; Roy Stiff<\/h2><\/div>\n<\/div>\n<\/div><\/div>\n\n\n<div class=\"is-layout-flow entry-content wp-block-post-content\">\n<p>Kolosan 3:1-9   |   1Koryntian 6:17   |  Jakuba 1:19-21   |   Kolosan 3:12-14   |   Efezjan 4:26   |   Hebrajczyk\u00f3w 12:14-15<\/p>\n\n\n\n<figure class=\"wp-block-embed is-type-video is-provider-youtube wp-block-embed-youtube wp-embed-aspect-16-9 wp-has-aspect-ratio\"><div class=\"wp-block-embed__wrapper\">\n<iframe loading=\"lazy\" title=\"Nabo\u017ce\u0144stwo | 20230115\" width=\"840\" height=\"473\" src=\"https:\/\/www.youtube.com\/embed\/wUm6AG0z9CE?start=445&#038;feature=oembed\" frameborder=\"0\" allow=\"accelerometer; autoplay; clipboard-write; encrypted-media; gyroscope; picture-in-picture; web-share\" allowfullscreen><\/iframe>\n<\/div><\/figure>\n<\/div>\n\n\n<hr class=\"wp-block-separator has-text-color has-dark-gray-color has-alpha-channel-opacity has-dark-gray-background-color has-background is-style-wide\"\/>\n\n<\/li><li class=\"wp-block-post post-19204 post type-post status-publish format-video hentry category-ew-lukasza category-ew-mateusza category-kazania category-kazania-2022 category-list-do-efezjan category-list-do-hebrajczykow category-list-jakuba category-objawienie-jana category-pierwszy-list-piotra category-roy-stiff post_format-post-format-video\">\n\n<div class=\"is-layout-constrained wp-block-group\"><div class=\"wp-block-group__inner-container\">\n<div class=\"is-vertical is-layout-flex wp-container-7 wp-block-group\">\n<div class=\"is-vertical is-content-justification-left is-layout-flex wp-container-6 wp-block-group\"><h2 class=\"wp-block-post-title has-medium-font-size\">2022.10.30 &#8211; Roy Stiff<\/h2><\/div>\n<\/div>\n<\/div><\/div>\n\n\n<div class=\"is-layout-flow entry-content wp-block-post-content\">\n<p>Efezjan 6:12   |   Mateusza 4:8-10   |   \u0141ukasza14:10   |   Hebrajczyk\u00f3w 12:10   |   Objawienia 2:8-10   |   Jakuba 4:7   |   1Piotra 5:6-9   |   Efezjan 4:27   |   Efezjan 6:13-18<\/p>\n\n\n\n<figure class=\"wp-block-embed is-type-video is-provider-youtube wp-block-embed-youtube wp-embed-aspect-16-9 wp-has-aspect-ratio\"><div class=\"wp-block-embed__wrapper\">\n<iframe loading=\"lazy\" title=\"Nabo\u017ce\u0144stwo 20221030\" width=\"840\" height=\"473\" src=\"https:\/\/www.youtube.com\/embed\/aaJ2jTYTa48?feature=oembed\" frameborder=\"0\" allow=\"accelerometer; autoplay; clipboard-write; encrypted-media; gyroscope; picture-in-picture; web-share\" allowfullscreen><\/iframe>\n<\/div><\/figure>\n<\/div>\n\n\n<hr class=\"wp-block-separator has-text-color has-dark-gray-color has-alpha-channel-opacity has-dark-gray-background-color has-background is-style-wide\"\/>\n\n<\/li><li class=\"wp-block-post post-19519 post type-post status-publish format-video hentry category-kazania category-kazania-2021 category-ken-brownd category-ksiega-rodzaju category-list-do-filipian category-list-do-rzymian category-list-jakuba post_format-post-format-video\">\n\n<div class=\"is-layout-constrained wp-block-group\"><div class=\"wp-block-group__inner-container\">\n<div class=\"is-vertical is-layout-flex wp-container-11 wp-block-group\">\n<div class=\"is-vertical is-content-justification-left is-layout-flex wp-container-10 wp-block-group\"><h2 class=\"wp-block-post-title has-medium-font-size\">2021.10.24 &#8211; Ken Brownd<\/h2><\/div>\n<\/div>\n<\/div><\/div>\n\n\n<div class=\"is-layout-flow entry-content wp-block-post-content\">\n<p>Rodzaju 3:1-5   |   Filipian 2:5-8   |  Jakuba 4:6-7   |   Jakuba 4:10-12   |   Rzymian 10:3<\/p>\n\n\n\n<figure class=\"wp-block-embed is-type-video is-provider-youtube wp-block-embed-youtube wp-embed-aspect-16-9 wp-has-aspect-ratio\"><div class=\"wp-block-embed__wrapper\">\n<iframe loading=\"lazy\" title=\"Nabo\u017ce\u0144stwo 20211024\" width=\"840\" height=\"473\" src=\"https:\/\/www.youtube.com\/embed\/hve3i7ods6Y?feature=oembed\" frameborder=\"0\" allow=\"accelerometer; autoplay; clipboard-write; encrypted-media; gyroscope; picture-in-picture\" allowfullscreen><\/iframe>\n<\/div><\/figure>\n<\/div>\n\n\n<hr class=\"wp-block-separator has-text-color has-dark-gray-color has-alpha-channel-opacity has-dark-gray-background-color has-background is-style-wide\"\/>\n\n<\/li><li class=\"wp-block-post post-19538 post type-post status-publish format-video hentry category-druga-ksiega-krolewska category-kazania category-kazania-2021 category-list-jakuba category-roy-stiff post_format-post-format-video\">\n\n<div class=\"is-layout-constrained wp-block-group\"><div class=\"wp-block-group__inner-container\">\n<div class=\"is-vertical is-layout-flex wp-container-15 wp-block-group\">\n<div class=\"is-vertical is-content-justification-left is-layout-flex wp-container-14 wp-block-group\"><h2 class=\"wp-block-post-title has-medium-font-size\">2021.08.22 &#8211; Roy Stiff<\/h2><\/div>\n<\/div>\n<\/div><\/div>\n\n\n<div class=\"is-layout-flow entry-content wp-block-post-content\">\n<p>Jakuba 5:17-18   |   2Kr\u00f3lewska 4:1-7   |   2Kr\u00f3lewska 4:11-16   |   2Kr\u00f3lewska 4:22-27-30   |   2Kr\u00f3lewska 3:13-18<\/p>\n\n\n\n<figure class=\"wp-block-embed is-type-video is-provider-youtube wp-block-embed-youtube wp-embed-aspect-16-9 wp-has-aspect-ratio\"><div class=\"wp-block-embed__wrapper\">\n<iframe loading=\"lazy\" title=\"Nabo\u017ce\u0144stwo 20210822\" width=\"840\" height=\"473\" src=\"https:\/\/www.youtube.com\/embed\/lThvvVdHjVg?feature=oembed\" frameborder=\"0\" allow=\"accelerometer; autoplay; clipboard-write; encrypted-media; gyroscope; picture-in-picture\" allowfullscreen><\/iframe>\n<\/div><\/figure>\n<\/div>\n\n\n<hr class=\"wp-block-separator has-text-color has-dark-gray-color has-alpha-channel-opacity has-dark-gray-background-color has-background is-style-wide\"\/>\n\n<\/li><li class=\"wp-block-post post-19549 post type-post status-publish format-video hentry category-druga-ksiega-samuela category-drugi-list-do-tymoteusza category-ew-jana category-ew-lukasza category-ew-mateusza category-ewangelia-marka category-kazania category-kazania-2021 category-ksiega-izajasza category-ksiega-jonasza category-ksiega-przyslow category-ksiega-psalmow category-list-do-hebrajczykow category-list-do-rzymian category-list-jakuba category-pierwszy-list-do-tymoteusza category-remigiusz-neumann post_format-post-format-video\">\n\n<div class=\"is-layout-constrained wp-block-group\"><div class=\"wp-block-group__inner-container\">\n<div class=\"is-vertical is-layout-flex wp-container-19 wp-block-group\">\n<div class=\"is-vertical is-content-justification-left is-layout-flex wp-container-18 wp-block-group\"><h2 class=\"wp-block-post-title has-medium-font-size\">2021.07.18 &#8211; Remigiusz Neumann &#8211; Nie s\u0142ucham Boga&#8230;<\/h2><\/div>\n<\/div>\n<\/div><\/div>\n\n\n<div class=\"is-layout-flow entry-content wp-block-post-content\">\n<p>Jonasza 1:1-3   |    Jana 6:59-60   |   Jana 8:43   |   1Tymoteusza 4:1   |   Marka 6:11   |   \u0141ukasza 9:44   |   Rzymian 11:8   |   Jana 12:47-48   |   Hebrajczyk\u00f3w 1:2   |   Rzymian 10:14-20   |   Przys\u0142\u00f3w 3:3-9   |   2Samuela 7:8   |   Jana 17:17   |   Mateusza 13:34-35   |   Marka 4:33-34   |   Jana 8:44   |   2Tymoteusza 4:3-4   |    Jana 20:30-31   |   Psalm\u00f3w 19:9-11   |    Rzymian 10:14-19   |   Jakuba 1:16-22   |  Izajasza 55:11<\/p>\n\n\n\n<figure class=\"wp-block-embed is-type-video is-provider-youtube wp-block-embed-youtube wp-embed-aspect-16-9 wp-has-aspect-ratio\"><div class=\"wp-block-embed__wrapper\">\n<iframe loading=\"lazy\" title=\"Nabo\u017ce\u0144stwo 20210718 | Remigiusz Neumann &quot;Nie s\u0142ucham Boga, poniewa\u017c ...&quot;\" width=\"840\" height=\"473\" src=\"https:\/\/www.youtube.com\/embed\/nFRYvmDUwPQ?feature=oembed\" frameborder=\"0\" allow=\"accelerometer; autoplay; clipboard-write; encrypted-media; gyroscope; picture-in-picture\" allowfullscreen><\/iframe>\n<\/div><\/figure>\n<\/div>\n\n\n<hr class=\"wp-block-separator has-text-color has-dark-gray-color has-alpha-channel-opacity has-dark-gray-background-color has-background is-style-wide\"\/>\n\n<\/li><\/ul>\n\n<nav class=\"is-layout-flex wp-block-query-pagination\" aria-label=\"Stronicowanie\">\n\n\n<div class=\"wp-block-query-pagination-numbers\"><span aria-current=\"page\" class=\"page-numbers current\">1<\/span>\n<a class=\"page-numbers\" href=\"?query-13-page=2\">2<\/a>\n<a class=\"page-numbers\" href=\"?query-13-page=3\">3<\/a>\n<span class=\"page-numbers dots\">&hellip;<\/span>\n<a class=\"page-numbers\" href=\"?query-13-page=5\">5<\/a><\/div>\n\n<a href=\"\/index.php\/wp-json\/wp\/v2\/pages\/19679?query-13-page=2\" class=\"wp-block-query-pagination-next\">Nast\u0119pna strona<\/a>\n<\/nav>\n\n<\/div>\n<\/div>\n\n\n\n<div class=\"is-layout-flow wp-block-column\" style=\"flex-basis:25%\"><\/div>\n<\/div>\n","protected":false},"excerpt":{"rendered":"<p>&lt;&lt; Powr\u00f3t do kaza\u0144<\/p>\n","protected":false},"author":33,"featured_media":0,"parent":0,"menu_order":0,"comment_status":"closed","ping_status":"closed","template":"","meta":[],"jetpack_sharing_enabled":true,"_links":{"self":[{"href":"http:\/\/www.gdansk.baptysci.pl\/index.php\/wp-json\/wp\/v2\/pages\/19679"}],"collection":[{"href":"http:\/\/www.gdansk.baptysci.pl\/index.php\/wp-json\/wp\/v2\/pages"}],"about":[{"href":"http:\/\/www.gdansk.baptysci.pl\/index.php\/wp-json\/wp\/v2\/types\/page"}],"author":[{"embeddable":true,"href":"http:\/\/www.gdansk.baptysci.pl\/index.php\/wp-json\/wp\/v2\/users\/33"}],"replies":[{"embeddable":true,"href":"http:\/\/www.gdansk.baptysci.pl\/index.php\/wp-json\/wp\/v2\/comments?post=19679"}],"version-history":[{"count":1,"href":"http:\/\/www.gdansk.baptysci.pl\/index.php\/wp-json\/wp\/v2\/pages\/19679\/revisions"}],"predecessor-version":[{"id":19686,"href":"http:\/\/www.gdansk.baptysci.pl\/index.php\/wp-json\/wp\/v2\/pages\/19679\/revisions\/19686"}],"wp:attachment":[{"href":"http:\/\/www.gdansk.baptysci.pl\/index.php\/wp-json\/wp\/v2\/media?parent=19679"}],"curies":[{"name":"wp","href":"https:\/\/api.w.org\/{rel}","templated":true}]}}