{"id":19421,"date":"2022-12-18T00:38:02","date_gmt":"2022-12-17T22:38:02","guid":{"rendered":"http:\/\/www.gdansk.baptysci.pl\/?page_id=19421"},"modified":"2022-12-18T00:38:02","modified_gmt":"2022-12-17T22:38:02","slug":"ksiega-izajasza","status":"publish","type":"page","link":"http:\/\/www.gdansk.baptysci.pl\/index.php\/ksiega-izajasza\/","title":{"rendered":"Ksi\u0119ga Izajasza"},"content":{"rendered":"\n<figure class=\"wp-block-image size-full is-resized\"><a href=\"http:\/\/www.gdansk.baptysci.pl\/wp-content\/uploads\/2014\/12\/bible_lightstock_169258_960x250.jpg\"><img data-attachment-id=\"590\" data-permalink=\"http:\/\/www.gdansk.baptysci.pl\/bible_lightstock_169258_960x250\/\" data-orig-file=\"http:\/\/www.gdansk.baptysci.pl\/wp-content\/uploads\/2014\/12\/bible_lightstock_169258_960x250.jpg\" data-orig-size=\"960,250\" data-comments-opened=\"1\" data-image-meta=\"{&quot;aperture&quot;:&quot;1.8&quot;,&quot;credit&quot;:&quot;&quot;,&quot;camera&quot;:&quot;Canon EOS 5D Mark II&quot;,&quot;caption&quot;:&quot;&quot;,&quot;created_timestamp&quot;:&quot;1412620382&quot;,&quot;copyright&quot;:&quot;&quot;,&quot;focal_length&quot;:&quot;50&quot;,&quot;iso&quot;:&quot;500&quot;,&quot;shutter_speed&quot;:&quot;0.008&quot;,&quot;title&quot;:&quot;&quot;,&quot;orientation&quot;:&quot;0&quot;}\" data-image-title=\"bible_lightstock_169258_960x250\" data-image-description=\"\" data-image-caption=\"\" data-medium-file=\"http:\/\/www.gdansk.baptysci.pl\/wp-content\/uploads\/2014\/12\/bible_lightstock_169258_960x250-300x78.jpg\" data-large-file=\"http:\/\/www.gdansk.baptysci.pl\/wp-content\/uploads\/2014\/12\/bible_lightstock_169258_960x250.jpg\" decoding=\"async\" loading=\"lazy\" src=\"http:\/\/www.gdansk.baptysci.pl\/wp-content\/uploads\/2014\/12\/bible_lightstock_169258_960x250.jpg\" alt=\"\" class=\"wp-image-590\" width=\"891\" height=\"232\" srcset=\"http:\/\/www.gdansk.baptysci.pl\/wp-content\/uploads\/2014\/12\/bible_lightstock_169258_960x250.jpg 960w, http:\/\/www.gdansk.baptysci.pl\/wp-content\/uploads\/2014\/12\/bible_lightstock_169258_960x250-300x78.jpg 300w\" sizes=\"(max-width: 709px) 85vw, (max-width: 909px) 67vw, (max-width: 1362px) 62vw, 840px\" \/><\/a><\/figure>\n\n\n\n<p><a href=\"http:\/\/www.gdansk.baptysci.pl\/index.php\/kazania\/\" data-type=\"URL\" data-id=\"http:\/\/www.gdansk.baptysci.pl\/index.php\/kazania\/\">&lt;&lt; Powr\u00f3t do kaza\u0144<\/a><\/p>\n\n\n\n<div class=\"is-layout-flex wp-container-27 wp-block-columns\">\n<div class=\"is-layout-flow wp-block-column\" style=\"flex-basis:90%\">\n<div class=\"is-layout-flow wp-block-query\"><nav class=\"is-layout-flex wp-block-query-pagination\" aria-label=\"Stronicowanie\">\n\n\n<div class=\"wp-block-query-pagination-numbers\"><span aria-current=\"page\" class=\"page-numbers current\">1<\/span>\n<a class=\"page-numbers\" href=\"?query-13-page=2\">2<\/a>\n<a class=\"page-numbers\" href=\"?query-13-page=3\">3<\/a>\n<span class=\"page-numbers dots\">&hellip;<\/span>\n<a class=\"page-numbers\" href=\"?query-13-page=6\">6<\/a><\/div>\n\n<a href=\"\/index.php\/wp-json\/wp\/v2\/pages\/19421?query-13-page=2\" class=\"wp-block-query-pagination-next\">Nast\u0119pna strona<\/a>\n<\/nav>\n\n<ul class=\"is-layout-flow wp-block-post-template\"><li class=\"wp-block-post post-22251 post type-post status-publish format-video hentry category-ew-lukasza category-ew-mateusza category-kazania category-kazania-2023 category-ksiega-izajasza category-roy-stiff post_format-post-format-video\">\n\n<div class=\"is-layout-constrained wp-block-group\"><div class=\"wp-block-group__inner-container\">\n<div class=\"is-vertical is-layout-flex wp-container-3 wp-block-group\">\n<div class=\"is-vertical is-content-justification-left is-layout-flex wp-container-2 wp-block-group\"><h2 class=\"wp-block-post-title has-medium-font-size\">2023.04.02 &#8211; Roy Stiff<\/h2><\/div>\n<\/div>\n<\/div><\/div>\n\n\n<div class=\"is-layout-flow entry-content wp-block-post-content\">\n<p>Izajasza 40:21, 25, 27-31   |   \u0141ukasza 19:41-44   |   Mateusza 21:18-22<\/p>\n\n\n\n<figure class=\"wp-block-embed is-type-video is-provider-youtube wp-block-embed-youtube wp-embed-aspect-16-9 wp-has-aspect-ratio\"><div class=\"wp-block-embed__wrapper\">\n<iframe loading=\"lazy\" title=\"Nabo\u017ce\u0144stwo 20230402\" width=\"840\" height=\"473\" src=\"https:\/\/www.youtube.com\/embed\/FImFYR5QN6w?feature=oembed\" frameborder=\"0\" allow=\"accelerometer; autoplay; clipboard-write; encrypted-media; gyroscope; picture-in-picture; web-share\" allowfullscreen><\/iframe>\n<\/div><\/figure>\n<\/div>\n\n\n<hr class=\"wp-block-separator has-text-color has-dark-gray-color has-alpha-channel-opacity has-dark-gray-background-color has-background is-style-wide\"\/>\n\n<\/li><li class=\"wp-block-post post-22033 post type-post status-publish format-video hentry category-kazania category-kazania-2023 category-ksiega-izajasza category-roy-stiff post_format-post-format-video\">\n\n<div class=\"is-layout-constrained wp-block-group\"><div class=\"wp-block-group__inner-container\">\n<div class=\"is-vertical is-layout-flex wp-container-7 wp-block-group\">\n<div class=\"is-vertical is-content-justification-left is-layout-flex wp-container-6 wp-block-group\"><h2 class=\"wp-block-post-title has-medium-font-size\">2023.03.05 &#8211; Roy Stiff &#8211; Wyjd\u017a na wysok\u0105 g\u00f3r\u0119, czyli wszechmocny Pan przychodzi<\/h2><\/div>\n<\/div>\n<\/div><\/div>\n\n\n<div class=\"is-layout-flow entry-content wp-block-post-content\">\n<p>Izajasza 40:1-20<\/p>\n\n\n\n<figure class=\"wp-block-embed is-type-video is-provider-youtube wp-block-embed-youtube wp-embed-aspect-4-3 wp-has-aspect-ratio\"><div class=\"wp-block-embed__wrapper\">\n<iframe loading=\"lazy\" title=\"Nabo\u017ce\u0144stwo | 20230305\" width=\"840\" height=\"630\" src=\"https:\/\/www.youtube.com\/embed\/tSRuc4VkYTk?feature=oembed\" frameborder=\"0\" allow=\"accelerometer; autoplay; clipboard-write; encrypted-media; gyroscope; picture-in-picture; web-share\" allowfullscreen><\/iframe>\n<\/div><\/figure>\n<\/div>\n\n\n<hr class=\"wp-block-separator has-text-color has-dark-gray-color has-alpha-channel-opacity has-dark-gray-background-color has-background is-style-wide\"\/>\n\n<\/li><li class=\"wp-block-post post-19724 post type-post status-publish format-video hentry category-kazania category-kazania-2023 category-ksiega-izajasza category-roy-stiff post_format-post-format-video\">\n\n<div class=\"is-layout-constrained wp-block-group\"><div class=\"wp-block-group__inner-container\">\n<div class=\"is-vertical is-layout-flex wp-container-11 wp-block-group\">\n<div class=\"is-vertical is-content-justification-left is-layout-flex wp-container-10 wp-block-group\"><h2 class=\"wp-block-post-title has-medium-font-size\">2023.01.08 &#8211; Roy Stiff<\/h2><\/div>\n<\/div>\n<\/div><\/div>\n\n\n<div class=\"is-layout-flow entry-content wp-block-post-content\">\n<p>Izajasza 40:1-8<\/p>\n\n\n\n<figure class=\"wp-block-embed is-type-video is-provider-youtube wp-block-embed-youtube wp-embed-aspect-16-9 wp-has-aspect-ratio\"><div class=\"wp-block-embed__wrapper\">\n<iframe loading=\"lazy\" title=\"Nabo\u017ce\u0144stwo | 20230108\" width=\"840\" height=\"473\" src=\"https:\/\/www.youtube.com\/embed\/gNjtPBdO018?feature=oembed\" frameborder=\"0\" allow=\"accelerometer; autoplay; clipboard-write; encrypted-media; gyroscope; picture-in-picture; web-share\" allowfullscreen><\/iframe>\n<\/div><\/figure>\n<\/div>\n\n\n<hr class=\"wp-block-separator has-text-color has-dark-gray-color has-alpha-channel-opacity has-dark-gray-background-color has-background is-style-wide\"\/>\n\n<\/li><li class=\"wp-block-post post-19633 post type-post status-publish format-video hentry category-kazania category-kazania-2022 category-krzysztof-wantuch category-ksiega-izajasza post_format-post-format-video\">\n\n<div class=\"is-layout-constrained wp-block-group\"><div class=\"wp-block-group__inner-container\">\n<div class=\"is-vertical is-layout-flex wp-container-15 wp-block-group\">\n<div class=\"is-vertical is-content-justification-left is-layout-flex wp-container-14 wp-block-group\"><h2 class=\"wp-block-post-title has-medium-font-size\">2022.12.25 &#8211; Krzysztof Wantuch &#8211; \u015awiat\u0142o w ciemno\u015bci<\/h2><\/div>\n<\/div>\n<\/div><\/div>\n\n\n<div class=\"is-layout-flow entry-content wp-block-post-content\">\n<p>Izajasza 8:23-9:6<\/p>\n\n\n\n<figure class=\"wp-block-embed is-type-video is-provider-youtube wp-block-embed-youtube wp-embed-aspect-16-9 wp-has-aspect-ratio\"><div class=\"wp-block-embed__wrapper\">\n<iframe loading=\"lazy\" title=\"Nabo\u017ce\u0144stwo | 20221225\" width=\"840\" height=\"473\" src=\"https:\/\/www.youtube.com\/embed\/24nzETOarcg?feature=oembed\" frameborder=\"0\" allow=\"accelerometer; autoplay; clipboard-write; encrypted-media; gyroscope; picture-in-picture\" allowfullscreen><\/iframe>\n<\/div><\/figure>\n<\/div>\n\n\n<hr class=\"wp-block-separator has-text-color has-dark-gray-color has-alpha-channel-opacity has-dark-gray-background-color has-background is-style-wide\"\/>\n\n<\/li><li class=\"wp-block-post post-19410 post type-post status-publish format-video hentry category-dzieje-apostolskie category-ew-lukasza category-kazania category-kazania-2022 category-ksiega-izajasza category-objawienie-jana category-pierwszy-list-do-koryntian category-robert-miksa post_format-post-format-video\">\n\n<div class=\"is-layout-constrained wp-block-group\"><div class=\"wp-block-group__inner-container\">\n<div class=\"is-vertical is-layout-flex wp-container-19 wp-block-group\">\n<div class=\"is-vertical is-content-justification-left is-layout-flex wp-container-18 wp-block-group\"><h2 class=\"wp-block-post-title has-medium-font-size\">2022.05.01 &#8211; Robert Miksa &#8211; Nie b\u00f3j si\u0119, bo jestem z Tob\u0105<\/h2><\/div>\n<\/div>\n<\/div><\/div>\n\n\n<div class=\"is-layout-flow entry-content wp-block-post-content\">\n<p>Dzieje 18:1-11   |   1Koryntian 1:18   |   1Koryntian 1:22-24   |   1Koryntian 2:1-5   |   \u0141ukasza 10:10-12   |   Dzieje 20:26-27   |   Dzieje 17:26-27   |   Objawienie 2:4   |   Izajasza 43:1-2   |  1Koryntian  11:23-27   |   Izajasza 55:8-11<\/p>\n\n\n\n<figure class=\"wp-block-embed is-type-video is-provider-youtube wp-block-embed-youtube wp-embed-aspect-16-9 wp-has-aspect-ratio\"><div class=\"wp-block-embed__wrapper\">\n<iframe loading=\"lazy\" title=\"Nabo\u017ce\u0144stwo &amp; Wieczerza | 2022-04-24\" width=\"840\" height=\"473\" src=\"https:\/\/www.youtube.com\/embed\/pU1lJWkbDzY?feature=oembed\" frameborder=\"0\" allow=\"accelerometer; autoplay; clipboard-write; encrypted-media; gyroscope; picture-in-picture\" allowfullscreen><\/iframe>\n<\/div><\/figure>\n<\/div>\n\n\n<hr class=\"wp-block-separator has-text-color has-dark-gray-color has-alpha-channel-opacity has-dark-gray-background-color has-background is-style-wide\"\/>\n\n<\/li><\/ul>\n\n<nav class=\"is-layout-flex wp-block-query-pagination\" aria-label=\"Stronicowanie\">\n\n\n<div class=\"wp-block-query-pagination-numbers\"><span aria-current=\"page\" class=\"page-numbers current\">1<\/span>\n<a class=\"page-numbers\" href=\"?query-13-page=2\">2<\/a>\n<a class=\"page-numbers\" href=\"?query-13-page=3\">3<\/a>\n<span class=\"page-numbers dots\">&hellip;<\/span>\n<a class=\"page-numbers\" href=\"?query-13-page=6\">6<\/a><\/div>\n\n<a href=\"\/index.php\/wp-json\/wp\/v2\/pages\/19421?query-13-page=2\" class=\"wp-block-query-pagination-next\">Nast\u0119pna strona<\/a>\n<\/nav>\n\n<\/div>\n<\/div>\n\n\n\n<div class=\"is-layout-flow wp-block-column\" style=\"flex-basis:25%\"><\/div>\n<\/div>\n","protected":false},"excerpt":{"rendered":"<p>&lt;&lt; Powr\u00f3t do kaza\u0144<\/p>\n","protected":false},"author":33,"featured_media":0,"parent":0,"menu_order":0,"comment_status":"closed","ping_status":"closed","template":"","meta":[],"jetpack_sharing_enabled":true,"_links":{"self":[{"href":"http:\/\/www.gdansk.baptysci.pl\/index.php\/wp-json\/wp\/v2\/pages\/19421"}],"collection":[{"href":"http:\/\/www.gdansk.baptysci.pl\/index.php\/wp-json\/wp\/v2\/pages"}],"about":[{"href":"http:\/\/www.gdansk.baptysci.pl\/index.php\/wp-json\/wp\/v2\/types\/page"}],"author":[{"embeddable":true,"href":"http:\/\/www.gdansk.baptysci.pl\/index.php\/wp-json\/wp\/v2\/users\/33"}],"replies":[{"embeddable":true,"href":"http:\/\/www.gdansk.baptysci.pl\/index.php\/wp-json\/wp\/v2\/comments?post=19421"}],"version-history":[{"count":1,"href":"http:\/\/www.gdansk.baptysci.pl\/index.php\/wp-json\/wp\/v2\/pages\/19421\/revisions"}],"predecessor-version":[{"id":19430,"href":"http:\/\/www.gdansk.baptysci.pl\/index.php\/wp-json\/wp\/v2\/pages\/19421\/revisions\/19430"}],"wp:attachment":[{"href":"http:\/\/www.gdansk.baptysci.pl\/index.php\/wp-json\/wp\/v2\/media?parent=19421"}],"curies":[{"name":"wp","href":"https:\/\/api.w.org\/{rel}","templated":true}]}}