{"id":19362,"date":"2022-12-17T17:14:41","date_gmt":"2022-12-17T15:14:41","guid":{"rendered":"http:\/\/www.gdansk.baptysci.pl\/?page_id=19362"},"modified":"2023-02-04T12:21:29","modified_gmt":"2023-02-04T10:21:29","slug":"archiwum-2022","status":"publish","type":"page","link":"http:\/\/www.gdansk.baptysci.pl\/index.php\/archiwum-2022\/","title":{"rendered":"Multimedia 2022"},"content":{"rendered":"\n<p>2022 >> <a href=\"http:\/\/www.gdansk.baptysci.pl\/index.php\/archiwum-2021\/\" data-type=\"URL\" data-id=\"http:\/\/www.gdansk.baptysci.pl\/index.php\/archiwum-2021\/\">2021<\/a> >> <a href=\"http:\/\/www.gdansk.baptysci.pl\/index.php\/archiwum-2020\/\" data-type=\"URL\" data-id=\"http:\/\/www.gdansk.baptysci.pl\/index.php\/archiwum-2020\/\">2020<\/a> >> <a href=\"http:\/\/www.gdansk.baptysci.pl\/index.php\/archiwum-2016\/\" data-type=\"URL\" data-id=\"http:\/\/www.gdansk.baptysci.pl\/index.php\/archiwum-2016\/\">2016<\/a> >> <a href=\"http:\/\/www.gdansk.baptysci.pl\/index.php\/archiwum-2015\/\" data-type=\"URL\" data-id=\"http:\/\/www.gdansk.baptysci.pl\/index.php\/archiwum-2015\/\">2015<\/a> >> <a href=\"http:\/\/www.gdansk.baptysci.pl\/index.php\/archiwum-2013\/\" data-type=\"URL\" data-id=\"http:\/\/www.gdansk.baptysci.pl\/index.php\/archiwum-2013\/\">2013<\/a> >> <a href=\"http:\/\/www.gdansk.baptysci.pl\/index.php\/archiwum-2012\/\">2012<\/a> >> <a href=\"http:\/\/www.gdansk.baptysci.pl\/index.php\/archiwum-2011\/\" data-type=\"URL\" data-id=\"http:\/\/www.gdansk.baptysci.pl\/index.php\/archiwum-2011\/\">2011<\/a> >> <a href=\"http:\/\/www.gdansk.baptysci.pl\/index.php\/archiwum-2009\/\" data-type=\"URL\" data-id=\"http:\/\/www.gdansk.baptysci.pl\/index.php\/archiwum-2009\/\">2009<\/a><\/p>\n\n\n\n<hr class=\"wp-block-separator has-alpha-channel-opacity is-style-wide\"\/>\n\n\n\n<div class=\"is-layout-flex wp-container-22 wp-block-columns\">\n<div class=\"is-layout-flow wp-block-column\" style=\"flex-basis:90%\">\n<div class=\"is-layout-flow wp-block-query\"><ul class=\"is-layout-flow wp-block-post-template\"><li class=\"wp-block-post post-19468 post type-post status-publish format-video hentry category-spotkania-modlitewne category-multimedia category-multimedia-2022 post_format-post-format-video\">\n\n<div class=\"is-vertical is-layout-flex wp-container-3 wp-block-group\">\n<div class=\"is-vertical is-layout-flex wp-container-2 wp-block-group\">\n<div class=\"is-vertical is-layout-flex wp-container-1 wp-block-group\"><h2 class=\"wp-block-post-title\">2022.03.02 &#8211; Modlitwa o Ukrain\u0119<\/h2><\/div>\n<\/div>\n<\/div>\n\n\n<div class=\"is-layout-flow entry-content wp-block-post-content\">\n<figure class=\"wp-block-embed is-type-video is-provider-youtube wp-block-embed-youtube wp-embed-aspect-16-9 wp-has-aspect-ratio\"><div class=\"wp-block-embed__wrapper\">\n<iframe loading=\"lazy\" title=\"Modlitwa o Ukrain\u0119 | 20220302\" width=\"840\" height=\"473\" src=\"https:\/\/www.youtube.com\/embed\/Zq-AskQd6AY?feature=oembed\" frameborder=\"0\" allow=\"accelerometer; autoplay; clipboard-write; encrypted-media; gyroscope; picture-in-picture; web-share\" allowfullscreen><\/iframe>\n<\/div><\/figure>\n<\/div>\n\n\n<hr class=\"wp-block-separator has-text-color has-dark-gray-color has-alpha-channel-opacity has-dark-gray-background-color has-background is-style-wide\"\/>\n\n<\/li><li class=\"wp-block-post post-19463 post type-post status-publish format-video hentry category-mlodziezowka category-multimedia category-multimedia-2022 post_format-post-format-video\">\n\n<div class=\"is-vertical is-layout-flex wp-container-7 wp-block-group\">\n<div class=\"is-vertical is-layout-flex wp-container-6 wp-block-group\">\n<div class=\"is-vertical is-layout-flex wp-container-5 wp-block-group\"><h2 class=\"wp-block-post-title\">2022.03.11 &#8211; M\u0142odzie\u017cowy wiecz\u00f3r uwielbienia<\/h2><\/div>\n<\/div>\n<\/div>\n\n\n<div class=\"is-layout-flow entry-content wp-block-post-content\">\n<figure class=\"wp-block-embed is-type-video is-provider-youtube wp-block-embed-youtube wp-embed-aspect-16-9 wp-has-aspect-ratio\"><div class=\"wp-block-embed__wrapper\">\n<iframe loading=\"lazy\" title=\"M\u0142odzie\u017cowy Wiecz\u00f3r Uwielbienia  | 20220311\" width=\"840\" height=\"473\" src=\"https:\/\/www.youtube.com\/embed\/IUM6JgZhqEw?feature=oembed\" frameborder=\"0\" allow=\"accelerometer; autoplay; clipboard-write; encrypted-media; gyroscope; picture-in-picture\" allowfullscreen><\/iframe>\n<\/div><\/figure>\n<\/div>\n\n\n<hr class=\"wp-block-separator has-text-color has-dark-gray-color has-alpha-channel-opacity has-dark-gray-background-color has-background is-style-wide\"\/>\n\n<\/li><li class=\"wp-block-post post-19453 post type-post status-publish format-video hentry category-sluby category-multimedia category-multimedia-2022 post_format-post-format-video\">\n\n<div class=\"is-vertical is-layout-flex wp-container-11 wp-block-group\">\n<div class=\"is-vertical is-layout-flex wp-container-10 wp-block-group\">\n<div class=\"is-vertical is-layout-flex wp-container-9 wp-block-group\"><h2 class=\"wp-block-post-title\">2022.04.02 &#8211; \u015alub Emilii i Mateusza<\/h2><\/div>\n<\/div>\n<\/div>\n\n\n<div class=\"is-layout-flow entry-content wp-block-post-content\">\n<figure class=\"wp-block-embed is-type-video is-provider-youtube wp-block-embed-youtube wp-embed-aspect-16-9 wp-has-aspect-ratio\"><div class=\"wp-block-embed__wrapper\">\n<iframe loading=\"lazy\" title=\"\u015alub Emilii i Mateusza | Transmisja\" width=\"840\" height=\"473\" src=\"https:\/\/www.youtube.com\/embed\/iRxrzm_PPbs?feature=oembed\" frameborder=\"0\" allow=\"accelerometer; autoplay; clipboard-write; encrypted-media; gyroscope; picture-in-picture\" allowfullscreen><\/iframe>\n<\/div><\/figure>\n<\/div>\n\n\n<hr class=\"wp-block-separator has-text-color has-dark-gray-color has-alpha-channel-opacity has-dark-gray-background-color has-background is-style-wide\"\/>\n\n<\/li><li class=\"wp-block-post post-19365 post type-post status-publish format-video hentry category-uroczystosci-pogrzebowe category-multimedia category-multimedia-2022 post_format-post-format-video\">\n\n<div class=\"is-vertical is-layout-flex wp-container-15 wp-block-group\">\n<div class=\"is-vertical is-layout-flex wp-container-14 wp-block-group\">\n<div class=\"is-vertical is-layout-flex wp-container-13 wp-block-group\"><h2 class=\"wp-block-post-title\">2022.05.07 &#8211; Nabo\u017ce\u0144stwo \u017ca\u0142obne siostry Krysi Zawadzkiej<\/h2><\/div>\n<\/div>\n<\/div>\n\n\n<div class=\"is-layout-flow entry-content wp-block-post-content\">\n<figure class=\"wp-block-embed is-type-video is-provider-youtube wp-block-embed-youtube wp-embed-aspect-16-9 wp-has-aspect-ratio\"><div class=\"wp-block-embed__wrapper\">\n<iframe loading=\"lazy\" title=\"Nabo\u017ce\u0144stwo \u017ca\u0142obne - siostry Krysi Zawadzkiej | 20220507 g. 11:00\" width=\"840\" height=\"473\" src=\"https:\/\/www.youtube.com\/embed\/Ss2kh6D0KUg?feature=oembed\" frameborder=\"0\" allow=\"accelerometer; autoplay; clipboard-write; encrypted-media; gyroscope; picture-in-picture\" allowfullscreen><\/iframe>\n<\/div><\/figure>\n<\/div>\n\n\n<hr class=\"wp-block-separator has-text-color has-dark-gray-color has-alpha-channel-opacity has-dark-gray-background-color has-background is-style-wide\"\/>\n\n<\/li><\/ul>\n\n\n\n<\/div>\n<\/div>\n\n\n\n<div class=\"is-layout-flow wp-block-column\" style=\"flex-basis:25%\"><\/div>\n<\/div>\n","protected":false},"excerpt":{"rendered":"<p>2022 >> 2021 >> 2020 >> 2016 >> 2015 >> 2013 >> 2012 >> 2011 >> 2009<\/p>\n","protected":false},"author":33,"featured_media":0,"parent":0,"menu_order":0,"comment_status":"closed","ping_status":"closed","template":"","meta":[],"jetpack_sharing_enabled":true,"_links":{"self":[{"href":"http:\/\/www.gdansk.baptysci.pl\/index.php\/wp-json\/wp\/v2\/pages\/19362"}],"collection":[{"href":"http:\/\/www.gdansk.baptysci.pl\/index.php\/wp-json\/wp\/v2\/pages"}],"about":[{"href":"http:\/\/www.gdansk.baptysci.pl\/index.php\/wp-json\/wp\/v2\/types\/page"}],"author":[{"embeddable":true,"href":"http:\/\/www.gdansk.baptysci.pl\/index.php\/wp-json\/wp\/v2\/users\/33"}],"replies":[{"embeddable":true,"href":"http:\/\/www.gdansk.baptysci.pl\/index.php\/wp-json\/wp\/v2\/comments?post=19362"}],"version-history":[{"count":6,"href":"http:\/\/www.gdansk.baptysci.pl\/index.php\/wp-json\/wp\/v2\/pages\/19362\/revisions"}],"predecessor-version":[{"id":20407,"href":"http:\/\/www.gdansk.baptysci.pl\/index.php\/wp-json\/wp\/v2\/pages\/19362\/revisions\/20407"}],"wp:attachment":[{"href":"http:\/\/www.gdansk.baptysci.pl\/index.php\/wp-json\/wp\/v2\/media?parent=19362"}],"curies":[{"name":"wp","href":"https:\/\/api.w.org\/{rel}","templated":true}]}}