{"id":19229,"date":"2022-12-16T17:00:11","date_gmt":"2022-12-16T15:00:11","guid":{"rendered":"http:\/\/www.gdansk.baptysci.pl\/?page_id=19229"},"modified":"2022-12-16T17:00:11","modified_gmt":"2022-12-16T15:00:11","slug":"drugi-list-do-tymoteusza","status":"publish","type":"page","link":"http:\/\/www.gdansk.baptysci.pl\/index.php\/drugi-list-do-tymoteusza\/","title":{"rendered":"Drugi list do Tymoteusza"},"content":{"rendered":"\n<figure class=\"wp-block-image size-full is-resized\"><a href=\"http:\/\/www.gdansk.baptysci.pl\/wp-content\/uploads\/2014\/12\/bible_lightstock_169258_960x250.jpg\"><img data-attachment-id=\"590\" data-permalink=\"http:\/\/www.gdansk.baptysci.pl\/bible_lightstock_169258_960x250\/\" data-orig-file=\"http:\/\/www.gdansk.baptysci.pl\/wp-content\/uploads\/2014\/12\/bible_lightstock_169258_960x250.jpg\" data-orig-size=\"960,250\" data-comments-opened=\"1\" data-image-meta=\"{&quot;aperture&quot;:&quot;1.8&quot;,&quot;credit&quot;:&quot;&quot;,&quot;camera&quot;:&quot;Canon EOS 5D Mark II&quot;,&quot;caption&quot;:&quot;&quot;,&quot;created_timestamp&quot;:&quot;1412620382&quot;,&quot;copyright&quot;:&quot;&quot;,&quot;focal_length&quot;:&quot;50&quot;,&quot;iso&quot;:&quot;500&quot;,&quot;shutter_speed&quot;:&quot;0.008&quot;,&quot;title&quot;:&quot;&quot;,&quot;orientation&quot;:&quot;0&quot;}\" data-image-title=\"bible_lightstock_169258_960x250\" data-image-description=\"\" data-image-caption=\"\" data-medium-file=\"http:\/\/www.gdansk.baptysci.pl\/wp-content\/uploads\/2014\/12\/bible_lightstock_169258_960x250-300x78.jpg\" data-large-file=\"http:\/\/www.gdansk.baptysci.pl\/wp-content\/uploads\/2014\/12\/bible_lightstock_169258_960x250.jpg\" decoding=\"async\" loading=\"lazy\" src=\"http:\/\/www.gdansk.baptysci.pl\/wp-content\/uploads\/2014\/12\/bible_lightstock_169258_960x250.jpg\" alt=\"\" class=\"wp-image-590\" width=\"891\" height=\"232\" srcset=\"http:\/\/www.gdansk.baptysci.pl\/wp-content\/uploads\/2014\/12\/bible_lightstock_169258_960x250.jpg 960w, http:\/\/www.gdansk.baptysci.pl\/wp-content\/uploads\/2014\/12\/bible_lightstock_169258_960x250-300x78.jpg 300w\" sizes=\"(max-width: 709px) 85vw, (max-width: 909px) 67vw, (max-width: 1362px) 62vw, 840px\" \/><\/a><\/figure>\n\n\n\n<p><a href=\"http:\/\/www.gdansk.baptysci.pl\/index.php\/kazania\/\" data-type=\"URL\" data-id=\"http:\/\/www.gdansk.baptysci.pl\/index.php\/kazania\/\">&lt;&lt; Powr\u00f3t do kaza\u0144<\/a><\/p>\n\n\n\n<div class=\"is-layout-flex wp-container-27 wp-block-columns\">\n<div class=\"is-layout-flow wp-block-column\" style=\"flex-basis:90%\">\n<div class=\"is-layout-flow wp-block-query\"><nav class=\"is-layout-flex wp-block-query-pagination\" aria-label=\"Stronicowanie\">\n\n\n<div class=\"wp-block-query-pagination-numbers\"><span aria-current=\"page\" class=\"page-numbers current\">1<\/span>\n<a class=\"page-numbers\" href=\"?query-13-page=2\">2<\/a><\/div>\n\n<a href=\"\/index.php\/wp-json\/wp\/v2\/pages\/19229?query-13-page=2\" class=\"wp-block-query-pagination-next\">Nast\u0119pna strona<\/a>\n<\/nav>\n\n<ul class=\"is-layout-flow wp-block-post-template\"><li class=\"wp-block-post post-19702 post type-post status-publish format-video hentry category-drugi-list-do-tymoteusza category-dzieje-apostolskie category-kazania category-kazania-2023 category-krzysztof-wantuch category-list-do-kolosan post_format-post-format-video\">\n\n<div class=\"is-layout-constrained wp-block-group\"><div class=\"wp-block-group__inner-container\">\n<div class=\"is-vertical is-layout-flex wp-container-3 wp-block-group\">\n<div class=\"is-vertical is-content-justification-left is-layout-flex wp-container-2 wp-block-group\"><h2 class=\"wp-block-post-title has-medium-font-size\">2023.01.01 &#8211; Krzysztof Wantuch<\/h2><\/div>\n<\/div>\n<\/div><\/div>\n\n\n<div class=\"is-layout-flow entry-content wp-block-post-content\">\n<p>Dzieje 12:25-14:28   |   Dzieje 1:8   |   Kolosan 1:6   |   2Tymoteusza 3:11-12<\/p>\n\n\n\n<figure class=\"wp-block-embed is-type-video is-provider-youtube wp-block-embed-youtube wp-embed-aspect-16-9 wp-has-aspect-ratio\"><div class=\"wp-block-embed__wrapper\">\n<iframe loading=\"lazy\" title=\"Nabo\u017ce\u0144stwo | 20230101\" width=\"840\" height=\"473\" src=\"https:\/\/www.youtube.com\/embed\/7Q9Wsm73HbI?feature=oembed\" frameborder=\"0\" allow=\"accelerometer; autoplay; clipboard-write; encrypted-media; gyroscope; picture-in-picture; web-share\" allowfullscreen><\/iframe>\n<\/div><\/figure>\n<\/div>\n\n\n<hr class=\"wp-block-separator has-text-color has-dark-gray-color has-alpha-channel-opacity has-dark-gray-background-color has-background is-style-wide\"\/>\n\n<\/li><li class=\"wp-block-post post-19200 post type-post status-publish format-video hentry category-drugi-list-do-tymoteusza category-ew-jana category-ew-mateusza category-kazania category-kazania-2022 category-krzysztof-wantuch category-ksiega-powtorzonego-prawa category-objawienie-jana post_format-post-format-video\">\n\n<div class=\"is-layout-constrained wp-block-group\"><div class=\"wp-block-group__inner-container\">\n<div class=\"is-vertical is-layout-flex wp-container-7 wp-block-group\">\n<div class=\"is-vertical is-content-justification-left is-layout-flex wp-container-6 wp-block-group\"><h2 class=\"wp-block-post-title has-medium-font-size\">2022.11.13 &#8211; Krzysztof Wantuch<\/h2><\/div>\n<\/div>\n<\/div><\/div>\n\n\n<div class=\"is-layout-flow entry-content wp-block-post-content\">\n<p>2 Tymoteusza 4:1-8   |   2 Tymoteusza 3:16-17   |   Powt\u00f3rzonego Prawa 4:1-3   |    Objawienie 22:18-19   |   Jana 5:39   |   2 Tymoteusza 3:15   |   Mateusza 28:18-20<\/p>\n\n\n\n<figure class=\"wp-block-embed is-type-video is-provider-youtube wp-block-embed-youtube wp-embed-aspect-16-9 wp-has-aspect-ratio\"><div class=\"wp-block-embed__wrapper\">\n<iframe loading=\"lazy\" title=\"Nabo\u017ce\u0144stwo 20221113\" width=\"840\" height=\"473\" src=\"https:\/\/www.youtube.com\/embed\/o9ZBTV-8xbU?feature=oembed\" frameborder=\"0\" allow=\"accelerometer; autoplay; clipboard-write; encrypted-media; gyroscope; picture-in-picture\" allowfullscreen><\/iframe>\n<\/div><\/figure>\n<\/div>\n\n\n<hr class=\"wp-block-separator has-text-color has-dark-gray-color has-alpha-channel-opacity has-dark-gray-background-color has-background is-style-wide\"\/>\n\n<\/li><li class=\"wp-block-post post-19202 post type-post status-publish format-video hentry category-drugi-list-do-tymoteusza category-kazania category-kazania-2022 category-krzysztof-wantuch post_format-post-format-video\">\n\n<div class=\"is-layout-constrained wp-block-group\"><div class=\"wp-block-group__inner-container\">\n<div class=\"is-vertical is-layout-flex wp-container-11 wp-block-group\">\n<div class=\"is-vertical is-content-justification-left is-layout-flex wp-container-10 wp-block-group\"><h2 class=\"wp-block-post-title has-medium-font-size\">2022.11.06 &#8211; Krzysztof Wantuch &#8211; Gotowi do ponoszenia koszt\u00f3w<\/h2><\/div>\n<\/div>\n<\/div><\/div>\n\n\n<div class=\"is-layout-flow entry-content wp-block-post-content\">\n<p>2 Tymoteusza 2:1-13<\/p>\n\n\n\n<figure class=\"wp-block-embed is-type-video is-provider-youtube wp-block-embed-youtube wp-embed-aspect-16-9 wp-has-aspect-ratio\"><div class=\"wp-block-embed__wrapper\">\n<iframe loading=\"lazy\" title=\"Nabo\u017ce\u0144stwo 20221106\" width=\"840\" height=\"473\" src=\"https:\/\/www.youtube.com\/embed\/tTS99vymqoc?feature=oembed\" frameborder=\"0\" allow=\"accelerometer; autoplay; clipboard-write; encrypted-media; gyroscope; picture-in-picture\" allowfullscreen><\/iframe>\n<\/div><\/figure>\n<\/div>\n\n\n<hr class=\"wp-block-separator has-text-color has-dark-gray-color has-alpha-channel-opacity has-dark-gray-background-color has-background is-style-wide\"\/>\n\n<\/li><li class=\"wp-block-post post-20245 post type-post status-publish format-video hentry category-drugi-list-do-koryntian category-drugi-list-do-tymoteusza category-ew-lukasza category-ew-mateusza category-kazania category-kazania-2022 category-krzysztof-wantuch category-list-do-kolosan category-objawienie-jana category-pierwszy-list-piotra post_format-post-format-video\">\n\n<div class=\"is-layout-constrained wp-block-group\"><div class=\"wp-block-group__inner-container\">\n<div class=\"is-vertical is-layout-flex wp-container-15 wp-block-group\">\n<div class=\"is-vertical is-content-justification-left is-layout-flex wp-container-14 wp-block-group\"><h2 class=\"wp-block-post-title has-medium-font-size\">2022.10.23 &#8211; Krzysztof Wantuch<\/h2><\/div>\n<\/div>\n<\/div><\/div>\n\n\n<div class=\"is-layout-flow entry-content wp-block-post-content\">\n<p>2Tymoteusza 1:3-14   |   2Koryntian 11:23-27   |   2Tymoteusza 4:18   |   \u0141ukasza 9:51   |   Mateusza 28:19-20   |   1Piotra 2:9   |   Kolosan 1:28    |    Objawienie 12:11<\/p>\n\n\n\n<figure class=\"wp-block-embed is-type-video is-provider-youtube wp-block-embed-youtube\"><div class=\"wp-block-embed__wrapper\">\n<iframe loading=\"lazy\" title=\"Nabo\u017ce\u0144stwo 20221023\" width=\"840\" height=\"473\" src=\"https:\/\/www.youtube.com\/embed\/I4bK7ddxbec?feature=oembed\" frameborder=\"0\" allow=\"accelerometer; autoplay; clipboard-write; encrypted-media; gyroscope; picture-in-picture; web-share\" allowfullscreen><\/iframe>\n<\/div><\/figure>\n<\/div>\n\n\n<hr class=\"wp-block-separator has-text-color has-dark-gray-color has-alpha-channel-opacity has-dark-gray-background-color has-background is-style-wide\"\/>\n\n<\/li><li class=\"wp-block-post post-19470 post type-post status-publish format-video hentry category-drugi-list-do-tymoteusza category-ewangelia-marka category-kazania category-kazania-2022 category-krzysztof-wantuch category-objawienie-jana category-pierwszy-list-piotra post_format-post-format-video\">\n\n<div class=\"is-layout-constrained wp-block-group\"><div class=\"wp-block-group__inner-container\">\n<div class=\"is-vertical is-layout-flex wp-container-19 wp-block-group\">\n<div class=\"is-vertical is-content-justification-left is-layout-flex wp-container-18 wp-block-group\"><h2 class=\"wp-block-post-title has-medium-font-size\">2022.02.27 &#8211; Krzysztof Wantuch &#8211; Ko\u015bci\u00f3\u0142 na wojnie<\/h2><\/div>\n<\/div>\n<\/div><\/div>\n\n\n<div class=\"is-layout-flow entry-content wp-block-post-content\">\n<p>Marka 13:3-37   |   2Tymoteusza 3:14   |   2Tymoteusza 1:7   |   2Tymoteusza 4:1   |   Objawienie 12:11   |   1Piotra 2:9 <\/p>\n\n\n\n<figure class=\"wp-block-embed is-type-video is-provider-youtube wp-block-embed-youtube wp-embed-aspect-16-9 wp-has-aspect-ratio\"><div class=\"wp-block-embed__wrapper\">\n<iframe loading=\"lazy\" title=\"Nabo\u017ce\u0144stwo 20220227\" width=\"840\" height=\"473\" src=\"https:\/\/www.youtube.com\/embed\/MCyRyVP9Ybc?feature=oembed\" frameborder=\"0\" allow=\"accelerometer; autoplay; clipboard-write; encrypted-media; gyroscope; picture-in-picture\" allowfullscreen><\/iframe>\n<\/div><\/figure>\n<\/div>\n\n\n<hr class=\"wp-block-separator has-text-color has-dark-gray-color has-alpha-channel-opacity has-dark-gray-background-color has-background is-style-wide\"\/>\n\n<\/li><\/ul>\n\n<nav class=\"is-layout-flex wp-block-query-pagination\" aria-label=\"Stronicowanie\">\n\n\n<div class=\"wp-block-query-pagination-numbers\"><span aria-current=\"page\" class=\"page-numbers current\">1<\/span>\n<a class=\"page-numbers\" href=\"?query-13-page=2\">2<\/a><\/div>\n\n<a href=\"\/index.php\/wp-json\/wp\/v2\/pages\/19229?query-13-page=2\" class=\"wp-block-query-pagination-next\">Nast\u0119pna strona<\/a>\n<\/nav>\n\n<\/div>\n<\/div>\n\n\n\n<div class=\"is-layout-flow wp-block-column\" style=\"flex-basis:25%\"><\/div>\n<\/div>\n","protected":false},"excerpt":{"rendered":"<p>&lt;&lt; Powr\u00f3t do kaza\u0144<\/p>\n","protected":false},"author":33,"featured_media":0,"parent":0,"menu_order":0,"comment_status":"closed","ping_status":"closed","template":"","meta":[],"jetpack_sharing_enabled":true,"_links":{"self":[{"href":"http:\/\/www.gdansk.baptysci.pl\/index.php\/wp-json\/wp\/v2\/pages\/19229"}],"collection":[{"href":"http:\/\/www.gdansk.baptysci.pl\/index.php\/wp-json\/wp\/v2\/pages"}],"about":[{"href":"http:\/\/www.gdansk.baptysci.pl\/index.php\/wp-json\/wp\/v2\/types\/page"}],"author":[{"embeddable":true,"href":"http:\/\/www.gdansk.baptysci.pl\/index.php\/wp-json\/wp\/v2\/users\/33"}],"replies":[{"embeddable":true,"href":"http:\/\/www.gdansk.baptysci.pl\/index.php\/wp-json\/wp\/v2\/comments?post=19229"}],"version-history":[{"count":1,"href":"http:\/\/www.gdansk.baptysci.pl\/index.php\/wp-json\/wp\/v2\/pages\/19229\/revisions"}],"predecessor-version":[{"id":19241,"href":"http:\/\/www.gdansk.baptysci.pl\/index.php\/wp-json\/wp\/v2\/pages\/19229\/revisions\/19241"}],"wp:attachment":[{"href":"http:\/\/www.gdansk.baptysci.pl\/index.php\/wp-json\/wp\/v2\/media?parent=19229"}],"curies":[{"name":"wp","href":"https:\/\/api.w.org\/{rel}","templated":true}]}}