{"id":19193,"date":"2022-12-15T21:06:51","date_gmt":"2022-12-15T19:06:51","guid":{"rendered":"http:\/\/www.gdansk.baptysci.pl\/?page_id=19193"},"modified":"2022-12-15T21:06:51","modified_gmt":"2022-12-15T19:06:51","slug":"list-do-hebrajczykow","status":"publish","type":"page","link":"http:\/\/www.gdansk.baptysci.pl\/index.php\/list-do-hebrajczykow\/","title":{"rendered":"List do Hebrajczyk\u00f3w"},"content":{"rendered":"\n<figure class=\"wp-block-image size-full is-resized\"><a href=\"http:\/\/www.gdansk.baptysci.pl\/wp-content\/uploads\/2014\/12\/bible_lightstock_169258_960x250.jpg\"><img data-attachment-id=\"590\" data-permalink=\"http:\/\/www.gdansk.baptysci.pl\/bible_lightstock_169258_960x250\/\" data-orig-file=\"http:\/\/www.gdansk.baptysci.pl\/wp-content\/uploads\/2014\/12\/bible_lightstock_169258_960x250.jpg\" data-orig-size=\"960,250\" data-comments-opened=\"1\" data-image-meta=\"{&quot;aperture&quot;:&quot;1.8&quot;,&quot;credit&quot;:&quot;&quot;,&quot;camera&quot;:&quot;Canon EOS 5D Mark II&quot;,&quot;caption&quot;:&quot;&quot;,&quot;created_timestamp&quot;:&quot;1412620382&quot;,&quot;copyright&quot;:&quot;&quot;,&quot;focal_length&quot;:&quot;50&quot;,&quot;iso&quot;:&quot;500&quot;,&quot;shutter_speed&quot;:&quot;0.008&quot;,&quot;title&quot;:&quot;&quot;,&quot;orientation&quot;:&quot;0&quot;}\" data-image-title=\"bible_lightstock_169258_960x250\" data-image-description=\"\" data-image-caption=\"\" data-medium-file=\"http:\/\/www.gdansk.baptysci.pl\/wp-content\/uploads\/2014\/12\/bible_lightstock_169258_960x250-300x78.jpg\" data-large-file=\"http:\/\/www.gdansk.baptysci.pl\/wp-content\/uploads\/2014\/12\/bible_lightstock_169258_960x250.jpg\" decoding=\"async\" loading=\"lazy\" src=\"http:\/\/www.gdansk.baptysci.pl\/wp-content\/uploads\/2014\/12\/bible_lightstock_169258_960x250.jpg\" alt=\"\" class=\"wp-image-590\" width=\"891\" height=\"232\" srcset=\"http:\/\/www.gdansk.baptysci.pl\/wp-content\/uploads\/2014\/12\/bible_lightstock_169258_960x250.jpg 960w, http:\/\/www.gdansk.baptysci.pl\/wp-content\/uploads\/2014\/12\/bible_lightstock_169258_960x250-300x78.jpg 300w\" sizes=\"(max-width: 709px) 85vw, (max-width: 909px) 67vw, (max-width: 1362px) 62vw, 840px\" \/><\/a><\/figure>\n\n\n\n<p><a href=\"http:\/\/www.gdansk.baptysci.pl\/index.php\/kazania\/\" data-type=\"URL\" data-id=\"http:\/\/www.gdansk.baptysci.pl\/index.php\/kazania\/\">&lt;&lt; Powr\u00f3t do kaza\u0144<\/a><\/p>\n\n\n\n<div class=\"is-layout-flex wp-container-27 wp-block-columns\">\n<div class=\"is-layout-flow wp-block-column\" style=\"flex-basis:90%\">\n<div class=\"is-layout-flow wp-block-query\"><nav class=\"is-layout-flex wp-block-query-pagination\" aria-label=\"Stronicowanie\">\n\n\n<div class=\"wp-block-query-pagination-numbers\"><span aria-current=\"page\" class=\"page-numbers current\">1<\/span>\n<a class=\"page-numbers\" href=\"?query-13-page=2\">2<\/a>\n<a class=\"page-numbers\" href=\"?query-13-page=3\">3<\/a>\n<span class=\"page-numbers dots\">&hellip;<\/span>\n<a class=\"page-numbers\" href=\"?query-13-page=8\">8<\/a><\/div>\n\n<a href=\"\/index.php\/wp-json\/wp\/v2\/pages\/19193?query-13-page=2\" class=\"wp-block-query-pagination-next\">Nast\u0119pna strona<\/a>\n<\/nav>\n\n<ul class=\"is-layout-flow wp-block-post-template\"><li class=\"wp-block-post post-22381 post type-post status-publish format-standard hentry category-ew-mateusza category-kazania category-kazania-2023 category-krzysztof-wantuch category-ksiega-sedziow category-list-do-hebrajczykow category-list-do-kolosan category-list-do-rzymian\">\n\n<div class=\"is-layout-constrained wp-block-group\"><div class=\"wp-block-group__inner-container\">\n<div class=\"is-vertical is-layout-flex wp-container-3 wp-block-group\">\n<div class=\"is-vertical is-content-justification-left is-layout-flex wp-container-2 wp-block-group\"><h2 class=\"wp-block-post-title has-medium-font-size\">2023.09.17 &#8211; Krzysztof Wantuch &#8211; Bitwa o \u017cycie<\/h2><\/div>\n<\/div>\n<\/div><\/div>\n\n\n<div class=\"is-layout-flow entry-content wp-block-post-content\">\n<p>S\u0119dzi\u00f3w 7:9-25   |    Rzymian 8:16   |   Rzymian 8:38-39   |   Mateusza 28:19-20   |   Kolosan 1:29   |   Hebrajczyk\u00f3w 10:25   |   S\u0119dzi\u00f3w 7:16-20<\/p>\n\n\n\n<figure class=\"wp-block-embed is-type-video is-provider-youtube wp-block-embed-youtube wp-embed-aspect-16-9 wp-has-aspect-ratio\"><div class=\"wp-block-embed__wrapper\">\n<iframe loading=\"lazy\" title=\"Nabo\u017ce\u0144stwo | 2023.09.17\" width=\"840\" height=\"473\" src=\"https:\/\/www.youtube.com\/embed\/neoPkONy0GI?feature=oembed\" frameborder=\"0\" allow=\"accelerometer; autoplay; clipboard-write; encrypted-media; gyroscope; picture-in-picture; web-share\" allowfullscreen><\/iframe>\n<\/div><\/figure>\n<\/div>\n\n\n<hr class=\"wp-block-separator has-text-color has-dark-gray-color has-alpha-channel-opacity has-dark-gray-background-color has-background is-style-wide\"\/>\n\n<\/li><li class=\"wp-block-post post-22377 post type-post status-publish format-standard hentry category-drugi-list-do-koryntian category-kazania category-kazania-2023 category-krzysztof-wantuch category-ksiega-sedziow category-list-do-hebrajczykow\">\n\n<div class=\"is-layout-constrained wp-block-group\"><div class=\"wp-block-group__inner-container\">\n<div class=\"is-vertical is-layout-flex wp-container-7 wp-block-group\">\n<div class=\"is-vertical is-content-justification-left is-layout-flex wp-container-6 wp-block-group\"><h2 class=\"wp-block-post-title has-medium-font-size\">2023.09.03 &#8211; Krzysztof Wantuch &#8211; Drobna usterka, czy remont generalny?<\/h2><\/div>\n<\/div>\n<\/div><\/div>\n\n\n<div class=\"is-layout-flow entry-content wp-block-post-content\">\n<p>S\u0119dzi\u00f3w 6:33-7:8   |   Hebrajczyk\u00f3w 1:1-3   |   2Koryntian 12:9-10<\/p>\n\n\n\n<figure class=\"wp-block-embed is-type-video is-provider-youtube wp-block-embed-youtube wp-embed-aspect-16-9 wp-has-aspect-ratio\"><div class=\"wp-block-embed__wrapper\">\n<iframe loading=\"lazy\" title=\"Nabo\u017ce\u0144stwo | 20230903\" width=\"840\" height=\"473\" src=\"https:\/\/www.youtube.com\/embed\/UiFOCpoYX3c?feature=oembed\" frameborder=\"0\" allow=\"accelerometer; autoplay; clipboard-write; encrypted-media; gyroscope; picture-in-picture; web-share\" allowfullscreen><\/iframe>\n<\/div><\/figure>\n<\/div>\n\n\n<hr class=\"wp-block-separator has-text-color has-dark-gray-color has-alpha-channel-opacity has-dark-gray-background-color has-background is-style-wide\"\/>\n\n<\/li><li class=\"wp-block-post post-22341 post type-post status-publish format-video hentry category-drugi-list-do-koryntian category-dzieje-apostolskie category-ew-jana category-kazania category-kazania-2023 category-ksiega-rodzaju category-list-do-efezjan category-list-do-hebrajczykow category-list-do-rzymian category-roy-stiff post_format-post-format-video\">\n\n<div class=\"is-layout-constrained wp-block-group\"><div class=\"wp-block-group__inner-container\">\n<div class=\"is-vertical is-layout-flex wp-container-11 wp-block-group\">\n<div class=\"is-vertical is-content-justification-left is-layout-flex wp-container-10 wp-block-group\"><h2 class=\"wp-block-post-title has-medium-font-size\">2023.06.18 &#8211; Roy Stiff<\/h2><\/div>\n<\/div>\n<\/div><\/div>\n\n\n<div class=\"is-layout-flow entry-content wp-block-post-content\">\n<p>Dzieje Apostolskie 1:9   |   Hebrajczyk\u00f3w 9:11-12   |   Efezjan 1:19-20   |   Jana 16:7   |   2Koryntian 5:17   |   Rzymian 6:4   |   Rodzaju  1:26<\/p>\n\n\n\n<figure class=\"wp-block-embed is-type-video is-provider-youtube wp-block-embed-youtube wp-embed-aspect-4-3 wp-has-aspect-ratio\"><div class=\"wp-block-embed__wrapper\">\n<iframe loading=\"lazy\" title=\"Nabo\u017ce\u0144stwo 20230618\" width=\"840\" height=\"630\" src=\"https:\/\/www.youtube.com\/embed\/AHGM5ciESM8?feature=oembed\" frameborder=\"0\" allow=\"accelerometer; autoplay; clipboard-write; encrypted-media; gyroscope; picture-in-picture; web-share\" allowfullscreen><\/iframe>\n<\/div><\/figure>\n<\/div>\n\n\n<hr class=\"wp-block-separator has-text-color has-dark-gray-color has-alpha-channel-opacity has-dark-gray-background-color has-background is-style-wide\"\/>\n\n<\/li><li class=\"wp-block-post post-22284 post type-post status-publish format-video hentry category-kazania category-kazania-2023 category-krzysztof-wantuch category-ksiega-powtorzonego-prawa category-ksiega-rodzaju category-list-do-hebrajczykow category-objawienie-jana category-pierwszy-list-jana post_format-post-format-video\">\n\n<div class=\"is-layout-constrained wp-block-group\"><div class=\"wp-block-group__inner-container\">\n<div class=\"is-vertical is-layout-flex wp-container-15 wp-block-group\">\n<div class=\"is-vertical is-content-justification-left is-layout-flex wp-container-14 wp-block-group\"><h2 class=\"wp-block-post-title has-medium-font-size\">2023.04.23 &#8211; Krzysztof Wantuch &#8211; Oznaczeni \u0142ask\u0105<\/h2><\/div>\n<\/div>\n<\/div><\/div>\n\n\n<div class=\"is-layout-flow entry-content wp-block-post-content\">\n<p>Rodzaju 4:1-16   |   Rodzaju 3:15   |   Powt\u00f3rzonego Prawa 31:16-17   |   Powt\u00f3rzonego Prawa 30:1-3, 6   |   1Jana 1:8-9   |   Hebrajczyk\u00f3w 12:24   |   Objawienie 14:1<\/p>\n\n\n\n<figure class=\"wp-block-embed is-type-video is-provider-youtube wp-block-embed-youtube wp-embed-aspect-16-9 wp-has-aspect-ratio\"><div class=\"wp-block-embed__wrapper\">\n<iframe loading=\"lazy\" title=\"Nabo\u017ce\u0144stwo 20230423\" width=\"840\" height=\"473\" src=\"https:\/\/www.youtube.com\/embed\/Xult0hTNnyY?feature=oembed\" frameborder=\"0\" allow=\"accelerometer; autoplay; clipboard-write; encrypted-media; gyroscope; picture-in-picture; web-share\" allowfullscreen><\/iframe>\n<\/div><\/figure>\n<\/div>\n\n\n<hr class=\"wp-block-separator has-text-color has-dark-gray-color has-alpha-channel-opacity has-dark-gray-background-color has-background is-style-wide\"\/>\n\n<\/li><li class=\"wp-block-post post-20243 post type-post status-publish format-video hentry category-ew-mateusza category-kazania category-kazania-2023 category-krzysztof-wantuch category-list-do-efezjan category-list-do-hebrajczykow category-list-do-kolosan category-list-do-rzymian category-list-do-tytusa category-pierwszy-list-do-koryntian category-pierwszy-list-jana post_format-post-format-video\">\n\n<div class=\"is-layout-constrained wp-block-group\"><div class=\"wp-block-group__inner-container\">\n<div class=\"is-vertical is-layout-flex wp-container-19 wp-block-group\">\n<div class=\"is-vertical is-content-justification-left is-layout-flex wp-container-18 wp-block-group\"><h2 class=\"wp-block-post-title has-medium-font-size\">2023.01.29 &#8211; Krzysztof Wantuch &#8211; Przemienione \u017cycie<\/h2><\/div>\n<\/div>\n<\/div><\/div>\n\n\n<div class=\"is-layout-flow entry-content wp-block-post-content\">\n<p>Kolosan 1:3-8   |   Rzymian 10:17   |   Hebrajczyk\u00f3w 11:6   |   1Jana 3:14   |   Mateusza 5:44   |   1Koryntian 13:13   |   Efezjan 1:18   |   Efezjan 2:8  |   Rzymian 5:5   |   Tytusa 1:3   |   Mateusza 28:20   |   1Korynian 2:4<\/p>\n\n\n\n<figure class=\"wp-block-embed is-type-video is-provider-youtube wp-block-embed-youtube wp-embed-aspect-16-9 wp-has-aspect-ratio\"><div class=\"wp-block-embed__wrapper\">\n<iframe loading=\"lazy\" title=\"Nabo\u017ce\u0144stwo | 20230129\" width=\"840\" height=\"473\" src=\"https:\/\/www.youtube.com\/embed\/N2sOa2DNIAM?feature=oembed\" frameborder=\"0\" allow=\"accelerometer; autoplay; clipboard-write; encrypted-media; gyroscope; picture-in-picture; web-share\" allowfullscreen><\/iframe>\n<\/div><\/figure>\n<\/div>\n\n\n<hr class=\"wp-block-separator has-text-color has-dark-gray-color has-alpha-channel-opacity has-dark-gray-background-color has-background is-style-wide\"\/>\n\n<\/li><\/ul>\n\n<nav class=\"is-layout-flex wp-block-query-pagination\" aria-label=\"Stronicowanie\">\n\n\n<div class=\"wp-block-query-pagination-numbers\"><span aria-current=\"page\" class=\"page-numbers current\">1<\/span>\n<a class=\"page-numbers\" href=\"?query-13-page=2\">2<\/a>\n<a class=\"page-numbers\" href=\"?query-13-page=3\">3<\/a>\n<span class=\"page-numbers dots\">&hellip;<\/span>\n<a class=\"page-numbers\" href=\"?query-13-page=8\">8<\/a><\/div>\n\n<a href=\"\/index.php\/wp-json\/wp\/v2\/pages\/19193?query-13-page=2\" class=\"wp-block-query-pagination-next\">Nast\u0119pna strona<\/a>\n<\/nav>\n\n<\/div>\n<\/div>\n\n\n\n<div class=\"is-layout-flow wp-block-column\" style=\"flex-basis:25%\"><\/div>\n<\/div>\n","protected":false},"excerpt":{"rendered":"<p>&lt;&lt; Powr\u00f3t do kaza\u0144<\/p>\n","protected":false},"author":33,"featured_media":0,"parent":0,"menu_order":0,"comment_status":"closed","ping_status":"closed","template":"","meta":[],"jetpack_sharing_enabled":true,"_links":{"self":[{"href":"http:\/\/www.gdansk.baptysci.pl\/index.php\/wp-json\/wp\/v2\/pages\/19193"}],"collection":[{"href":"http:\/\/www.gdansk.baptysci.pl\/index.php\/wp-json\/wp\/v2\/pages"}],"about":[{"href":"http:\/\/www.gdansk.baptysci.pl\/index.php\/wp-json\/wp\/v2\/types\/page"}],"author":[{"embeddable":true,"href":"http:\/\/www.gdansk.baptysci.pl\/index.php\/wp-json\/wp\/v2\/users\/33"}],"replies":[{"embeddable":true,"href":"http:\/\/www.gdansk.baptysci.pl\/index.php\/wp-json\/wp\/v2\/comments?post=19193"}],"version-history":[{"count":1,"href":"http:\/\/www.gdansk.baptysci.pl\/index.php\/wp-json\/wp\/v2\/pages\/19193\/revisions"}],"predecessor-version":[{"id":19196,"href":"http:\/\/www.gdansk.baptysci.pl\/index.php\/wp-json\/wp\/v2\/pages\/19193\/revisions\/19196"}],"wp:attachment":[{"href":"http:\/\/www.gdansk.baptysci.pl\/index.php\/wp-json\/wp\/v2\/media?parent=19193"}],"curies":[{"name":"wp","href":"https:\/\/api.w.org\/{rel}","templated":true}]}}