{"id":18917,"date":"2022-12-14T17:11:55","date_gmt":"2022-12-14T15:11:55","guid":{"rendered":"http:\/\/www.gdansk.baptysci.pl\/?page_id=18917"},"modified":"2023-02-04T12:20:28","modified_gmt":"2023-02-04T10:20:28","slug":"archiwum-2020","status":"publish","type":"page","link":"http:\/\/www.gdansk.baptysci.pl\/index.php\/archiwum-2020\/","title":{"rendered":"Multimedia 2020"},"content":{"rendered":"\n<p><a href=\"http:\/\/www.gdansk.baptysci.pl\/index.php\/archiwum-2022\/\" data-type=\"URL\" data-id=\"http:\/\/www.gdansk.baptysci.pl\/index.php\/archiwum-2022\/\">2022<\/a> >> <a href=\"http:\/\/www.gdansk.baptysci.pl\/index.php\/archiwum-2021\/\" data-type=\"URL\" data-id=\"http:\/\/www.gdansk.baptysci.pl\/index.php\/archiwum-2021\/\">2021<\/a> >> 2020 >> <a href=\"http:\/\/www.gdansk.baptysci.pl\/index.php\/archiwum-2016\/\" data-type=\"URL\" data-id=\"http:\/\/www.gdansk.baptysci.pl\/index.php\/archiwum-2016\/\">2016<\/a> >> <a href=\"http:\/\/www.gdansk.baptysci.pl\/index.php\/archiwum-2015\/\" data-type=\"URL\" data-id=\"http:\/\/www.gdansk.baptysci.pl\/index.php\/archiwum-2015\/\">2015<\/a> >> <a href=\"http:\/\/www.gdansk.baptysci.pl\/index.php\/archiwum-2013\/\" data-type=\"URL\" data-id=\"http:\/\/www.gdansk.baptysci.pl\/index.php\/archiwum-2013\/\">2013<\/a> >> <a href=\"http:\/\/www.gdansk.baptysci.pl\/index.php\/archiwum-2012\/\">2012<\/a> >> <a href=\"http:\/\/www.gdansk.baptysci.pl\/index.php\/archiwum-2011\/\" data-type=\"URL\" data-id=\"http:\/\/www.gdansk.baptysci.pl\/index.php\/archiwum-2011\/\">2011<\/a> >> <a href=\"http:\/\/www.gdansk.baptysci.pl\/index.php\/archiwum-2009\/\" data-type=\"URL\" data-id=\"http:\/\/www.gdansk.baptysci.pl\/index.php\/archiwum-2009\/\">2009<\/a><\/p>\n\n\n\n<hr class=\"wp-block-separator has-alpha-channel-opacity is-style-wide\"\/>\n\n\n\n<div class=\"is-layout-flex wp-container-14 wp-block-columns\">\n<div class=\"is-layout-flow wp-block-column\" style=\"flex-basis:90%\">\n<div class=\"is-layout-flow wp-block-query\"><ul class=\"is-layout-flow wp-block-post-template\"><li class=\"wp-block-post post-9219 post type-post status-publish format-standard hentry category-uroczystosci-pogrzebowe category-multimedia category-multimedia-2020\">\n\n<div class=\"is-vertical is-layout-flex wp-container-1 wp-block-group\"><h2 class=\"wp-block-post-title\">2020.11.21 &#8211; Transmisje z pogrzebu brata Igora Barna<\/h2><\/div>\n\n\n<div class=\"is-layout-flow entry-content wp-block-post-content\">\n<p>W dniu 2020-11-21 po\u017cegnali\u015bmy naszego kochanego tat\u0119, dziadka, brata, wujka, pastora i przyjaciela Igora Barna.<br>Odszed\u0142 do Pana przez\u0307ywszy 78 lat. S\u0142u\u017cy\u0142 mi\u0119dzy innymi zborom w Zielonej Go\u0301rze, Wa\u0142brzychu, Gda\u0144sku, Gdyni, S\u0301winoujs\u0301ciu, wspiera\u0142 m\u0142odszych kaznodziejo\u0301w, swoja\u0328 pastorska\u0328 emerytur\u0119 spe\u0328dzi\u0142 w Pierwszym Zborze w Gda\u0144sku, gdzie opiekowa\u0142 si\u0119 szczeg\u00f3lnie seniorami.<\/p>\n\n\n\n<p>Uroczysto\u015bci pogrzebowe w kaplicy zboru:<\/p>\n\n\n\n<div class=\"is-layout-flex wp-container-3 wp-block-columns\">\n<div class=\"is-layout-flow wp-block-column\" style=\"flex-basis:100%\">\n<figure class=\"wp-block-embed is-type-video is-provider-youtube wp-block-embed-youtube wp-embed-aspect-16-9 wp-has-aspect-ratio\"><div class=\"wp-block-embed__wrapper\">\n<iframe loading=\"lazy\" title=\"Pogrzeb Igora Barna | Nabo\u017ce\u0144stwo Po\u017cegnalne 20201121\" width=\"840\" height=\"473\" src=\"https:\/\/www.youtube.com\/embed\/xaMiiuZkoFc?feature=oembed\" frameborder=\"0\" allow=\"accelerometer; autoplay; clipboard-write; encrypted-media; gyroscope; picture-in-picture\" allowfullscreen><\/iframe>\n<\/div><\/figure>\n<\/div>\n<\/div>\n\n\n\n<p>Z\u0142o\u017cenie urny z prochami na cmentarzu:<\/p>\n\n\n\n<div class=\"is-layout-flex wp-container-5 wp-block-columns\">\n<div class=\"is-layout-flow wp-block-column\" style=\"flex-basis:100%\">\n<figure class=\"wp-block-embed is-type-video is-provider-youtube wp-block-embed-youtube wp-embed-aspect-16-9 wp-has-aspect-ratio\"><div class=\"wp-block-embed__wrapper\">\n<iframe loading=\"lazy\" title=\"Pogrzeb Igora Barna | Z\u0142o\u017cenie Urny 20201121\" width=\"840\" height=\"473\" src=\"https:\/\/www.youtube.com\/embed\/cGZTrCtd5G0?feature=oembed\" frameborder=\"0\" allow=\"accelerometer; autoplay; clipboard-write; encrypted-media; gyroscope; picture-in-picture\" allowfullscreen><\/iframe>\n<\/div><\/figure>\n<\/div>\n<\/div>\n\n\n\n<p>Kochany bracie nie \u017cegnamy si\u0119 na d\u0142ugo &#8211; do zobaczenia w domu Ojca!<\/p>\n<\/div>\n\n\n<hr class=\"wp-block-separator has-text-color has-dark-gray-color has-alpha-channel-opacity has-dark-gray-background-color has-background is-style-wide\"\/>\n\n<\/li><li class=\"wp-block-post post-19871 post type-post status-publish format-video hentry category-multimedia category-multimedia-2020 category-przedstawienia post_format-post-format-video\">\n\n<div class=\"is-vertical is-layout-flex wp-container-7 wp-block-group\"><h2 class=\"wp-block-post-title\">2020.12.27 &#8211; Co s\u0142ycha\u0107 w lesie?<\/h2><\/div>\n\n\n<div class=\"is-layout-flow entry-content wp-block-post-content\">\n<figure class=\"wp-block-embed is-type-video is-provider-youtube wp-block-embed-youtube wp-embed-aspect-16-9 wp-has-aspect-ratio\"><div class=\"wp-block-embed__wrapper\">\n<iframe loading=\"lazy\" title=\"Co s\u0142ycha\u0107 w lesie ?\" width=\"840\" height=\"473\" src=\"https:\/\/www.youtube.com\/embed\/HoN1J7aw5Tc?feature=oembed\" frameborder=\"0\" allow=\"accelerometer; autoplay; clipboard-write; encrypted-media; gyroscope; picture-in-picture; web-share\" allowfullscreen><\/iframe>\n<\/div><\/figure>\n<\/div>\n\n\n<hr class=\"wp-block-separator has-text-color has-dark-gray-color has-alpha-channel-opacity has-dark-gray-background-color has-background is-style-wide\"\/>\n\n<\/li><\/ul>\n\n\n\n<\/div>\n<\/div>\n\n\n\n<div class=\"is-layout-flow wp-block-column\" style=\"flex-basis:25%\"><\/div>\n<\/div>\n","protected":false},"excerpt":{"rendered":"<p>2022 >> 2021 >> 2020 >> 2016 >> 2015 >> 2013 >> 2012 >> 2011 >> 2009<\/p>\n","protected":false},"author":33,"featured_media":0,"parent":0,"menu_order":0,"comment_status":"closed","ping_status":"closed","template":"","meta":[],"jetpack_sharing_enabled":true,"_links":{"self":[{"href":"http:\/\/www.gdansk.baptysci.pl\/index.php\/wp-json\/wp\/v2\/pages\/18917"}],"collection":[{"href":"http:\/\/www.gdansk.baptysci.pl\/index.php\/wp-json\/wp\/v2\/pages"}],"about":[{"href":"http:\/\/www.gdansk.baptysci.pl\/index.php\/wp-json\/wp\/v2\/types\/page"}],"author":[{"embeddable":true,"href":"http:\/\/www.gdansk.baptysci.pl\/index.php\/wp-json\/wp\/v2\/users\/33"}],"replies":[{"embeddable":true,"href":"http:\/\/www.gdansk.baptysci.pl\/index.php\/wp-json\/wp\/v2\/comments?post=18917"}],"version-history":[{"count":19,"href":"http:\/\/www.gdansk.baptysci.pl\/index.php\/wp-json\/wp\/v2\/pages\/18917\/revisions"}],"predecessor-version":[{"id":20405,"href":"http:\/\/www.gdansk.baptysci.pl\/index.php\/wp-json\/wp\/v2\/pages\/18917\/revisions\/20405"}],"wp:attachment":[{"href":"http:\/\/www.gdansk.baptysci.pl\/index.php\/wp-json\/wp\/v2\/media?parent=18917"}],"curies":[{"name":"wp","href":"https:\/\/api.w.org\/{rel}","templated":true}]}}