{"id":18834,"date":"2022-12-14T14:54:47","date_gmt":"2022-12-14T12:54:47","guid":{"rendered":"http:\/\/www.gdansk.baptysci.pl\/?page_id=18834"},"modified":"2023-02-04T16:34:14","modified_gmt":"2023-02-04T14:34:14","slug":"multimedia","status":"publish","type":"page","link":"http:\/\/www.gdansk.baptysci.pl\/index.php\/multimedia\/","title":{"rendered":"Multimedia"},"content":{"rendered":"\n<p><a href=\"http:\/\/www.gdansk.baptysci.pl\/index.php\/archiwum-2022\/\" data-type=\"URL\" data-id=\"http:\/\/www.gdansk.baptysci.pl\/index.php\/archiwum-2022\/\">2022<\/a> &gt;&gt; <a href=\"http:\/\/www.gdansk.baptysci.pl\/index.php\/archiwum-2021\/\" data-type=\"URL\" data-id=\"http:\/\/www.gdansk.baptysci.pl\/index.php\/archiwum-2021\/\">2021<\/a> &gt;&gt; <a href=\"http:\/\/www.gdansk.baptysci.pl\/index.php\/archiwum-2020\/\" data-type=\"URL\" data-id=\"http:\/\/www.gdansk.baptysci.pl\/index.php\/archiwum-2020\/\">2020<\/a> &gt;&gt; <a href=\"http:\/\/www.gdansk.baptysci.pl\/index.php\/archiwum-2016\/\" data-type=\"URL\" data-id=\"http:\/\/www.gdansk.baptysci.pl\/index.php\/archiwum-2016\/\">2016<\/a> &gt;&gt; <a href=\"http:\/\/www.gdansk.baptysci.pl\/index.php\/archiwum-2015\/\" data-type=\"URL\" data-id=\"http:\/\/www.gdansk.baptysci.pl\/index.php\/archiwum-2015\/\">2015<\/a> &gt;&gt; <a href=\"http:\/\/www.gdansk.baptysci.pl\/index.php\/archiwum-2013\/\" data-type=\"URL\" data-id=\"http:\/\/www.gdansk.baptysci.pl\/index.php\/archiwum-2013\/\">2013<\/a> &gt;&gt; <a href=\"http:\/\/www.gdansk.baptysci.pl\/index.php\/archiwum-2012\/\">2012<\/a> &gt;&gt; <a href=\"http:\/\/www.gdansk.baptysci.pl\/index.php\/archiwum-2011\/\" data-type=\"URL\" data-id=\"http:\/\/www.gdansk.baptysci.pl\/index.php\/archiwum-2011\/\">2011<\/a> &gt;&gt; <a href=\"http:\/\/www.gdansk.baptysci.pl\/index.php\/archiwum-2009\/\" data-type=\"URL\" data-id=\"http:\/\/www.gdansk.baptysci.pl\/index.php\/archiwum-2009\/\">2009<\/a><\/p>\n\n\n\n<hr class=\"wp-block-separator has-alpha-channel-opacity is-style-wide\"\/>\n\n\n\n<p>Wydarzenia:<\/p>\n\n\n\n<ul>\n<li><a href=\"http:\/\/www.gdansk.baptysci.pl\/index.php\/chrzest\/\" data-type=\"URL\" data-id=\"http:\/\/www.gdansk.baptysci.pl\/index.php\/chrzest\/\">chrzest<\/a><\/li>\n\n\n\n<li><a href=\"http:\/\/www.gdansk.baptysci.pl\/index.php\/sluby\/\" data-type=\"URL\" data-id=\"http:\/\/www.gdansk.baptysci.pl\/index.php\/sluby\/\">\u015bluby<\/a><\/li>\n\n\n\n<li><a href=\"http:\/\/www.gdansk.baptysci.pl\/index.php\/koncerty\/\" data-type=\"URL\" data-id=\"http:\/\/www.gdansk.baptysci.pl\/index.php\/koncerty\/\">koncerty<\/a><\/li>\n\n\n\n<li><a href=\"http:\/\/www.gdansk.baptysci.pl\/index.php\/przedstawienia\/\" data-type=\"URL\" data-id=\"http:\/\/www.gdansk.baptysci.pl\/index.php\/przedstawienia\/\">przedstawienia<\/a><\/li>\n\n\n\n<li><a href=\"http:\/\/www.gdansk.baptysci.pl\/index.php\/spotkania-modlitewne\/\" data-type=\"URL\" data-id=\"http:\/\/www.gdansk.baptysci.pl\/index.php\/spotkania-modlitewne\/\">spotkania modlitewne<\/a><\/li>\n\n\n\n<li><a href=\"http:\/\/www.gdansk.baptysci.pl\/index.php\/swiadectwa\/\" data-type=\"URL\" data-id=\"http:\/\/www.gdansk.baptysci.pl\/index.php\/swiadectwa\/\">\u015bwiadectwa<\/a><\/li>\n\n\n\n<li><a href=\"http:\/\/www.gdansk.baptysci.pl\/index.php\/aktywnosci-mlodziezowe\/\" data-type=\"URL\" data-id=\"http:\/\/www.gdansk.baptysci.pl\/index.php\/aktywnosci-mlodziezowe\/\">aktywno\u015bci m\u0142odzie\u017cowe<\/a><\/li>\n\n\n\n<li><a href=\"http:\/\/www.gdansk.baptysci.pl\/index.php\/uroczystosci-pogrzebowe\/\" data-type=\"URL\" data-id=\"http:\/\/www.gdansk.baptysci.pl\/index.php\/uroczystosci-pogrzebowe\/\">uroczysto\u015bci pogrzebowe<\/a><\/li>\n<\/ul>\n","protected":false},"excerpt":{"rendered":"<p>2022 &gt;&gt; 2021 &gt;&gt; 2020 &gt;&gt; 2016 &gt;&gt; 2015 &gt;&gt; 2013 &gt;&gt; 2012 &gt;&gt; 2011 &gt;&gt; 2009 Wydarzenia:<\/p>\n","protected":false},"author":33,"featured_media":0,"parent":0,"menu_order":0,"comment_status":"closed","ping_status":"closed","template":"","meta":[],"jetpack_sharing_enabled":true,"_links":{"self":[{"href":"http:\/\/www.gdansk.baptysci.pl\/index.php\/wp-json\/wp\/v2\/pages\/18834"}],"collection":[{"href":"http:\/\/www.gdansk.baptysci.pl\/index.php\/wp-json\/wp\/v2\/pages"}],"about":[{"href":"http:\/\/www.gdansk.baptysci.pl\/index.php\/wp-json\/wp\/v2\/types\/page"}],"author":[{"embeddable":true,"href":"http:\/\/www.gdansk.baptysci.pl\/index.php\/wp-json\/wp\/v2\/users\/33"}],"replies":[{"embeddable":true,"href":"http:\/\/www.gdansk.baptysci.pl\/index.php\/wp-json\/wp\/v2\/comments?post=18834"}],"version-history":[{"count":19,"href":"http:\/\/www.gdansk.baptysci.pl\/index.php\/wp-json\/wp\/v2\/pages\/18834\/revisions"}],"predecessor-version":[{"id":20439,"href":"http:\/\/www.gdansk.baptysci.pl\/index.php\/wp-json\/wp\/v2\/pages\/18834\/revisions\/20439"}],"wp:attachment":[{"href":"http:\/\/www.gdansk.baptysci.pl\/index.php\/wp-json\/wp\/v2\/media?parent=18834"}],"curies":[{"name":"wp","href":"https:\/\/api.w.org\/{rel}","templated":true}]}}