{"id":18831,"date":"2022-12-14T14:54:46","date_gmt":"2022-12-14T12:54:46","guid":{"rendered":"http:\/\/www.gdansk.baptysci.pl\/?page_id=18831"},"modified":"2022-12-14T21:02:00","modified_gmt":"2022-12-14T19:02:00","slug":"rozwazania","status":"publish","type":"page","link":"http:\/\/www.gdansk.baptysci.pl\/index.php\/rozwazania\/","title":{"rendered":"Rozwa\u017cania"},"content":{"rendered":"\n<figure class=\"wp-block-image size-full is-resized\"><a href=\"http:\/\/www.gdansk.baptysci.pl\/wp-content\/uploads\/2015\/01\/flickr_MattChamplin.jpg\"><img data-attachment-id=\"579\" data-permalink=\"http:\/\/www.gdansk.baptysci.pl\/flickr_mattchamplin\/\" data-orig-file=\"http:\/\/www.gdansk.baptysci.pl\/wp-content\/uploads\/2015\/01\/flickr_MattChamplin.jpg\" data-orig-size=\"960,250\" data-comments-opened=\"1\" data-image-meta=\"{&quot;aperture&quot;:&quot;2&quot;,&quot;credit&quot;:&quot;Matt Champlin&quot;,&quot;camera&quot;:&quot;Canon EOS 7D&quot;,&quot;caption&quot;:&quot;&quot;,&quot;created_timestamp&quot;:&quot;1404157161&quot;,&quot;copyright&quot;:&quot;2013&quot;,&quot;focal_length&quot;:&quot;50&quot;,&quot;iso&quot;:&quot;100&quot;,&quot;shutter_speed&quot;:&quot;0.0004&quot;,&quot;title&quot;:&quot;&quot;,&quot;orientation&quot;:&quot;1&quot;}\" data-image-title=\"flickr_MattChamplin\" data-image-description=\"\" data-image-caption=\"\" data-medium-file=\"http:\/\/www.gdansk.baptysci.pl\/wp-content\/uploads\/2015\/01\/flickr_MattChamplin-300x78.jpg\" data-large-file=\"http:\/\/www.gdansk.baptysci.pl\/wp-content\/uploads\/2015\/01\/flickr_MattChamplin.jpg\" decoding=\"async\" loading=\"lazy\" src=\"http:\/\/www.gdansk.baptysci.pl\/wp-content\/uploads\/2015\/01\/flickr_MattChamplin.jpg\" alt=\"\" class=\"wp-image-579\" width=\"880\" height=\"229\" srcset=\"http:\/\/www.gdansk.baptysci.pl\/wp-content\/uploads\/2015\/01\/flickr_MattChamplin.jpg 960w, http:\/\/www.gdansk.baptysci.pl\/wp-content\/uploads\/2015\/01\/flickr_MattChamplin-300x78.jpg 300w\" sizes=\"(max-width: 709px) 85vw, (max-width: 909px) 67vw, (max-width: 1362px) 62vw, 840px\" \/><\/a><\/figure>\n\n\n\n<div class=\"is-layout-flow wp-block-query\"><nav class=\"is-layout-flex wp-block-query-pagination\" aria-label=\"Stronicowanie\">\n\n\n<div class=\"wp-block-query-pagination-numbers\"><span aria-current=\"page\" class=\"page-numbers current\">1<\/span>\n<a class=\"page-numbers\" href=\"?query-0-page=2\">2<\/a>\n<a class=\"page-numbers\" href=\"?query-0-page=3\">3<\/a>\n<span class=\"page-numbers dots\">&hellip;<\/span>\n<a class=\"page-numbers\" href=\"?query-0-page=5\">5<\/a><\/div>\n\n<a href=\"\/index.php\/wp-json\/wp\/v2\/pages\/18831?query-0-page=2\" class=\"wp-block-query-pagination-next\">Kolejny wpis<\/a>\n<\/nav>\n\n<ul class=\"is-layout-flow wp-block-post-template\"><li class=\"wp-block-post post-1932 post type-post status-publish format-standard has-post-thumbnail hentry category-rozwazania\">\n\n<div class=\"is-vertical is-layout-flex wp-container-2 wp-block-group\"><h2 class=\"wp-block-post-title\">Rozterki studenta &#8211; Robert Miksa<\/h2><\/div>\n\n\n<figure class=\"wp-block-post-featured-image\"><img width=\"400\" height=\"400\" src=\"http:\/\/www.gdansk.baptysci.pl\/wp-content\/uploads\/2015\/01\/robert-400x400.jpg\" class=\"attachment-post-thumbnail size-post-thumbnail wp-post-image\" alt=\"\" decoding=\"async\" loading=\"lazy\" style=\"height:150px;object-fit:contain;\" srcset=\"http:\/\/www.gdansk.baptysci.pl\/wp-content\/uploads\/2015\/01\/robert-400x400.jpg 400w, http:\/\/www.gdansk.baptysci.pl\/wp-content\/uploads\/2015\/01\/robert-150x150.jpg 150w, http:\/\/www.gdansk.baptysci.pl\/wp-content\/uploads\/2015\/01\/robert-300x300.jpg 300w, http:\/\/www.gdansk.baptysci.pl\/wp-content\/uploads\/2015\/01\/robert-100x100.jpg 100w, http:\/\/www.gdansk.baptysci.pl\/wp-content\/uploads\/2015\/01\/robert.jpg 530w\" sizes=\"(max-width: 709px) 85vw, (max-width: 909px) 67vw, (max-width: 984px) 60vw, (max-width: 1362px) 62vw, 840px\" data-attachment-id=\"852\" data-permalink=\"http:\/\/www.gdansk.baptysci.pl\/index.php\/2014\/12\/18\/boze-narodzenie-czy-narodzenie-panskie\/robert\/\" data-orig-file=\"http:\/\/www.gdansk.baptysci.pl\/wp-content\/uploads\/2015\/01\/robert.jpg\" data-orig-size=\"530,530\" data-comments-opened=\"1\" data-image-meta=\"{&quot;aperture&quot;:&quot;0&quot;,&quot;credit&quot;:&quot;&quot;,&quot;camera&quot;:&quot;&quot;,&quot;caption&quot;:&quot;&quot;,&quot;created_timestamp&quot;:&quot;0&quot;,&quot;copyright&quot;:&quot;&quot;,&quot;focal_length&quot;:&quot;0&quot;,&quot;iso&quot;:&quot;0&quot;,&quot;shutter_speed&quot;:&quot;0&quot;,&quot;title&quot;:&quot;&quot;,&quot;orientation&quot;:&quot;0&quot;}\" data-image-title=\"robert\" data-image-description=\"\" data-image-caption=\"\" data-medium-file=\"http:\/\/www.gdansk.baptysci.pl\/wp-content\/uploads\/2015\/01\/robert-300x300.jpg\" data-large-file=\"http:\/\/www.gdansk.baptysci.pl\/wp-content\/uploads\/2015\/01\/robert.jpg\" \/><\/figure>\n\n<div class=\"is-layout-flow entry-content wp-block-post-content\">\n<p>Kiedy jeszcze by\u0142em nastolatkiem, miewa\u0142em swoje rozterki,&nbsp;gdy przygotowuj\u0105c si\u0119 do zaj\u0119\u0107&nbsp;w szkole zastanawia\u0142em si\u0119 czy&nbsp;to nie strata czasu. Przecie\u017c jest&nbsp;tyle wa\u017cniejszych spraw. Ewangelizacja, spotkanie m\u0142odzie\u017cowe, nabo\u017ce\u0144stwo, ob\u00f3z chrze\u015bcija\u0144ski, itd, itd. Wydawa\u0142o mi si\u0119&nbsp;wtedy, \u017ce wszystko to, co wi\u0105\u017ce&nbsp;si\u0119 z naszym materialnym \u017cyciem, to z\u0142y \u015bwiat, kt\u00f3ry odci\u0105ga&nbsp;nas od Boga. Jemu za\u015b podoba&nbsp;si\u0119 jedynie to, co jest duchowe&nbsp;i niematerialne. Mia\u0142em wtedy&nbsp;g\u0142ow\u0119 pe\u0142n\u0105 takich \u201epobo\u017cnych\u201d&nbsp;wyobra\u017ce\u0144, kt\u00f3re pojawia\u0142y si\u0119&nbsp;tam nie pod wp\u0142ywem lektury&nbsp;S\u0142owa Bo\u017cego. By\u0142y raczej kalk\u0105 sposobu my\u015blenia tego \u015bwiata. Dopiero wiele lat p\u00f3\u017aniej dostrzeg\u0142em w Biblii takie zdania:&nbsp;\u201ePa\u0144ska jest ziemia i to, co j\u0105&nbsp;nape\u0142nia\u201d (1Kor 10:26). B\u00f3g&nbsp;objawia siebie w swoim stworzeniu. \u201eNie jest to mowa, nie s\u0105&nbsp;to s\u0142owa, a jednak [&#8230;] po ca\u0142ej&nbsp;ziemi rozbrzmiewa ich&nbsp;d\u017awi\u0119k\u201d (Ps 19).<\/p>\n\n\n\n<p>Do\u015b\u0107 powszechne wyobra\u017cenie&nbsp;o nauce jest takie, \u017ce to dziedzina zdominowana raczej przez&nbsp;ateist\u00f3w. Badania przeprowadzone w latach 90-tych przecz\u0105&nbsp;jednak takiemu wnioskowi. B\u00f3g&nbsp;naprawd\u0119 przemawia przez swoje stworzenie.Na pytanie o to: \u201eCzy wierzysz&nbsp;w istnienie Boga, kt\u00f3ry wys\u0142uchuje modlitw?\u201d oko\u0142o 60%&nbsp;naukowc\u00f3w odpowiedzia\u0142o pozytywnie. Mo\u017cna by to skomentowa\u0107 cytuj\u0105c Marka Twaina,&nbsp;kt\u00f3ry po przeczytaniu w gazecie&nbsp;w\u0142asnego nekrologu, napisa\u0142:&nbsp;\u201eInformacja o mojej \u015bmierci by\u0142a mocno przesadzona\u201d. Zamiast&nbsp;ufa\u0107 temu, co m\u00f3wi\u0105 media, lepiej zaj\u0105\u0107 si\u0119 prawdziw\u0105 nauk\u0105,&nbsp;kt\u00f3ra uprawiana uczciwie&nbsp;\u201eopowiada chwa\u0142\u0119 Boga\u201d.&nbsp;Faktycznie B\u00f3g \u201enapisa\u0142\u201d o sobie dwie, a nawet trzy \u201eksi\u0119gi\u201d.&nbsp;Pierwsza to jego stworzenie (Ps&nbsp;19, Rz 1,20nn). Druga, jego prorocy i aposto\u0142owie, kt\u00f3rych&nbsp;s\u0142owa zapisane zosta\u0142y w Biblii&nbsp;(Hbr 1,1). Trzeci\u0105 \u201eksi\u0119g\u0105\u201d jest&nbsp;Jezus, Mesjasz i jednorodzony&nbsp;Syn Bo\u017cy, kt\u00f3rego \u017cycie jest&nbsp;najlepszym odbiciem natury&nbsp;Boga. (Hbr 1,2).&nbsp;Dlaczego by nie studiowa\u0107&nbsp;wszystkich tych trzech \u201eksi\u0105g\u201d?<\/p>\n\n\n\n<p>\u201eO Panie, kt\u00f3ry\u015b jest \u017ar\u00f3d\u0142em&nbsp;wszelkiej m\u0105dro\u015bci i wiedzy, kt\u00f3ry\u015b pozwoli\u0142 mi zdobywa\u0107 wykszta\u0142cenie po to, \u017cebym m\u00f3g\u0142&nbsp;prowadzi\u0107 dobre i \u015bwi\u0119te \u017cycie,&nbsp;prosz\u0119 Ci\u0119, o\u015bwie\u0107 m\u00f3j umys\u0142,&nbsp;abym rozumia\u0142 wyk\u0142ady moich&nbsp;nauczycieli, obdarz mnie trwa\u0142\u0105&nbsp;pami\u0119ci\u0105, abym dok\u0142adnie&nbsp;przyswoi\u0142 sobie to, czego si\u0119&nbsp;ucz\u0119, wzbud\u017a w moim sercu&nbsp;szczer\u0105 ch\u0119\u0107 poczynienia jak&nbsp;najwi\u0119kszych, post\u0119p\u00f3w, abym&nbsp;nie zmarnowa\u0142 danego mi dzisiaj&nbsp;na nauk\u0119 czasu. Dlatego prosz\u0119&nbsp;Ci\u0119, Bo\u017ce, o Twego Ducha,&nbsp;Ducha poznania prawdy,&nbsp;m\u0105dro\u015bci i przenikliwo\u015bci, aby&nbsp;jak najwi\u0119kszy po\u017cytek&nbsp;przynios\u0142y wszystkie wysi\u0142ki,&nbsp;jakie w\u0142o\u017cono w moje&nbsp;wykszta\u0142cenie.<\/p>\n<\/div>\n\n\n<hr class=\"wp-block-separator has-text-color has-dark-gray-color has-alpha-channel-opacity has-dark-gray-background-color has-background is-style-wide\"\/>\n\n<\/li><\/ul>\n\n<nav class=\"is-layout-flex wp-block-query-pagination\" aria-label=\"Stronicowanie\">\n\n\n<div class=\"wp-block-query-pagination-numbers\"><span aria-current=\"page\" class=\"page-numbers current\">1<\/span>\n<a class=\"page-numbers\" href=\"?query-0-page=2\">2<\/a>\n<a class=\"page-numbers\" href=\"?query-0-page=3\">3<\/a>\n<span class=\"page-numbers dots\">&hellip;<\/span>\n<a class=\"page-numbers\" href=\"?query-0-page=5\">5<\/a><\/div>\n\n<a href=\"\/index.php\/wp-json\/wp\/v2\/pages\/18831?query-0-page=2\" class=\"wp-block-query-pagination-next\">Kolejny wpis<\/a>\n<\/nav>\n\n<\/div>\n","protected":false},"excerpt":{"rendered":"","protected":false},"author":33,"featured_media":0,"parent":0,"menu_order":0,"comment_status":"closed","ping_status":"closed","template":"","meta":[],"jetpack_sharing_enabled":true,"_links":{"self":[{"href":"http:\/\/www.gdansk.baptysci.pl\/index.php\/wp-json\/wp\/v2\/pages\/18831"}],"collection":[{"href":"http:\/\/www.gdansk.baptysci.pl\/index.php\/wp-json\/wp\/v2\/pages"}],"about":[{"href":"http:\/\/www.gdansk.baptysci.pl\/index.php\/wp-json\/wp\/v2\/types\/page"}],"author":[{"embeddable":true,"href":"http:\/\/www.gdansk.baptysci.pl\/index.php\/wp-json\/wp\/v2\/users\/33"}],"replies":[{"embeddable":true,"href":"http:\/\/www.gdansk.baptysci.pl\/index.php\/wp-json\/wp\/v2\/comments?post=18831"}],"version-history":[{"count":9,"href":"http:\/\/www.gdansk.baptysci.pl\/index.php\/wp-json\/wp\/v2\/pages\/18831\/revisions"}],"predecessor-version":[{"id":19038,"href":"http:\/\/www.gdansk.baptysci.pl\/index.php\/wp-json\/wp\/v2\/pages\/18831\/revisions\/19038"}],"wp:attachment":[{"href":"http:\/\/www.gdansk.baptysci.pl\/index.php\/wp-json\/wp\/v2\/media?parent=18831"}],"curies":[{"name":"wp","href":"https:\/\/api.w.org\/{rel}","templated":true}]}}