{"id":18607,"date":"2022-12-13T12:52:59","date_gmt":"2022-12-13T10:52:59","guid":{"rendered":"http:\/\/www.gdansk.baptysci.pl\/?page_id=18607"},"modified":"2024-06-11T18:25:11","modified_gmt":"2024-06-11T16:25:11","slug":"noclegi","status":"publish","type":"page","link":"http:\/\/www.gdansk.baptysci.pl\/index.php\/noclegi\/","title":{"rendered":"Noclegi"},"content":{"rendered":"\n<figure class=\"wp-block-image size-full is-resized\"><a href=\"http:\/\/www.gdansk.baptysci.pl\/wp-content\/uploads\/2020\/07\/noc-e1671044735671.png\"><img data-attachment-id=\"8066\" data-permalink=\"http:\/\/www.gdansk.baptysci.pl\/noc\/\" data-orig-file=\"http:\/\/www.gdansk.baptysci.pl\/wp-content\/uploads\/2020\/07\/noc-e1671044735671.png\" data-orig-size=\"613,190\" data-comments-opened=\"1\" data-image-meta=\"{&quot;aperture&quot;:&quot;0&quot;,&quot;credit&quot;:&quot;&quot;,&quot;camera&quot;:&quot;&quot;,&quot;caption&quot;:&quot;&quot;,&quot;created_timestamp&quot;:&quot;0&quot;,&quot;copyright&quot;:&quot;&quot;,&quot;focal_length&quot;:&quot;0&quot;,&quot;iso&quot;:&quot;0&quot;,&quot;shutter_speed&quot;:&quot;0&quot;,&quot;title&quot;:&quot;&quot;,&quot;orientation&quot;:&quot;0&quot;}\" data-image-title=\"noc\" data-image-description=\"\" data-image-caption=\"\" data-medium-file=\"http:\/\/www.gdansk.baptysci.pl\/wp-content\/uploads\/2020\/07\/noc-e1671044735671-300x93.png\" data-large-file=\"http:\/\/www.gdansk.baptysci.pl\/wp-content\/uploads\/2020\/07\/noc-e1671044735671.png\" decoding=\"async\" loading=\"lazy\" src=\"http:\/\/www.gdansk.baptysci.pl\/wp-content\/uploads\/2020\/07\/noc-e1671044735671.png\" alt=\"\" class=\"wp-image-8066\" width=\"840\" height=\"260\" srcset=\"http:\/\/www.gdansk.baptysci.pl\/wp-content\/uploads\/2020\/07\/noc-e1671044735671.png 613w, http:\/\/www.gdansk.baptysci.pl\/wp-content\/uploads\/2020\/07\/noc-e1671044735671-300x93.png 300w\" sizes=\"(max-width: 709px) 85vw, (max-width: 909px) 67vw, (max-width: 1362px) 62vw, 840px\" \/><\/a><\/figure>\n\n\n\n<h3><strong>Zapraszamy nad morze do Gda\u0144ska.<\/strong><\/h3>\n\n\n\n<p>Obiekt naszego Zboru ma bardzo dobr\u0105 lokalizacj\u0119: 15 min. pieszo do gda\u0144skiej Star\u00f3wki, dworca PKP, SKM i PKS, ponadto w pobli\u017cu znajduj\u0105 si\u0119 przystanki komunikacji miejskiej (autobus, tramwaj), sk\u0105d \u0142atwo i szybko mo\u017cna si\u0119 dosta\u0107 nad morze oraz do innych tr\u00f3jmiejskich atrakcji turystycznych. <\/p>\n\n\n\n<div class=\"is-vertical is-layout-flex wp-container-1 wp-block-group\">\n<p>W okolicy budynku zborowego znajduj\u0105 si\u0119 dwie pi\u0119kne, uporz\u0105dkowane powierzchnie parkowe z wiekowym drzewostanem i r\u00f3\u017cnorodn\u0105 ro\u015blinno\u015bci\u0105, stawem i fontann\u0105.<br>Parkowanie samochod\u00f3w bezp\u0142atne 100 m od budynku na parkingu wzd\u0142u\u017c ul. Bema. <\/p>\n\n\n\n<p>(przed\u0142u\u017cenie ul. D\u0105browskiego)<\/p>\n\n\n\n<p><br>Zjawiskowo\u015b\u0107 Tr\u00f3jmiasta, a tak\u017ce bogactwo propozycji dla turyst\u00f3w powoduj\u0105, \u017ce ka\u017cdy znajdzie tu co\u015b dla siebie, a w razie niepogody na pewno b\u0119dzie co robi\u0107.<\/p>\n<\/div>\n\n\n\n<p>Prosimy zapozna\u0107 si\u0119 ze szczeg\u00f3\u0142ami poszczeg\u00f3lnych ofert:<\/p>\n\n\n\n<ul>\n<li><a href=\"http:\/\/www.gdansk.baptysci.pl\/index.php\/apartament\/\" data-type=\"URL\" data-id=\"http:\/\/www.gdansk.baptysci.pl\/index.php\/apartament\/\">Apartament<\/a><\/li>\n\n\n\n<li><a href=\"http:\/\/www.gdansk.baptysci.pl\/index.php\/mieszkania\/\" data-type=\"URL\" data-id=\"http:\/\/www.gdansk.baptysci.pl\/index.php\/mieszkania\/\">Mieszkania<\/a><\/li>\n\n\n\n<li><a href=\"http:\/\/www.gdansk.baptysci.pl\/index.php\/pokoje\/\" data-type=\"URL\" data-id=\"http:\/\/www.gdansk.baptysci.pl\/index.php\/pokoje\/\">Pokoje<\/a><\/li>\n\n\n\n<li><a href=\"http:\/\/www.gdansk.baptysci.pl\/index.php\/akademik\/\" data-type=\"URL\" data-id=\"http:\/\/www.gdansk.baptysci.pl\/index.php\/akademik\/\">Akademik ca\u0142oroczny<\/a><\/li>\n<\/ul>\n\n\n\n<p>ZAPRASZAMY SERDECZNIE!<\/p>\n\n\n\n<div style=\"height:26px\" aria-hidden=\"true\" class=\"wp-block-spacer\"><\/div>\n\n\n\n<div class=\"is-content-justification-space-between is-layout-flex wp-container-5 wp-block-group\">\n<div class=\"is-vertical is-layout-flex wp-container-2 wp-block-group\">\n<p class=\"has-text-align-left\"><strong>Noclegi turystyczne, apartament, pokoje <\/strong><br><strong>&#8211; Kontakt koordynator:<\/strong><br>Marina Diachuk<\/p>\n\n\n\n<p>tel. 886 059 263<\/p>\n\n\n\n<div style=\"height:15px\" aria-hidden=\"true\" class=\"wp-block-spacer\"><\/div>\n<\/div>\n\n\n\n<div class=\"is-layout-constrained wp-block-group\"><div class=\"wp-block-group__inner-container\">\n<div class=\"is-vertical is-layout-flex wp-container-3 wp-block-group\">\n<p><strong>Wynajem d\u0142ugoterminowy <\/strong><br><strong>-Kontakt Administracja:<\/strong><br>Dorota Grybek<\/p>\n\n\n\n<p>tel. 509 381 941<br><\/p>\n<\/div>\n<\/div><\/div>\n\n\n\n<div style=\"height:26px\" aria-hidden=\"true\" class=\"wp-block-spacer\"><\/div>\n<\/div>\n\n\n\n<div style=\"height:26px\" aria-hidden=\"true\" class=\"wp-block-spacer\"><\/div>\n\n\n\n<p>Adres:<br>Ko\u015bci\u00f3\u0142 Chrze\u015bcijan Baptyst\u00f3w<br>Pierwszy Zb\u00f3r w Gda\u0144sku<br>ul. D\u0105browskiego 11<br>80-153 Gda\u0144sk<\/p>\n","protected":false},"excerpt":{"rendered":"<p>Zapraszamy nad morze do Gda\u0144ska. Obiekt naszego Zboru ma bardzo dobr\u0105 lokalizacj\u0119: 15 min. pieszo do gda\u0144skiej Star\u00f3wki, dworca PKP, SKM i PKS, ponadto w pobli\u017cu znajduj\u0105 si\u0119 przystanki komunikacji miejskiej (autobus, tramwaj), sk\u0105d \u0142atwo i szybko mo\u017cna si\u0119 dosta\u0107 nad morze oraz do innych tr\u00f3jmiejskich atrakcji turystycznych. W okolicy budynku zborowego znajduj\u0105 si\u0119 dwie &hellip; <a href=\"http:\/\/www.gdansk.baptysci.pl\/index.php\/noclegi\/\" class=\"more-link\">Czytaj dalej<span class=\"screen-reader-text\"> \u201eNoclegi\u201d<\/span><\/a><\/p>\n","protected":false},"author":33,"featured_media":0,"parent":0,"menu_order":0,"comment_status":"closed","ping_status":"closed","template":"","meta":[],"jetpack_sharing_enabled":true,"_links":{"self":[{"href":"http:\/\/www.gdansk.baptysci.pl\/index.php\/wp-json\/wp\/v2\/pages\/18607"}],"collection":[{"href":"http:\/\/www.gdansk.baptysci.pl\/index.php\/wp-json\/wp\/v2\/pages"}],"about":[{"href":"http:\/\/www.gdansk.baptysci.pl\/index.php\/wp-json\/wp\/v2\/types\/page"}],"author":[{"embeddable":true,"href":"http:\/\/www.gdansk.baptysci.pl\/index.php\/wp-json\/wp\/v2\/users\/33"}],"replies":[{"embeddable":true,"href":"http:\/\/www.gdansk.baptysci.pl\/index.php\/wp-json\/wp\/v2\/comments?post=18607"}],"version-history":[{"count":18,"href":"http:\/\/www.gdansk.baptysci.pl\/index.php\/wp-json\/wp\/v2\/pages\/18607\/revisions"}],"predecessor-version":[{"id":22442,"href":"http:\/\/www.gdansk.baptysci.pl\/index.php\/wp-json\/wp\/v2\/pages\/18607\/revisions\/22442"}],"wp:attachment":[{"href":"http:\/\/www.gdansk.baptysci.pl\/index.php\/wp-json\/wp\/v2\/media?parent=18607"}],"curies":[{"name":"wp","href":"https:\/\/api.w.org\/{rel}","templated":true}]}}